{"id":3872,"date":"2025-09-17T10:47:23","date_gmt":"2025-09-17T08:47:23","guid":{"rendered":"https:\/\/boreait.com\/hu\/?post_type=product&#038;p=3872"},"modified":"2026-01-14T09:15:21","modified_gmt":"2026-01-14T08:15:21","slug":"ventilator-asus-x451-x551-x451c-x551ca-x551c-x551ma-13nb0331p11111","status":"publish","type":"product","link":"https:\/\/boreait.com\/hu\/termek\/ventilator-asus-x451-x551-x451c-x551ca-x551c-x551ma-13nb0331p11111\/","title":{"rendered":"Ventil\u00e1tor: ASUS X451 X551 X451C X551CA X551C X551MA \/ 13NB0331P11111"},"content":{"rendered":"<p>N\u00f6velje Asus X451 X551 X451C X551CA X551C X551MA laptopja h\u0171t\u00e9si teljes\u00edtm\u00e9ny\u00e9t a 13NB0331P11111 CPU ventil\u00e1torh\u0171t\u0151 szerelv\u00e9nnyel. A laptop h\u0151kezel\u00e9s\u00e9nek optimaliz\u00e1l\u00e1s\u00e1ra tervezett, eredeti CPU-ventil\u00e1tor-h\u0171t\u0151egys\u00e9g megb\u00edzhat\u00f3 h\u0171t\u00e9st \u00e9s z\u00f6kken\u0151mentes integr\u00e1ci\u00f3t biztos\u00edt a tov\u00e1bbfejlesztett sz\u00e1m\u00edt\u00e1stechnikai \u00e9lm\u00e9ny \u00e9rdek\u00e9ben.<\/p>\n<p>A sz\u00e1m\u00edt\u00e1stechnika egyik megb\u00edzhat\u00f3 neve, az Asus \u00e1ltal gy\u00e1rtott 13NB0331P11111 CPU ventil\u00e1torh\u0171t\u0151 szerelv\u00e9nyt \u00fagy tervezt\u00e9k, hogy hat\u00e9kony h\u0151elvezet\u00e9st biztos\u00edtson. A laptop bels\u0151 h\u0171t\u0151rendszer\u00e9nek alapvet\u0151 elemek\u00e9nt ez a szerelv\u00e9ny kulcsfontoss\u00e1g\u00fa szerepet j\u00e1tszik a CPU optim\u00e1lis m\u0171k\u00f6d\u00e9si h\u0151m\u00e9rs\u00e9klet\u00e9nek fenntart\u00e1s\u00e1ban.<\/p>\n<p>Ak\u00e1r professzion\u00e1lis, aki er\u0151forr\u00e1s-ig\u00e9nyes alkalmaz\u00e1sokat futtat, vagy egy h\u00e9tk\u00f6znapi felhaszn\u00e1l\u00f3, aki egyenletes \u00e9s megszak\u00edt\u00e1s n\u00e9lk\u00fcli teljes\u00edtm\u00e9nyre v\u00e1gyik, ez a CPU-ventil\u00e1tor-h\u0171t\u0151egys\u00e9g biztos\u00edtja a sz\u00fcks\u00e9ges h\u0171t\u00e9si hat\u00e9konys\u00e1got. Seg\u00edt megel\u0151zni a t\u00falmeleged\u00e9st, ami a teljes\u00edtm\u00e9ny cs\u00f6kken\u00e9s\u00e9hez \u00e9s a laptop alkatr\u00e9szeinek esetleges k\u00e1rosod\u00e1s\u00e1hoz vezethet.<\/p>\n<p>A telep\u00edt\u00e9s egyszer\u0171 az \u00f6ssze\u00e1ll\u00edt\u00e1s kialak\u00edt\u00e1s\u00e1nak k\u00f6sz\u00f6nhet\u0151en, amely illeszkedik a laptop eredeti alkatr\u00e9szeihez. Az eredeti Asus alkatr\u00e9szek kiv\u00e1laszt\u00e1s\u00e1val laptopja h\u0171t\u0151rendszer\u00e9nek min\u0151s\u00e9g\u00e9be \u00e9s megb\u00edzhat\u00f3s\u00e1g\u00e1ba fektet be.<\/p>\n<p>Friss\u00edtse laptopja h\u0151kezel\u00e9s\u00e9t a 13NB0331P11111 Asus X451 X551 X451C X551CA X551C X551MA CPU ventil\u00e1torh\u0171t\u0151 szerelv\u00e9nnyel. \u00c9lvezze Asus X451 X551 X451C X551CA X551C X551MA laptopja jobb h\u0151elvezet\u00e9s\u00e9t, optim\u00e1lis CPU-h\u0151m\u00e9rs\u00e9klet\u00e9t \u00e9s megn\u00f6velt \u00e1ltal\u00e1nos teljes\u00edtm\u00e9ny\u00e9t. N\u00f6velje sz\u00e1m\u00edt\u00e1stechnikai \u00e9lm\u00e9ny\u00e9t ezzel a megb\u00edzhat\u00f3 \u00e9s hat\u00e9kony CPU-ventil\u00e1tor-h\u0171t\u0151egys\u00e9ggel.<\/p>\n<p>V\u00e1s\u00e1rl\u00e1s el\u0151tt ellen\u0151rizze, hogy kompatibilis-e az adott laptopmodellj\u00e9vel.<\/p>\n","protected":false},"excerpt":{"rendered":"<p>Jav\u00edtsa Asus X451 X551 X451C X551CA X551C X551MA laptopja h\u0171t\u00e9s\u00e9t a 13NB0331P11111 CPU ventil\u00e1torh\u0171t\u0151 szerelv\u00e9nnyel. A jobb teljes\u00edtm\u00e9ny \u00e9rdek\u00e9ben tartsa CPU-j\u00e1t optim\u00e1lis h\u0151m\u00e9rs\u00e9kleten.<\/p>\n","protected":false},"featured_media":3926,"template":"","meta":[],"product_brand":[],"product_cat":[33],"product_tag":[30],"class_list":{"0":"post-3872","1":"product","2":"type-product","3":"status-publish","4":"has-post-thumbnail","6":"product_cat-cpu-fans-heatsinks","7":"product_tag-asus","9":"first","10":"instock","11":"taxable","12":"shipping-taxable","13":"purchasable","14":"product-type-simple"},"_links":{"self":[{"href":"https:\/\/boreait.com\/hu\/wp-json\/wp\/v2\/product\/3872","targetHints":{"allow":["GET"]}}],"collection":[{"href":"https:\/\/boreait.com\/hu\/wp-json\/wp\/v2\/product"}],"about":[{"href":"https:\/\/boreait.com\/hu\/wp-json\/wp\/v2\/types\/product"}],"wp:featuredmedia":[{"embeddable":true,"href":"https:\/\/boreait.com\/hu\/wp-json\/wp\/v2\/media\/3926"}],"wp:attachment":[{"href":"https:\/\/boreait.com\/hu\/wp-json\/wp\/v2\/media?parent=3872"}],"wp:term":[{"taxonomy":"product_brand","embeddable":true,"href":"https:\/\/boreait.com\/hu\/wp-json\/wp\/v2\/product_brand?post=3872"},{"taxonomy":"product_cat","embeddable":true,"href":"https:\/\/boreait.com\/hu\/wp-json\/wp\/v2\/product_cat?post=3872"},{"taxonomy":"product_tag","embeddable":true,"href":"https:\/\/boreait.com\/hu\/wp-json\/wp\/v2\/product_tag?post=3872"}],"curies":[{"name":"wp","href":"https:\/\/api.w.org\/{rel}","templated":true}]}}