{"id":3871,"date":"2025-09-17T10:47:23","date_gmt":"2025-09-17T08:47:23","guid":{"rendered":"https:\/\/boreait.com\/hu\/?post_type=product&#038;p=3871"},"modified":"2026-01-09T13:59:32","modified_gmt":"2026-01-09T12:59:32","slug":"asus-sonicmaster-x553m-cpu-hutoventilator-mf60070v1-c320-s9a","status":"publish","type":"product","link":"https:\/\/boreait.com\/hu\/termek\/asus-sonicmaster-x553m-cpu-hutoventilator-mf60070v1-c320-s9a\/","title":{"rendered":"ASUS Sonicmaster X553M CPU H\u0170T\u0150VENTIL\u00c1TOR mf60070v1-c320-s9a"},"content":{"rendered":"<p>Az ASUS Sonicmaster X553M CPU h\u0171t\u0151ventil\u00e1tor mf60070v1-c320-s9a seg\u00edts\u00e9g\u00e9vel biztos\u00edthatja az optim\u00e1lis teljes\u00edtm\u00e9nyt \u00e9s megel\u0151zheti a t\u00falmeleged\u00e9st. Ezt a kiv\u00e1l\u00f3 min\u0151s\u00e9g\u0171 h\u0171t\u0151ventil\u00e1tort \u00fagy tervezt\u00e9k, hogy hat\u00e9konyan oszlassa el a h\u0151t, \u00edgy az ASUS Sonicmaster X553M laptop z\u00f6kken\u0151mentesen m\u0171k\u00f6dik.<\/p>\n<p>Kompatibilis: <span role=\"heading\" aria-level=\"3\">MF60070V1-C320-S9A ASUS X453 X453M X453MA X453S X453SA X403M X403S F403M<\/span><\/p>\n<p>Az ASUS szigor\u00fa min\u0151s\u00e9gi el\u0151\u00edr\u00e1sainak megfelel\u0151en kialak\u00edtott h\u0171t\u0151ventil\u00e1tor megb\u00edzhat\u00f3 \u00e9s hat\u00e9kony h\u0171t\u00e9st biztos\u00edt laptopja CPU-j\u00e1nak. Ide\u00e1lis helyettes\u00edt\u0151je az elhaszn\u00e1l\u00f3dott vagy hib\u00e1san m\u0171k\u00f6d\u0151 CPU h\u0171t\u0151ventil\u00e1tornak, seg\u00edt fenntartani a stabil h\u0151m\u00e9rs\u00e9kletet hosszabb haszn\u00e1lat sor\u00e1n.<\/p>\n<p>Az ASUS Sonicmaster X553M CPU h\u0171t\u0151ventil\u00e1tor beszerel\u00e9se gyerekj\u00e1t\u00e9k, k\u00f6sz\u00f6nhet\u0151en a prec\u00edzi\u00f3s kialak\u00edt\u00e1snak, amely illeszkedik a laptop eredeti alkatr\u00e9szeihez.<\/p>\n","protected":false},"excerpt":{"rendered":"<p>Ne hagyja, hogy a t\u00falmeleged\u00e9s akad\u00e1lyozza laptopja teljes\u00edtm\u00e9ny\u00e9t. Friss\u00edtsen az ASUS Sonicmaster X553M CPU h\u0171t\u0151ventil\u00e1torra, hogy laptopja a lehet\u0151 legjobban m\u0171k\u00f6dj\u00f6n. \u00c9lvezze a jobb teljes\u00edtm\u00e9nyt, a h\u0151vel kapcsolatos probl\u00e9m\u00e1k cs\u00f6kkent\u00e9s\u00e9t \u00e9s laptopja meghosszabb\u00edtott \u00e9lettartam\u00e1t.<\/p>\n","protected":false},"featured_media":3924,"template":"","meta":[],"product_brand":[],"product_cat":[33],"product_tag":[30],"class_list":{"0":"post-3871","1":"product","2":"type-product","3":"status-publish","4":"has-post-thumbnail","6":"product_cat-cpu-fans-heatsinks","7":"product_tag-asus","9":"first","10":"instock","11":"taxable","12":"shipping-taxable","13":"purchasable","14":"product-type-simple"},"_links":{"self":[{"href":"https:\/\/boreait.com\/hu\/wp-json\/wp\/v2\/product\/3871","targetHints":{"allow":["GET"]}}],"collection":[{"href":"https:\/\/boreait.com\/hu\/wp-json\/wp\/v2\/product"}],"about":[{"href":"https:\/\/boreait.com\/hu\/wp-json\/wp\/v2\/types\/product"}],"wp:featuredmedia":[{"embeddable":true,"href":"https:\/\/boreait.com\/hu\/wp-json\/wp\/v2\/media\/3924"}],"wp:attachment":[{"href":"https:\/\/boreait.com\/hu\/wp-json\/wp\/v2\/media?parent=3871"}],"wp:term":[{"taxonomy":"product_brand","embeddable":true,"href":"https:\/\/boreait.com\/hu\/wp-json\/wp\/v2\/product_brand?post=3871"},{"taxonomy":"product_cat","embeddable":true,"href":"https:\/\/boreait.com\/hu\/wp-json\/wp\/v2\/product_cat?post=3871"},{"taxonomy":"product_tag","embeddable":true,"href":"https:\/\/boreait.com\/hu\/wp-json\/wp\/v2\/product_tag?post=3871"}],"curies":[{"name":"wp","href":"https:\/\/api.w.org\/{rel}","templated":true}]}}