{"id":3870,"date":"2025-09-17T10:47:23","date_gmt":"2025-09-17T08:47:23","guid":{"rendered":"https:\/\/boreait.com\/hu\/?post_type=product&#038;p=3870"},"modified":"2026-01-09T13:59:16","modified_gmt":"2026-01-09T12:59:16","slug":"fujitsu-siemens-esprimo-mobile-v5535-ram-memoria-fedel-6070b0225211","status":"publish","type":"product","link":"https:\/\/boreait.com\/hu\/termek\/fujitsu-siemens-esprimo-mobile-v5535-ram-memoria-fedel-6070b0225211\/","title":{"rendered":"Fujitsu Siemens Esprimo Mobile V5535 RAM mem\u00f3ria fed\u00e9l 6070B0225211"},"content":{"rendered":"<p><strong>UGYANAZ A BOR\u00cdT\u00d3, MINT A FOT\u00d3N L\u00c1THAT\u00d3!<\/strong><\/p>\n<p>N\u00f6velje Fujitsu Siemens Esprimo Mobile V5535 laptopja teljes\u00edtm\u00e9ny\u00e9t a Fujitsu Siemens Esprimo Mobile V5535 RAM mem\u00f3ria 6070B0225211 fed\u00e9llel. A laptop RAM-ny\u00edl\u00e1saihoz val\u00f3 k\u00f6nny\u0171 hozz\u00e1f\u00e9r\u00e9st biztos\u00edt\u00f3 burkolat lehet\u0151v\u00e9 teszi a rendszermem\u00f3ria b\u0151v\u00edt\u00e9s\u00e9t \u00e9s friss\u00edt\u00e9s\u00e9t a nagyobb sebess\u00e9g \u00e9s t\u00f6bbfeladatos k\u00e9pess\u00e9g \u00e9rdek\u00e9ben.<\/p>\n<p>A Fujitsu Siemens, a sz\u00e1m\u00edt\u00e1stechnika egyik megb\u00edzhat\u00f3 neve \u00e1ltal gy\u00e1rtott 6070B0225211 RAM mem\u00f3riafed\u00e9l megb\u00edzhat\u00f3 v\u00e9delmet \u00e9s z\u00f6kken\u0151mentes integr\u00e1ci\u00f3t biztos\u00edt laptopj\u00e1val. A laptop bels\u0151 szerkezet\u00e9nek alapvet\u0151 elemek\u00e9nt ez a burkolat biztos\u00edtja, hogy a RAM modulok biztons\u00e1gosan \u00e9s biztons\u00e1gosan legyenek elhelyezve.<\/p>\n<p>A laptop RAM-j\u00e1nak b\u0151v\u00edt\u00e9se k\u00f6lts\u00e9ghat\u00e9kony m\u00f3dja a teljes\u00edtm\u00e9ny n\u00f6vel\u00e9s\u00e9nek, amely sim\u00e1bb t\u00f6bbfeladatos munkav\u00e9gz\u00e9st, gyorsabb alkalmaz\u00e1sbet\u00f6lt\u00e9st \u00e9s jobb \u00e1ltal\u00e1nos v\u00e1laszk\u00e9szs\u00e9get tesz lehet\u0151v\u00e9. Legyen sz\u00f3 professzion\u00e1lis, aki er\u0151forr\u00e1s-ig\u00e9nyes feladatokat int\u00e9z, vagy olyan felhaszn\u00e1l\u00f3, aki a mindennapi sz\u00e1m\u00edt\u00e1stechnik\u00e1t szeretn\u00e9 jav\u00edtani, ez a RAM bor\u00edt\u00e1s lehet\u0151v\u00e9 teszi, hogy a legt\u00f6bbet hozza ki laptopja k\u00e9pess\u00e9geib\u0151l.<\/p>\n<p>A telep\u00edt\u00e9s egyszer\u0171 az OEM-kialak\u00edt\u00e1snak k\u00f6sz\u00f6nhet\u0151en, amely t\u00f6k\u00e9letesen illeszkedik a laptop eredeti alkatr\u00e9szeihez. Az eredeti Fujitsu Siemens alkatr\u00e9szek kiv\u00e1laszt\u00e1s\u00e1val laptopja mem\u00f3riab\u0151v\u00edt\u00e9s\u00e9nek min\u0151s\u00e9g\u00e9be \u00e9s megb\u00edzhat\u00f3s\u00e1g\u00e1ba fektet be.<\/p>\n<p>N\u00f6velje laptopja teljes\u00edtm\u00e9ny\u00e9t a Fujitsu Siemens Esprimo Mobile V5535 6070B0225211 RAM mem\u00f3riafed\u00e9llel. Tapasztalja meg a gyorsabb sz\u00e1m\u00edt\u00e1stechnik\u00e1t, a tov\u00e1bbfejlesztett t\u00f6bbfeladatos munkav\u00e9gz\u00e9st \u00e9s a fokozott \u00e1ltal\u00e1nos v\u00e1laszk\u00e9szs\u00e9get. N\u00f6velje sz\u00e1m\u00edt\u00e1stechnikai \u00e9lm\u00e9ny\u00e9t ezzel a megb\u00edzhat\u00f3 \u00e9s hat\u00e9kony RAM-fed\u00e9llel.<\/p>\n<p>V\u00e1s\u00e1rl\u00e1s el\u0151tt ellen\u0151rizze, hogy kompatibilis-e az adott laptopmodellj\u00e9vel.<\/p>\n","protected":false},"excerpt":{"rendered":"<p>N\u00f6velje Fujitsu Siemens Esprimo Mobile V5535 laptopja teljes\u00edtm\u00e9ny\u00e9t a Fujitsu Siemens Esprimo Mobile V5535 RAM mem\u00f3ria 6070B0225211 fed\u00e9llel. Friss\u00edtse \u00e9s b\u0151v\u00edtse rendszere mem\u00f3ri\u00e1j\u00e1t a nagyobb sebess\u00e9g \u00e9s t\u00f6bbfeladatos munka \u00e9rdek\u00e9ben.<\/p>\n","protected":false},"featured_media":3912,"template":"","meta":[],"product_brand":[],"product_cat":[16],"product_tag":[28],"class_list":{"0":"post-3870","1":"product","2":"type-product","3":"status-publish","4":"has-post-thumbnail","6":"product_cat-laptop-housing","7":"product_tag-fujitsu","9":"first","10":"instock","11":"taxable","12":"shipping-taxable","13":"purchasable","14":"product-type-simple"},"_links":{"self":[{"href":"https:\/\/boreait.com\/hu\/wp-json\/wp\/v2\/product\/3870","targetHints":{"allow":["GET"]}}],"collection":[{"href":"https:\/\/boreait.com\/hu\/wp-json\/wp\/v2\/product"}],"about":[{"href":"https:\/\/boreait.com\/hu\/wp-json\/wp\/v2\/types\/product"}],"wp:featuredmedia":[{"embeddable":true,"href":"https:\/\/boreait.com\/hu\/wp-json\/wp\/v2\/media\/3912"}],"wp:attachment":[{"href":"https:\/\/boreait.com\/hu\/wp-json\/wp\/v2\/media?parent=3870"}],"wp:term":[{"taxonomy":"product_brand","embeddable":true,"href":"https:\/\/boreait.com\/hu\/wp-json\/wp\/v2\/product_brand?post=3870"},{"taxonomy":"product_cat","embeddable":true,"href":"https:\/\/boreait.com\/hu\/wp-json\/wp\/v2\/product_cat?post=3870"},{"taxonomy":"product_tag","embeddable":true,"href":"https:\/\/boreait.com\/hu\/wp-json\/wp\/v2\/product_tag?post=3870"}],"curies":[{"name":"wp","href":"https:\/\/api.w.org\/{rel}","templated":true}]}}