{"id":3869,"date":"2025-09-17T10:47:23","date_gmt":"2025-09-17T08:47:23","guid":{"rendered":"https:\/\/boreait.com\/hu\/?post_type=product&#038;p=3869"},"modified":"2026-01-09T13:58:56","modified_gmt":"2026-01-09T12:58:56","slug":"fujitsu-siemens-esprimo-mobile-v5535-hdd-merevlemez-burkolat-6070b0209211","status":"publish","type":"product","link":"https:\/\/boreait.com\/hu\/termek\/fujitsu-siemens-esprimo-mobile-v5535-hdd-merevlemez-burkolat-6070b0209211\/","title":{"rendered":"Fujitsu Siemens Esprimo Mobile V5535 HDD merevlemez burkolat 6070B0209211"},"content":{"rendered":"<p>Friss\u00edtse \u00e9s v\u00e9dje meg Fujitsu Siemens Esprimo Mobile V5535 laptopj\u00e1nak merevlemez\u00e9t a HDD merevlemez-fed\u00e9llel. Ezt az eredeti burkolatot \u00fagy tervezt\u00e9k, hogy funkcionalit\u00e1st \u00e9s v\u00e9delmet biztos\u00edtson laptopja t\u00e1rol\u00f3elemeinek, megb\u00edzhat\u00f3 teljes\u00edtm\u00e9nyt \u00e9s tart\u00f3ss\u00e1got biztos\u00edtva.<\/p>\n<p>Az Esprimo Mobile V5535-h\u00f6z pontosan illeszked\u0151 merevlemez-fed\u00e9l biztons\u00e1gos burkolatot biztos\u00edt laptopja merevlemez\u00e9nek, meg\u00f3vva a port\u00f3l, t\u00f6rmel\u00e9kt\u0151l \u00e9s a v\u00e9letlen s\u00e9r\u00fcl\u00e9sekt\u0151l. A merevlemez v\u00e9delme elengedhetetlen az adatok integrit\u00e1s\u00e1nak meg\u0151rz\u00e9s\u00e9hez \u00e9s a laptop z\u00f6kken\u0151mentes m\u0171k\u00f6d\u00e9s\u00e9hez.<\/p>\n<p>A telep\u00edt\u00e9s egyszer\u0171, k\u00f6sz\u00f6nhet\u0151en a burkolat egyedi kialak\u00edt\u00e1s\u00e1nak, amely illeszkedik a laptop eredeti alkatr\u00e9szeihez. Az eredeti Fujitsu Siemens alkatr\u00e9szek kiv\u00e1laszt\u00e1s\u00e1val laptopja t\u00e1rol\u00e1si v\u00e9delm\u00e9nek min\u0151s\u00e9g\u00e9be \u00e9s megb\u00edzhat\u00f3s\u00e1g\u00e1ba fektet be.<\/p>\n<p>Friss\u00edtse laptopja merevlemez-v\u00e9delm\u00e9t a Fujitsu Siemens Esprimo Mobile V5535 merevlemez-meghajt\u00f3 bor\u00edt\u00e1s\u00e1val. Ezzel a megb\u00edzhat\u00f3 \u00e9s hat\u00e9kony merevlemez-fed\u00e9llel garant\u00e1lja a laptop t\u00e1rol\u00f3elemeinek hossz\u00fa \u00e9lettartam\u00e1t \u00e9s megb\u00edzhat\u00f3s\u00e1g\u00e1t.<\/p>\n<p>V\u00e1s\u00e1rl\u00e1s el\u0151tt ellen\u0151rizze, hogy kompatibilis-e az adott laptopmodellj\u00e9vel.<\/p>\n","protected":false},"excerpt":{"rendered":"<p>V\u00e9dje \u00e9s fokozza Fujitsu Siemens Esprimo Mobile V5535 laptopja merevlemez\u00e9nek teljes\u00edtm\u00e9ny\u00e9t a HDD merevlemez-fed\u00e9llel. Biztos\u00edtsa az adatok integrit\u00e1s\u00e1t \u00e9s tart\u00f3ss\u00e1g\u00e1t ezzel az eredeti burkolattal.<\/p>\n","protected":false},"featured_media":3910,"template":"","meta":[],"product_brand":[],"product_cat":[16],"product_tag":[28],"class_list":{"0":"post-3869","1":"product","2":"type-product","3":"status-publish","4":"has-post-thumbnail","6":"product_cat-laptop-housing","7":"product_tag-fujitsu","9":"first","10":"instock","11":"taxable","12":"shipping-taxable","13":"purchasable","14":"product-type-simple"},"_links":{"self":[{"href":"https:\/\/boreait.com\/hu\/wp-json\/wp\/v2\/product\/3869","targetHints":{"allow":["GET"]}}],"collection":[{"href":"https:\/\/boreait.com\/hu\/wp-json\/wp\/v2\/product"}],"about":[{"href":"https:\/\/boreait.com\/hu\/wp-json\/wp\/v2\/types\/product"}],"wp:featuredmedia":[{"embeddable":true,"href":"https:\/\/boreait.com\/hu\/wp-json\/wp\/v2\/media\/3910"}],"wp:attachment":[{"href":"https:\/\/boreait.com\/hu\/wp-json\/wp\/v2\/media?parent=3869"}],"wp:term":[{"taxonomy":"product_brand","embeddable":true,"href":"https:\/\/boreait.com\/hu\/wp-json\/wp\/v2\/product_brand?post=3869"},{"taxonomy":"product_cat","embeddable":true,"href":"https:\/\/boreait.com\/hu\/wp-json\/wp\/v2\/product_cat?post=3869"},{"taxonomy":"product_tag","embeddable":true,"href":"https:\/\/boreait.com\/hu\/wp-json\/wp\/v2\/product_tag?post=3869"}],"curies":[{"name":"wp","href":"https:\/\/api.w.org\/{rel}","templated":true}]}}