{"id":3868,"date":"2025-09-17T10:47:23","date_gmt":"2025-09-17T08:47:23","guid":{"rendered":"https:\/\/boreait.com\/hu\/?post_type=product&#038;p=3868"},"modified":"2026-01-09T13:58:38","modified_gmt":"2026-01-09T12:58:38","slug":"fujitsu-siemens-esprimo-mobile-v5535-usb-csatlakozolap","status":"publish","type":"product","link":"https:\/\/boreait.com\/hu\/termek\/fujitsu-siemens-esprimo-mobile-v5535-usb-csatlakozolap\/","title":{"rendered":"Fujitsu Siemens Esprimo Mobile V5535 USB csatlakoz\u00f3lap"},"content":{"rendered":"<p>Fokozza Fujitsu Siemens Esprimo Mobile V5535 laptopja funkcionalit\u00e1s\u00e1t az USB csatlakoz\u00f3k\u00e1rty\u00e1val. Ezt az eredeti k\u00e1rty\u00e1t \u00fagy tervezt\u00e9k, hogy optimaliz\u00e1lja laptopja USB-kapcsolat\u00e1t, lehet\u0151v\u00e9 t\u00e9ve k\u00fcl\u00f6nf\u00e9le k\u00fcls\u0151 eszk\u00f6z\u00f6k \u00e9s perif\u00e9ri\u00e1k egyszer\u0171 csatlakoztat\u00e1s\u00e1t.<\/p>\n<p>A sz\u00e1m\u00edt\u00e1stechnik\u00e1ban egy h\u00edres Fujitsu Siemens magas k\u00f6vetelm\u00e9nyeinek megfelel\u0151en kialak\u00edtott USB-csatlakoz\u00f3k\u00e1rtya z\u00f6kken\u0151mentes integr\u00e1ci\u00f3t biztos\u00edt laptopja bels\u0151 rendszereivel. L\u00e9tfontoss\u00e1g\u00fa elemk\u00e9nt szolg\u00e1l, kib\u0151v\u00edtve laptopja csatlakoz\u00e1si lehet\u0151s\u00e9geit, \u00e9s biztos\u00edtja a mindennapi sz\u00e1m\u00edt\u00e1stechnikai feladatokhoz sz\u00fcks\u00e9ges k\u00e9nyelmet \u00e9s rugalmass\u00e1got.<\/p>\n<p>Ezzel az alaplappal USB flash meghajt\u00f3kat, k\u00fcls\u0151 merevlemezeket, nyomtat\u00f3kat, billenty\u0171zeteket, egereket \u00e9s sok m\u00e1s USB-kompatibilis eszk\u00f6zt csatlakoztathat. Ak\u00e1r profi, aki gyors adat\u00e1tvitelre van sz\u00fcks\u00e9ge, ak\u00e1r egy h\u00e9tk\u00f6znapi felhaszn\u00e1l\u00f3, aki egyszer\u0171s\u00edteni szeretn\u00e9 a munkafolyamatot, ez a t\u00e1bla jav\u00edtja laptopja haszn\u00e1lhat\u00f3s\u00e1g\u00e1t.<\/p>\n<p>A telep\u00edt\u00e9s egyszer\u0171, k\u00f6sz\u00f6nhet\u0151en az OEM-kialak\u00edt\u00e1snak, amely illeszkedik a laptop eredeti alkatr\u00e9szeihez. Az eredeti Fujitsu Siemens alkatr\u00e9szek kiv\u00e1laszt\u00e1s\u00e1val laptopja USB-csatlakoz\u00e1s\u00e1nak min\u0151s\u00e9g\u00e9be \u00e9s megb\u00edzhat\u00f3s\u00e1g\u00e1ba fektet be.<\/p>\n<p>Friss\u00edtse laptopja k\u00e9pess\u00e9geit a Fujitsu Siemens Esprimo Mobile laptop USB-csatlakoz\u00f3k\u00e1rty\u00e1j\u00e1val. \u00c9lvezze a kib\u0151v\u00edtett USB-kapcsolatot, egyszer\u0171s\u00edtse a feladatait, \u00e9s csatlakoztasson k\u00f6nnyed\u00e9n k\u00fcls\u0151 eszk\u00f6z\u00f6ket. N\u00f6velje sz\u00e1m\u00edt\u00e1stechnikai \u00e9lm\u00e9ny\u00e9t ezzel a megb\u00edzhat\u00f3 \u00e9s hat\u00e9kony csatlakoz\u00f3k\u00e1rty\u00e1val.<\/p>\n<p>V\u00e1s\u00e1rl\u00e1s el\u0151tt ellen\u0151rizze, hogy kompatibilis-e az adott laptopmodellj\u00e9vel.<\/p>\n","protected":false},"excerpt":{"rendered":"<p>B\u0151v\u00edtse Fujitsu Siemens Esprimo Mobile V5535 laptopja csatlakoztathat\u00f3s\u00e1g\u00e1t az USB csatlakoz\u00f3k\u00e1rty\u00e1val. Ez az eredeti k\u00e1rtya lehet\u0151v\u00e9 teszi az USB-k\u00e9pess\u00e9gek b\u0151v\u00edt\u00e9s\u00e9t, megk\u00f6nny\u00edtve a k\u00fcls\u0151 eszk\u00f6z\u00f6k \u00e9s perif\u00e9ri\u00e1k csatlakoztat\u00e1s\u00e1t.<\/p>\n","protected":false},"featured_media":3909,"template":"","meta":[],"product_brand":[],"product_cat":[27],"product_tag":[28],"class_list":{"0":"post-3868","1":"product","2":"type-product","3":"status-publish","4":"has-post-thumbnail","6":"product_cat-motherboards-board-parts","7":"product_tag-fujitsu","9":"first","10":"instock","11":"taxable","12":"shipping-taxable","13":"purchasable","14":"product-type-simple"},"_links":{"self":[{"href":"https:\/\/boreait.com\/hu\/wp-json\/wp\/v2\/product\/3868","targetHints":{"allow":["GET"]}}],"collection":[{"href":"https:\/\/boreait.com\/hu\/wp-json\/wp\/v2\/product"}],"about":[{"href":"https:\/\/boreait.com\/hu\/wp-json\/wp\/v2\/types\/product"}],"wp:featuredmedia":[{"embeddable":true,"href":"https:\/\/boreait.com\/hu\/wp-json\/wp\/v2\/media\/3909"}],"wp:attachment":[{"href":"https:\/\/boreait.com\/hu\/wp-json\/wp\/v2\/media?parent=3868"}],"wp:term":[{"taxonomy":"product_brand","embeddable":true,"href":"https:\/\/boreait.com\/hu\/wp-json\/wp\/v2\/product_brand?post=3868"},{"taxonomy":"product_cat","embeddable":true,"href":"https:\/\/boreait.com\/hu\/wp-json\/wp\/v2\/product_cat?post=3868"},{"taxonomy":"product_tag","embeddable":true,"href":"https:\/\/boreait.com\/hu\/wp-json\/wp\/v2\/product_tag?post=3868"}],"curies":[{"name":"wp","href":"https:\/\/api.w.org\/{rel}","templated":true}]}}