{"id":3866,"date":"2025-09-17T10:47:23","date_gmt":"2025-09-17T08:47:23","guid":{"rendered":"https:\/\/boreait.com\/hu\/?post_type=product&#038;p=3866"},"modified":"2026-01-09T13:58:00","modified_gmt":"2026-01-09T12:58:00","slug":"ts-l632-dvd-rw-laptop-meghajto-ide-fujitsu-siemens-esprimo-mobile-v5535-hoz","status":"publish","type":"product","link":"https:\/\/boreait.com\/hu\/termek\/ts-l632-dvd-rw-laptop-meghajto-ide-fujitsu-siemens-esprimo-mobile-v5535-hoz\/","title":{"rendered":"TS-L632 DVD-RW laptop meghajt\u00f3 IDE Fujitsu Siemens Esprimo Mobile V5535-h\u00f6z"},"content":{"rendered":"<p>Fokozza Fujitsu Siemens Esprimo Mobile V5535 laptopja multim\u00e9di\u00e1s k\u00e9pess\u00e9geit a TS-L632 DVD-RW laptop meghajt\u00f3 IDE seg\u00edts\u00e9g\u00e9vel. A laptop optikai meghajt\u00f3 funkci\u00f3inak jav\u00edt\u00e1s\u00e1ra tervezett eredeti IDE meghajt\u00f3 z\u00f6kken\u0151mentes integr\u00e1ci\u00f3t \u00e9s tov\u00e1bbfejlesztett sokoldal\u00fas\u00e1got biztos\u00edt a jobb sz\u00e1m\u00edt\u00e1stechnikai \u00e9lm\u00e9ny \u00e9rdek\u00e9ben.<\/p>\n<p>A sz\u00e1m\u00edt\u00e1stechnika egyik megb\u00edzhat\u00f3 neve, a Fujitsu Siemens sz\u00e1m\u00e1ra gy\u00e1rtott TS-L632 DVD-RW laptopmeghajt\u00f3 IDE megb\u00edzhat\u00f3 optikai adathordoz\u00f3-olvas\u00e1si \u00e9s -\u00edr\u00e1si k\u00e9pess\u00e9geket biztos\u00edt. A laptop bels\u0151 rendszereinek alapvet\u0151 elemek\u00e9nt ez a meghajt\u00f3 kulcsszerepet j\u00e1tszik a multim\u00e9di\u00e1s lehet\u0151s\u00e9gek b\u0151v\u00edt\u00e9s\u00e9ben.<\/p>\n<p>Ak\u00e1r DVD-ket szeretne n\u00e9zni, adatokat lemezre kell \u00edrnia, ak\u00e1r szoftvereket kell telep\u00edtenie, ez az IDE-meghajt\u00f3 a k\u00edv\u00e1nt k\u00e9nyelmet \u00e9s hat\u00e9konys\u00e1got biztos\u00edtja. Prec\u00edzi\u00f3s tervez\u00e9se biztos\u00edtja a pontos lemezolvas\u00e1st \u00e9s -\u00edr\u00e1st, kiv\u00e9teles teljes\u00edtm\u00e9nyt biztos\u00edtva az optikai adathordoz\u00f3k ig\u00e9nyeinek.<\/p>\n<p>A telep\u00edt\u00e9s egyszer\u0171 az IDE interf\u00e9sznek \u00e9s a laptop eredeti alkatr\u00e9szeihez igazod\u00f3 kialak\u00edt\u00e1snak k\u00f6sz\u00f6nhet\u0151en. Az eredeti Fujitsu Siemens alkatr\u00e9szek kiv\u00e1laszt\u00e1s\u00e1val laptopja optikai meghajt\u00f3j\u00e1nak min\u0151s\u00e9g\u00e9be \u00e9s megb\u00edzhat\u00f3s\u00e1g\u00e1ba fektet be.<\/p>\n<p>Friss\u00edtse laptopja multim\u00e9di\u00e1s k\u00e9pess\u00e9geit a Fujitsu Siemens Esprimo Mobile-hoz k\u00e9sz\u00fclt TS-L632 DVD-RW laptop meghajt\u00f3 IDE-vel. \u00c9lvezze a DVD-lej\u00e1tsz\u00e1s, az adat\u00edr\u00e1s \u00e9s a szoftvertelep\u00edt\u00e9s b\u0151v\u00edtett lehet\u0151s\u00e9geit Esprimo Mobile laptopj\u00e1n. N\u00f6velje sz\u00e1m\u00edt\u00e1stechnikai \u00e9lm\u00e9ny\u00e9t ezzel a megb\u00edzhat\u00f3 \u00e9s hat\u00e9kony IDE-meghajt\u00f3val.<\/p>\n","protected":false},"excerpt":{"rendered":"<p>Fokozza Fujitsu Siemens Esprimo Mobile V5535 laptopja multim\u00e9di\u00e1s k\u00e9pess\u00e9geit a TS-L632 DVD-RW laptop meghajt\u00f3 IDE seg\u00edts\u00e9g\u00e9vel. \u00c9lvezze a DVD-lej\u00e1tsz\u00e1s, az adat\u00edr\u00e1s \u00e9s a szoftvertelep\u00edt\u00e9s b\u0151v\u00edtett lehet\u0151s\u00e9geit.<\/p>\n","protected":false},"featured_media":3906,"template":"","meta":[],"product_brand":[],"product_cat":[27],"product_tag":[28],"class_list":{"0":"post-3866","1":"product","2":"type-product","3":"status-publish","4":"has-post-thumbnail","6":"product_cat-motherboards-board-parts","7":"product_tag-fujitsu","9":"first","10":"instock","11":"taxable","12":"shipping-taxable","13":"purchasable","14":"product-type-simple"},"_links":{"self":[{"href":"https:\/\/boreait.com\/hu\/wp-json\/wp\/v2\/product\/3866","targetHints":{"allow":["GET"]}}],"collection":[{"href":"https:\/\/boreait.com\/hu\/wp-json\/wp\/v2\/product"}],"about":[{"href":"https:\/\/boreait.com\/hu\/wp-json\/wp\/v2\/types\/product"}],"wp:featuredmedia":[{"embeddable":true,"href":"https:\/\/boreait.com\/hu\/wp-json\/wp\/v2\/media\/3906"}],"wp:attachment":[{"href":"https:\/\/boreait.com\/hu\/wp-json\/wp\/v2\/media?parent=3866"}],"wp:term":[{"taxonomy":"product_brand","embeddable":true,"href":"https:\/\/boreait.com\/hu\/wp-json\/wp\/v2\/product_brand?post=3866"},{"taxonomy":"product_cat","embeddable":true,"href":"https:\/\/boreait.com\/hu\/wp-json\/wp\/v2\/product_cat?post=3866"},{"taxonomy":"product_tag","embeddable":true,"href":"https:\/\/boreait.com\/hu\/wp-json\/wp\/v2\/product_tag?post=3866"}],"curies":[{"name":"wp","href":"https:\/\/api.w.org\/{rel}","templated":true}]}}