{"id":3865,"date":"2025-09-17T10:47:23","date_gmt":"2025-09-17T08:47:23","guid":{"rendered":"https:\/\/boreait.com\/hu\/?post_type=product&#038;p=3865"},"modified":"2026-01-09T13:57:41","modified_gmt":"2026-01-09T12:57:41","slug":"fujitsu-siemens-esprimo-mobile-v5535-kepernyoelolap-keret-6051b0190101","status":"publish","type":"product","link":"https:\/\/boreait.com\/hu\/termek\/fujitsu-siemens-esprimo-mobile-v5535-kepernyoelolap-keret-6051b0190101\/","title":{"rendered":"Fujitsu Siemens Esprimo Mobile V5535 k\u00e9perny\u0151el\u0151lap keret 6051B0190101"},"content":{"rendered":"<p>N\u00f6velje Fujitsu Siemens Esprimo Mobile V5535 laptopja megjelen\u00e9s\u00e9t \u00e9s tart\u00f3ss\u00e1g\u00e1t a Fujitsu Siemens Esprimo 6051B0190101 mobil k\u00e9perny\u0151kerettel. Az eszt\u00e9tikai jav\u00edt\u00e1sra \u00e9s szerkezeti t\u00e1mogat\u00e1sra tervezett eredeti k\u00e9perny\u0151keret z\u00f6kken\u0151mentes illeszked\u00e9st \u00e9s jobb k\u00e9perny\u0151v\u00e9delmet biztos\u00edt laptopja sz\u00e1m\u00e1ra.<\/p>\n<p>Az Esprimo Mobile laptop st\u00edlus\u00e1hoz \u00e9s specifik\u00e1ci\u00f3ihoz igazod\u00f3 el\u0151lapkeret jav\u00edtja eszk\u00f6ze \u00e1ltal\u00e1nos megjelen\u00e9s\u00e9t. Z\u00f6kken\u0151mentesen veszi k\u00f6r\u00fcl a laptop k\u00e9perny\u0151j\u00e9t, \u00edgy csiszolt \u00e9s professzion\u00e1lis megjelen\u00e9st k\u00f6lcs\u00f6n\u00f6z neki.<\/p>\n<p>Az eszt\u00e9tikumon t\u00fal ez az el\u0151lapkeret kulcsfontoss\u00e1g\u00fa v\u00e9delmi funkci\u00f3t is ell\u00e1t. Megv\u00e9di laptopja k\u00e9perny\u0151j\u00e9t a k\u00fcls\u0151 hat\u00e1sokt\u00f3l, megel\u0151zve az esetleges s\u00e9r\u00fcl\u00e9seket. Legyen sz\u00f3 ak\u00e1r profir\u00f3l, aki \u00faton van, vagy egy zs\u00fafolt k\u00f6rnyezetben tanul\u00f3 di\u00e1k, ez a keret seg\u00edt meg\u00f3vni laptopja k\u00e9perny\u0151j\u00e9t a mindennapi elhaszn\u00e1l\u00f3d\u00e1st\u00f3l.<\/p>\n<p>A telep\u00edt\u00e9s egyszer\u0171, k\u00f6sz\u00f6nhet\u0151en a kialak\u00edt\u00e1snak, amely illeszkedik a laptop eredeti alkatr\u00e9szeihez. Az eredeti alkatr\u00e9szek kiv\u00e1laszt\u00e1s\u00e1val laptopja megjelen\u00e9s\u00e9be \u00e9s v\u00e9delm\u00e9be is fektet.<\/p>\n<p>Friss\u00edtse laptopja megjelen\u00e9s\u00e9t \u00e9s k\u00e9perny\u0151v\u00e9delm\u00e9t a Fujitsu Siemens Esprimo mobilk\u00e9perny\u0151 kerettel. \u00c9lvezze az eleg\u00e1ns \u00e9s professzion\u00e1lis megjelen\u00e9st, mik\u00f6zben meg\u00f3vja laptopja k\u00e9perny\u0151j\u00e9t az esetleges s\u00e9r\u00fcl\u00e9sekt\u0151l.<\/p>\n<p>V\u00e1s\u00e1rl\u00e1s el\u0151tt ellen\u0151rizze, hogy kompatibilis-e az adott laptopmodellj\u00e9vel.<\/p>\n","protected":false},"excerpt":{"rendered":"<p>Fokozza Fujitsu Siemens Esprimo Mobile V5535 laptopja megjelen\u00e9s\u00e9t \u00e9s v\u00e9delm\u00e9t a Fujitsu Siemens Esprimo mobil k\u00e9perny\u0151kerettel. \u00c9lvezze a csiszolt megjelen\u00e9st \u00e9s a k\u00e9perny\u0151v\u00e9delmet an\u00e9lk\u00fcl, hogy a st\u00edlus kompromisszumait k\u00f6tn\u00e9.<\/p>\n","protected":false},"featured_media":3905,"template":"","meta":[],"product_brand":[],"product_cat":[16],"product_tag":[28],"class_list":{"0":"post-3865","1":"product","2":"type-product","3":"status-publish","4":"has-post-thumbnail","6":"product_cat-laptop-housing","7":"product_tag-fujitsu","9":"first","10":"instock","11":"taxable","12":"shipping-taxable","13":"purchasable","14":"product-type-simple"},"_links":{"self":[{"href":"https:\/\/boreait.com\/hu\/wp-json\/wp\/v2\/product\/3865","targetHints":{"allow":["GET"]}}],"collection":[{"href":"https:\/\/boreait.com\/hu\/wp-json\/wp\/v2\/product"}],"about":[{"href":"https:\/\/boreait.com\/hu\/wp-json\/wp\/v2\/types\/product"}],"wp:featuredmedia":[{"embeddable":true,"href":"https:\/\/boreait.com\/hu\/wp-json\/wp\/v2\/media\/3905"}],"wp:attachment":[{"href":"https:\/\/boreait.com\/hu\/wp-json\/wp\/v2\/media?parent=3865"}],"wp:term":[{"taxonomy":"product_brand","embeddable":true,"href":"https:\/\/boreait.com\/hu\/wp-json\/wp\/v2\/product_brand?post=3865"},{"taxonomy":"product_cat","embeddable":true,"href":"https:\/\/boreait.com\/hu\/wp-json\/wp\/v2\/product_cat?post=3865"},{"taxonomy":"product_tag","embeddable":true,"href":"https:\/\/boreait.com\/hu\/wp-json\/wp\/v2\/product_tag?post=3865"}],"curies":[{"name":"wp","href":"https:\/\/api.w.org\/{rel}","templated":true}]}}