{"id":3864,"date":"2025-09-17T10:47:23","date_gmt":"2025-09-17T08:47:23","guid":{"rendered":"https:\/\/boreait.com\/hu\/?post_type=product&#038;p=3864"},"modified":"2026-01-09T13:57:25","modified_gmt":"2026-01-09T12:57:25","slug":"seagate-hdd-st980811as-80gb-5200rpm-9s1132-197-25-sata-8mb-gyorsitotar-150mbps","status":"publish","type":"product","link":"https:\/\/boreait.com\/hu\/termek\/seagate-hdd-st980811as-80gb-5200rpm-9s1132-197-25-sata-8mb-gyorsitotar-150mbps\/","title":{"rendered":"Seagate HDD ST980811AS 80GB 5200RPM 9S1132-197 2,5 SATA 8MB gyors\u00edt\u00f3t\u00e1r 150Mbps"},"content":{"rendered":"<p>B\u0151v\u00edtse t\u00e1rol\u00f3kapacit\u00e1s\u00e1t a Seagate ST980811AS 80 GB HDD-vel. A megb\u00edzhat\u00f3 teljes\u00edtm\u00e9nyre \u00e9s b\u0151s\u00e9ges t\u00e1rhelyre tervezett 2,5 h\u00fcvelykes SATA merevlemez t\u00f6k\u00e9letes a laptop vagy asztali sz\u00e1m\u00edt\u00f3g\u00e9p t\u00e1rol\u00e1si k\u00e9pess\u00e9geinek b\u0151v\u00edt\u00e9s\u00e9re.<\/p>\n<p>A Seagate, a t\u00e1rol\u00e1stechnol\u00f3gia megb\u00edzhat\u00f3 neve \u00e1ltal gy\u00e1rtott ST980811AS b\u0151s\u00e9ges, 80 GB-os kapacit\u00e1ssal b\u00fcszk\u00e9lkedhet, amely elegend\u0151 helyet biztos\u00edt a dokumentumok, m\u00e9diaf\u00e1jlok \u00e9s alkalmaz\u00e1sok sz\u00e1m\u00e1ra. 5200 RPM-es ors\u00f3sebess\u00e9ge hat\u00e9kony adathozz\u00e1f\u00e9r\u00e9st biztos\u00edt, m\u00edg a 8 MB-os gyors\u00edt\u00f3t\u00e1r tov\u00e1bb n\u00f6veli a teljes\u00edtm\u00e9nyt.<\/p>\n<p>A SATA interf\u00e9sz 150 Mbps adat\u00e1tviteli sebess\u00e9get k\u00edn\u00e1l, amely gyors adat\u00e1tvitelt \u00e9s megb\u00edzhat\u00f3 kapcsolatot biztos\u00edt a sz\u00e1m\u00edt\u00f3g\u00e9phez. Ak\u00e1r fontos f\u00e1jlokat kell t\u00e1rolnia, ak\u00e1r biztons\u00e1gi m\u00e1solatokat kell k\u00e9sz\u00edtenie, ak\u00e1r jav\u00edtania kell rendszere \u00e1ltal\u00e1nos teljes\u00edtm\u00e9ny\u00e9n, ez a Seagate merevlemez megfelel a feladatnak.<\/p>\n<p>A telep\u00edt\u00e9s egyszer\u0171, \u00e9s a kompatibilit\u00e1s a szabv\u00e1nyos 2,5 h\u00fcvelykes m\u00e9ret\u00e9vel biztos\u00edtott. Egyszer\u0171en csatlakoztassa egy szabad SATA-porthoz, \u00e9s m\u00e1ris \u00e9lvezheti a megn\u00f6velt t\u00e1rol\u00f3kapacit\u00e1s \u00e9s a gyorsabb adathozz\u00e1f\u00e9r\u00e9s el\u0151nyeit.<\/p>\n<p>B\u0151v\u00edtse t\u00e1rhely\u00e9t a Seagate ST980811AS 80 GB HDD-vel. Tapasztalja meg a megn\u00f6velt teljes\u00edtm\u00e9nyt \u00e9s a b\u0151s\u00e9ges t\u00e1rhelyet sz\u00e1m\u00edt\u00e1stechnikai ig\u00e9nyeihez an\u00e9lk\u00fcl, hogy kiterjedt be\u00e1ll\u00edt\u00e1sra vagy konfigur\u00e1ci\u00f3ra lenne sz\u00fcks\u00e9ge.<\/p>\n<p>V\u00e1s\u00e1rl\u00e1s el\u0151tt ellen\u0151rizze, hogy kompatibilis-e az adott sz\u00e1m\u00edt\u00f3g\u00e9pmodellj\u00e9vel.<\/p>\n","protected":false},"excerpt":{"rendered":"<p>B\u0151v\u00edtse t\u00e1rol\u00f3kapacit\u00e1s\u00e1t a Seagate ST980811AS 80 GB HDD-vel. Ez a 2,5 h\u00fcvelykes SATA merevlemez b\u0151s\u00e9ges helyet \u00e9s megb\u00edzhat\u00f3 teljes\u00edtm\u00e9nyt k\u00edn\u00e1l laptopja vagy asztali sz\u00e1m\u00edt\u00f3g\u00e9pe sz\u00e1m\u00e1ra.<\/p>\n","protected":false},"featured_media":3904,"template":"","meta":[],"product_brand":[],"product_cat":[61,31],"product_tag":[],"class_list":{"0":"post-3864","1":"product","2":"type-product","3":"status-publish","4":"has-post-thumbnail","6":"product_cat-2-5-hdd","7":"product_cat-ssd-hdd-drives","9":"first","10":"instock","11":"taxable","12":"shipping-taxable","13":"purchasable","14":"product-type-simple"},"_links":{"self":[{"href":"https:\/\/boreait.com\/hu\/wp-json\/wp\/v2\/product\/3864","targetHints":{"allow":["GET"]}}],"collection":[{"href":"https:\/\/boreait.com\/hu\/wp-json\/wp\/v2\/product"}],"about":[{"href":"https:\/\/boreait.com\/hu\/wp-json\/wp\/v2\/types\/product"}],"wp:featuredmedia":[{"embeddable":true,"href":"https:\/\/boreait.com\/hu\/wp-json\/wp\/v2\/media\/3904"}],"wp:attachment":[{"href":"https:\/\/boreait.com\/hu\/wp-json\/wp\/v2\/media?parent=3864"}],"wp:term":[{"taxonomy":"product_brand","embeddable":true,"href":"https:\/\/boreait.com\/hu\/wp-json\/wp\/v2\/product_brand?post=3864"},{"taxonomy":"product_cat","embeddable":true,"href":"https:\/\/boreait.com\/hu\/wp-json\/wp\/v2\/product_cat?post=3864"},{"taxonomy":"product_tag","embeddable":true,"href":"https:\/\/boreait.com\/hu\/wp-json\/wp\/v2\/product_tag?post=3864"}],"curies":[{"name":"wp","href":"https:\/\/api.w.org\/{rel}","templated":true}]}}