{"id":3841,"date":"2025-09-17T10:46:59","date_gmt":"2025-09-17T08:46:59","guid":{"rendered":"https:\/\/boreait.com\/hu\/?post_type=product&#038;p=3841"},"modified":"2026-01-09T13:55:11","modified_gmt":"2026-01-09T12:55:11","slug":"fujitsu-siemens-esprimo-mobile-v5535-mikrofon","status":"publish","type":"product","link":"https:\/\/boreait.com\/hu\/termek\/fujitsu-siemens-esprimo-mobile-v5535-mikrofon\/","title":{"rendered":"Fujitsu Siemens Esprimo Mobile V5535 mikrofon"},"content":{"rendered":"<p>B\u0151v\u00edtse Fujitsu Siemens Esprimo Mobile laptopja audiok\u00e9pess\u00e9geit a Fujitsu Siemens Esprimo Mobile V5535 mikrofonnal. A laptop audiofunkci\u00f3inak jav\u00edt\u00e1s\u00e1ra tervezett mikrofon z\u00f6kken\u0151mentes integr\u00e1ci\u00f3t \u00e9s jobb hangmin\u0151s\u00e9get biztos\u00edt a jobb sz\u00e1m\u00edt\u00e1stechnikai \u00e9lm\u00e9ny \u00e9rdek\u00e9ben.<\/p>\n<p>A Fujitsu Siemens, a sz\u00e1m\u00edt\u00e1stechnika egyik megb\u00edzhat\u00f3 neve \u00e1ltal gy\u00e1rtott Esprimo mobilmikrofon megb\u00edzhat\u00f3 \u00e9s hat\u00e9kony hangteljes\u00edtm\u00e9nyt biztos\u00edt. A laptop bels\u0151 rendszereinek n\u00e9lk\u00fcl\u00f6zhetetlen elemek\u00e9nt ez a mikrofon kulcsfontoss\u00e1g\u00fa szerepet j\u00e1tszik a tiszta \u00e9s prec\u00edz hang r\u00f6gz\u00edt\u00e9s\u00e9ben.<\/p>\n<p>Ak\u00e1r videokonferenci\u00e1n vesz r\u00e9szt, hangjegyzeteket r\u00f6gz\u00edt, ak\u00e1r hangutas\u00edt\u00e1sokat haszn\u00e1l, ez a mikrofon biztos\u00edtja a sz\u00fcks\u00e9ges k\u00e9nyelmet \u00e9s hat\u00e9konys\u00e1got. Prec\u00edzi\u00f3s tervez\u00e9se pontos hangr\u00f6gz\u00edt\u00e9st biztos\u00edt, kiv\u00e9teles tisztas\u00e1got \u00e9s hangh\u0171s\u00e9get biztos\u00edtva a hangfelv\u00e9telekhez \u00e9s a kommunik\u00e1ci\u00f3hoz.<\/p>\n<p>A telep\u00edt\u00e9s egyszer\u0171, k\u00f6sz\u00f6nhet\u0151en a kialak\u00edt\u00e1snak, amely illeszkedik a laptop eredeti alkatr\u00e9szeihez. Az eredeti alkatr\u00e9szek kiv\u00e1laszt\u00e1s\u00e1val laptopja hangteljes\u00edtm\u00e9ny\u00e9nek min\u0151s\u00e9g\u00e9be \u00e9s megb\u00edzhat\u00f3s\u00e1g\u00e1ba fektet be.<\/p>\n<p>Friss\u00edtse laptopja audiok\u00e9pess\u00e9geit a Fujitsu Siemens Esprimo mobilmikrofonnal. \u00c9lvezze a jobb hangmin\u0151s\u00e9get, a fokozott hangtisztas\u00e1got \u00e9s a kiv\u00e1l\u00f3 mikrofonteljes\u00edtm\u00e9nyt Esprimo Mobile laptopj\u00e1n. N\u00f6velje sz\u00e1m\u00edt\u00e1stechnikai \u00e9lm\u00e9ny\u00e9t ezzel a megb\u00edzhat\u00f3 \u00e9s hat\u00e9kony mikrofonnal.<\/p>\n<p>V\u00e1s\u00e1rl\u00e1s el\u0151tt ellen\u0151rizze, hogy kompatibilis-e az adott laptopmodellj\u00e9vel.<\/p>\n","protected":false},"excerpt":{"rendered":"<p>N\u00f6velje Fujitsu Siemens Esprimo Mobile V5535 laptopja audiok\u00e9pess\u00e9geit a Fujitsu Siemens Esprimo mobilmikrofonnal. \u00c9lvezze a jobb hangtisztas\u00e1got \u00e9s a mikrofon teljes\u00edtm\u00e9ny\u00e9t.<\/p>\n","protected":false},"featured_media":3890,"template":"","meta":[],"product_brand":[],"product_cat":[20],"product_tag":[28],"class_list":{"0":"post-3841","1":"product","2":"type-product","3":"status-publish","4":"has-post-thumbnail","6":"product_cat-cables","7":"product_tag-fujitsu","9":"first","10":"instock","11":"taxable","12":"shipping-taxable","13":"purchasable","14":"product-type-simple"},"_links":{"self":[{"href":"https:\/\/boreait.com\/hu\/wp-json\/wp\/v2\/product\/3841","targetHints":{"allow":["GET"]}}],"collection":[{"href":"https:\/\/boreait.com\/hu\/wp-json\/wp\/v2\/product"}],"about":[{"href":"https:\/\/boreait.com\/hu\/wp-json\/wp\/v2\/types\/product"}],"wp:featuredmedia":[{"embeddable":true,"href":"https:\/\/boreait.com\/hu\/wp-json\/wp\/v2\/media\/3890"}],"wp:attachment":[{"href":"https:\/\/boreait.com\/hu\/wp-json\/wp\/v2\/media?parent=3841"}],"wp:term":[{"taxonomy":"product_brand","embeddable":true,"href":"https:\/\/boreait.com\/hu\/wp-json\/wp\/v2\/product_brand?post=3841"},{"taxonomy":"product_cat","embeddable":true,"href":"https:\/\/boreait.com\/hu\/wp-json\/wp\/v2\/product_cat?post=3841"},{"taxonomy":"product_tag","embeddable":true,"href":"https:\/\/boreait.com\/hu\/wp-json\/wp\/v2\/product_tag?post=3841"}],"curies":[{"name":"wp","href":"https:\/\/api.w.org\/{rel}","templated":true}]}}