{"id":3840,"date":"2025-09-17T10:46:58","date_gmt":"2025-09-17T08:46:58","guid":{"rendered":"https:\/\/boreait.com\/hu\/?post_type=product&#038;p=3840"},"modified":"2026-01-09T13:54:49","modified_gmt":"2026-01-09T12:54:49","slug":"fujitsu-siemens-esprimo-mobile-v5535-fedelkapcsolo-6012b0133801","status":"publish","type":"product","link":"https:\/\/boreait.com\/hu\/termek\/fujitsu-siemens-esprimo-mobile-v5535-fedelkapcsolo-6012b0133801\/","title":{"rendered":"Fujitsu Siemens Esprimo Mobile V5535 fed\u00e9lkapcsol\u00f3 6012B0133801"},"content":{"rendered":"<p>Fokozza Fujitsu Siemens Esprimo Mobile laptopja funkcionalit\u00e1s\u00e1t a Fujitsu Siemens Esprimo Mobile V5535 fed\u00e9lkapcsol\u00f3val &#8211; 6012B0133801. A laptop fedel\u00e9nek vez\u00e9rl\u00e9s\u00e9nek optimaliz\u00e1l\u00e1s\u00e1ra kialak\u00edtott komponens z\u00f6kken\u0151mentes integr\u00e1ci\u00f3t \u00e9s jobb haszn\u00e1lhat\u00f3s\u00e1got biztos\u00edt a jobb sz\u00e1m\u00edt\u00e1stechnikai \u00e9lm\u00e9ny \u00e9rdek\u00e9ben.<\/p>\n<p>Ezt a Fujitsu Siemens laptopokhoz tervezett fed\u00e9lkapcsol\u00f3t \u00fagy tervezt\u00e9k, hogy megb\u00edzhat\u00f3 fed\u00e9l\u00e9rz\u00e9kel\u0151 funkci\u00f3t biztos\u00edtson. A laptop bels\u0151 rendszereinek alapvet\u0151 elemek\u00e9nt ez a kapcsol\u00f3 kulcsszerepet j\u00e1tszik a laptop viselked\u00e9s\u00e9nek kezel\u00e9s\u00e9ben a fed\u00e9l kinyit\u00e1sakor \u00e9s z\u00e1r\u00e1sakor.<\/p>\n<p>Ak\u00e1r energi\u00e1t takar\u00edt meg, ak\u00e1r alv\u00f3 \u00fczemm\u00f3dot szeretne aktiv\u00e1lni, ak\u00e1r egyszer\u0171en csak egyszer\u0171en szab\u00e1lyozhatja laptopja m\u0171k\u00f6d\u00e9s\u00e9t, ez a fed\u00e9lkapcsol\u00f3 biztos\u00edtja a sz\u00fcks\u00e9ges k\u00e9nyelmet \u00e9s hat\u00e9konys\u00e1got. Biztos\u00edtja, hogy laptopja pontosan reag\u00e1ljon a fed\u00e9l mozg\u00e1s\u00e1ra, jav\u00edtva a felhaszn\u00e1l\u00f3i \u00e9lm\u00e9nyt \u00e9s a rendszer teljes\u00edtm\u00e9ny\u00e9t.<\/p>\n<p>A telep\u00edt\u00e9s egyszer\u0171, k\u00f6sz\u00f6nhet\u0151en a kialak\u00edt\u00e1snak, amely illeszkedik a laptop eredeti alkatr\u00e9szeihez. Az eredeti Fujitsu Siemens alkatr\u00e9szek kiv\u00e1laszt\u00e1s\u00e1val laptopja fed\u00e9lvez\u00e9rl\u00e9s\u00e9nek min\u0151s\u00e9g\u00e9be \u00e9s megb\u00edzhat\u00f3s\u00e1g\u00e1ba fektet be.<\/p>\n<p>Optimaliz\u00e1lja laptopja fedel\u00e9nek vez\u00e9rl\u00e9s\u00e9t a Fujitsu Siemens Esprimo mobilfed\u00e9lkapcsol\u00f3val. \u00c9lvezze a tov\u00e1bbfejlesztett haszn\u00e1lhat\u00f3s\u00e1got, az energiagazd\u00e1lkod\u00e1st \u00e9s az \u00e9rz\u00e9keny fed\u00e9l funkci\u00f3t Esprimo Mobile laptopj\u00e1n. N\u00f6velje sz\u00e1m\u00edt\u00e1stechnikai \u00e9lm\u00e9ny\u00e9t ezzel a megb\u00edzhat\u00f3 \u00e9s hat\u00e9kony fed\u00e9lkapcsol\u00f3val.<\/p>\n","protected":false},"excerpt":{"rendered":"<p>Fokozza a Fujitsu Siemens Esprimo Mobile V5535 laptop fed\u00e9lvez\u00e9rl\u00e9si funkci\u00f3j\u00e1t a Fujitsu Siemens Esprimo mobil fed\u00e9lkapcsol\u00f3val. \u00c9lvezze a jobb haszn\u00e1lhat\u00f3s\u00e1got \u00e9s az \u00e9rz\u00e9keny fed\u00e9lvez\u00e9rl\u00e9st.<\/p>\n","protected":false},"featured_media":3889,"template":"","meta":[],"product_brand":[],"product_cat":[20],"product_tag":[28],"class_list":{"0":"post-3840","1":"product","2":"type-product","3":"status-publish","4":"has-post-thumbnail","6":"product_cat-cables","7":"product_tag-fujitsu","9":"first","10":"instock","11":"taxable","12":"shipping-taxable","13":"purchasable","14":"product-type-simple"},"_links":{"self":[{"href":"https:\/\/boreait.com\/hu\/wp-json\/wp\/v2\/product\/3840","targetHints":{"allow":["GET"]}}],"collection":[{"href":"https:\/\/boreait.com\/hu\/wp-json\/wp\/v2\/product"}],"about":[{"href":"https:\/\/boreait.com\/hu\/wp-json\/wp\/v2\/types\/product"}],"wp:featuredmedia":[{"embeddable":true,"href":"https:\/\/boreait.com\/hu\/wp-json\/wp\/v2\/media\/3889"}],"wp:attachment":[{"href":"https:\/\/boreait.com\/hu\/wp-json\/wp\/v2\/media?parent=3840"}],"wp:term":[{"taxonomy":"product_brand","embeddable":true,"href":"https:\/\/boreait.com\/hu\/wp-json\/wp\/v2\/product_brand?post=3840"},{"taxonomy":"product_cat","embeddable":true,"href":"https:\/\/boreait.com\/hu\/wp-json\/wp\/v2\/product_cat?post=3840"},{"taxonomy":"product_tag","embeddable":true,"href":"https:\/\/boreait.com\/hu\/wp-json\/wp\/v2\/product_tag?post=3840"}],"curies":[{"name":"wp","href":"https:\/\/api.w.org\/{rel}","templated":true}]}}