{"id":3839,"date":"2025-09-17T10:46:58","date_gmt":"2025-09-17T08:46:58","guid":{"rendered":"https:\/\/boreait.com\/hu\/?post_type=product&#038;p=3839"},"modified":"2026-01-09T13:54:27","modified_gmt":"2026-01-09T12:54:27","slug":"1-gb-hynix-hymp112s64cp6-y5-ab-pc2-5300s-555-12-laptop-so-dimm-memoria-ram","status":"publish","type":"product","link":"https:\/\/boreait.com\/hu\/termek\/1-gb-hynix-hymp112s64cp6-y5-ab-pc2-5300s-555-12-laptop-so-dimm-memoria-ram\/","title":{"rendered":"1 GB Hynix HYMP112S64CP6-Y5 AB PC2-5300S-555-12 Laptop SO-DIMM mem\u00f3ria RAM"},"content":{"rendered":"<p>N\u00f6velje laptopja teljes\u00edtm\u00e9ny\u00e9t az 1 GB-os Hynix HYMP112S64CP6-Y5 AB PC2-5300S-555-12 laptop SO-DIMM mem\u00f3ria RAM-mal. A laptop mem\u00f3riakapacit\u00e1s\u00e1nak \u00e9s sebess\u00e9g\u00e9nek n\u00f6vel\u00e9s\u00e9re tervezett eredeti Hynix mem\u00f3riamodul z\u00f6kken\u0151mentes t\u00f6bbfeladatos munkav\u00e9gz\u00e9st \u00e9s jobb \u00e1ltal\u00e1nos teljes\u00edtm\u00e9nyt biztos\u00edt.<\/p>\n<p>A Hynix, a mem\u00f3riatechnol\u00f3gia megb\u00edzhat\u00f3 neve \u00e1ltal gy\u00e1rtott 1 GB-os SO-DIMM RAM modult a kompatibilit\u00e1s \u00e9s a megb\u00edzhat\u00f3s\u00e1g jegy\u00e9ben tervezt\u00e9k. Alapvet\u0151 \u00f6sszetev\u0151je annak, hogy laptopja t\u00f6bb alkalmaz\u00e1st k\u00e9pes kezelni, ig\u00e9nyes szoftvereket futtatni, \u00e9s megbirk\u00f3zni a mem\u00f3riaig\u00e9nyes feladatokkal.<\/p>\n<p>Az 1 GB kapacit\u00e1s\u00fa mem\u00f3riamodul jelent\u0151sen megn\u00f6veli laptopja mem\u00f3ri\u00e1j\u00e1t, lehet\u0151v\u00e9 t\u00e9ve, hogy nagyobb f\u00e1jlokkal dolgozzon, t\u00f6bb alkalmaz\u00e1st futtasson egyidej\u0171leg, \u00e9s gyorsabb adatfeldolgoz\u00e1st tapasztaljon. Ak\u00e1r professzion\u00e1lis, aki \u00f6sszetett feladatokat int\u00e9z, vagy egy h\u00e9tk\u00f6znapi felhaszn\u00e1l\u00f3, aki a laptop sebess\u00e9g\u00e9t szeretn\u00e9 jav\u00edtani, ez a RAM-b\u0151v\u00edt\u00e9s biztos\u00edtja a sz\u00fcks\u00e9ges teljes\u00edtm\u00e9nyt.<\/p>\n<p>A telep\u00edt\u00e9s egyszer\u0171 az ipar\u00e1gi szabv\u00e1nynak megfelel\u0151 SO-DIMM form\u00e1tumnak k\u00f6sz\u00f6nhet\u0151en. Az eredeti Hynix mem\u00f3ria v\u00e1laszt\u00e1s\u00e1val laptopja mem\u00f3riab\u0151v\u00edt\u00e9s\u00e9nek min\u0151s\u00e9g\u00e9be \u00e9s megb\u00edzhat\u00f3s\u00e1g\u00e1ba fektet be.<\/p>\n<p>Fokozza laptopja teljes\u00edtm\u00e9ny\u00e9t az 1 GB-os Hynix HYMP112S64CP6-Y5 AB PC2-5300S-555-12 laptop SO-DIMM mem\u00f3ria RAM-mal. Tapasztalja meg a sim\u00e1bb t\u00f6bbfeladatos munkav\u00e9gz\u00e9st, a gyorsabb adatfeldolgoz\u00e1st \u00e9s a jobb \u00e1ltal\u00e1nos teljes\u00edtm\u00e9nyt laptopj\u00e1n.<\/p>\n<p>V\u00e1s\u00e1rl\u00e1s el\u0151tt ellen\u0151rizze, hogy kompatibilis-e az adott laptopmodellj\u00e9vel.<\/p>\n","protected":false},"excerpt":{"rendered":"<p>N\u00f6velje laptopja teljes\u00edtm\u00e9ny\u00e9t az 1 GB-os Hynix HYMP112S64CP6-Y5 AB PC2-5300S-555-12 laptop SO-DIMM mem\u00f3ria RAM-mal. Tapasztalja meg a g\u00f6rd\u00fcl\u00e9kenyebb t\u00f6bbfeladatos munkav\u00e9gz\u00e9st \u00e9s a gyorsabb adatfeldolgoz\u00e1st.<\/p>\n","protected":false},"featured_media":3888,"template":"","meta":[],"product_brand":[],"product_cat":[41,36],"product_tag":[],"class_list":{"0":"post-3839","1":"product","2":"type-product","3":"status-publish","4":"has-post-thumbnail","6":"product_cat-ddr2","7":"product_cat-ram-memory","9":"first","10":"instock","11":"taxable","12":"shipping-taxable","13":"purchasable","14":"product-type-simple"},"_links":{"self":[{"href":"https:\/\/boreait.com\/hu\/wp-json\/wp\/v2\/product\/3839","targetHints":{"allow":["GET"]}}],"collection":[{"href":"https:\/\/boreait.com\/hu\/wp-json\/wp\/v2\/product"}],"about":[{"href":"https:\/\/boreait.com\/hu\/wp-json\/wp\/v2\/types\/product"}],"wp:featuredmedia":[{"embeddable":true,"href":"https:\/\/boreait.com\/hu\/wp-json\/wp\/v2\/media\/3888"}],"wp:attachment":[{"href":"https:\/\/boreait.com\/hu\/wp-json\/wp\/v2\/media?parent=3839"}],"wp:term":[{"taxonomy":"product_brand","embeddable":true,"href":"https:\/\/boreait.com\/hu\/wp-json\/wp\/v2\/product_brand?post=3839"},{"taxonomy":"product_cat","embeddable":true,"href":"https:\/\/boreait.com\/hu\/wp-json\/wp\/v2\/product_cat?post=3839"},{"taxonomy":"product_tag","embeddable":true,"href":"https:\/\/boreait.com\/hu\/wp-json\/wp\/v2\/product_tag?post=3839"}],"curies":[{"name":"wp","href":"https:\/\/api.w.org\/{rel}","templated":true}]}}