{"id":3838,"date":"2025-09-17T10:46:58","date_gmt":"2025-09-17T08:46:58","guid":{"rendered":"https:\/\/boreait.com\/hu\/?post_type=product&#038;p=3838"},"modified":"2026-01-09T13:54:09","modified_gmt":"2026-01-09T12:54:09","slug":"intel-celeron-m-540-cpu-processzor-sla2f-1-86ghz-533mhz-1mb-lf80537","status":"publish","type":"product","link":"https:\/\/boreait.com\/hu\/termek\/intel-celeron-m-540-cpu-processzor-sla2f-1-86ghz-533mhz-1mb-lf80537\/","title":{"rendered":"Intel Celeron\u00ae M 540 CPU processzor SLA2F 1.86GHz 533MHz 1MB LF80537"},"content":{"rendered":"<p>N\u00f6velje sz\u00e1m\u00edt\u00f3g\u00e9pe teljes\u00edtm\u00e9ny\u00e9t az Intel Celeron\u00ae M 540 SLA2F CPU processzorral. A megb\u00edzhat\u00f3 feldolgoz\u00e1si teljes\u00edtm\u00e9ny biztos\u00edt\u00e1s\u00e1ra tervezett CPU processzor jav\u00edtja a rendszer k\u00e9pess\u00e9geit, \u00edgy ide\u00e1lis v\u00e1laszt\u00e1s k\u00fcl\u00f6nf\u00e9le sz\u00e1m\u00edt\u00e1si feladatokhoz.<\/p>\n<p>Az Intel Celeron\u00ae M 540 1,86 GHz-es \u00f3rajele \u00e9s 533 MHz-es el\u0151lapi buszsebess\u00e9ge hat\u00e9kony t\u00f6bbfeladatos munkav\u00e9gz\u00e9st \u00e9s \u00e9rz\u00e9keny teljes\u00edtm\u00e9nyt tesz lehet\u0151v\u00e9. Az 1 MB-os gyors\u00edt\u00f3t\u00e1rral ez a processzor gyors hozz\u00e1f\u00e9r\u00e9st biztos\u00edt a gyakran haszn\u00e1lt adatokhoz, tov\u00e1bb jav\u00edtva sebess\u00e9g\u00e9t \u00e9s reag\u00e1l\u00f3k\u00e9pess\u00e9g\u00e9t.<\/p>\n<p>Ak\u00e1r az interneten b\u00f6ng\u00e9szik, dokumentumokon dolgozik, ak\u00e1r multim\u00e9di\u00e1s tartalmakat \u00e9lvez, az Intel Celeron\u00ae M 540 z\u00f6kken\u0151mentes \u00e9s hat\u00e9kony sz\u00e1m\u00edt\u00e1stechnikai \u00e9lm\u00e9nyt biztos\u00edt. Friss\u00edtse laptopj\u00e1t vagy asztali sz\u00e1m\u00edt\u00f3g\u00e9p\u00e9t ezzel a processzorral, hogy \u00e9lvezze a jobb teljes\u00edtm\u00e9nyt \u00e9s a feladatok gyorsabb v\u00e9grehajt\u00e1s\u00e1t.<\/p>\n<p>A telep\u00edt\u00e9s egyszer\u0171, felt\u00e9ve, hogy kompatibilis rendszerrel rendelkezik. A friss\u00edt\u00e9s el\u0151tt gy\u0151z\u0151dj\u00f6n meg arr\u00f3l, hogy alaplapja t\u00e1mogatja az SLA2F processzort. Az Intel Celeron\u00ae M 540 v\u00e1laszt\u00e1s\u00e1val egy megb\u00edzhat\u00f3 \u00e9s hat\u00e9kony CPU-processzorba fektet be, amely \u00faj \u00e9letet lehelhet sz\u00e1m\u00edt\u00f3g\u00e9p\u00e9be.<\/p>\n<p>N\u00f6velje sz\u00e1m\u00edt\u00f3g\u00e9pe teljes\u00edtm\u00e9ny\u00e9t az Intel Celeron\u00ae M 540 SLA2F CPU processzorral. \u00c9lvezze a gyorsabb feldolgoz\u00e1si sebess\u00e9get \u00e9s a tov\u00e1bbfejlesztett t\u00f6bbfeladatos k\u00e9pess\u00e9geket a gyorsabb sz\u00e1m\u00edt\u00e1si \u00e9lm\u00e9ny \u00e9rdek\u00e9ben.<\/p>\n","protected":false},"excerpt":{"rendered":"<p>N\u00f6velje sz\u00e1m\u00edt\u00f3g\u00e9pe teljes\u00edtm\u00e9ny\u00e9t az Intel Celeron\u00ae M 540 SLA2F CPU processzorral. 1,86 GHz-es \u00f3rajel\u00e9vel \u00e9s 1 MB gyors\u00edt\u00f3t\u00e1r\u00e1val jobb feldolgoz\u00e1si teljes\u00edtm\u00e9nyt k\u00edn\u00e1l k\u00fcl\u00f6nf\u00e9le sz\u00e1m\u00edt\u00e1si feladatokhoz.<\/p>\n","protected":false},"featured_media":3887,"template":"","meta":[],"product_brand":[],"product_cat":[39],"product_tag":[],"class_list":{"0":"post-3838","1":"product","2":"type-product","3":"status-publish","4":"has-post-thumbnail","6":"product_cat-processors-cpu","8":"first","9":"instock","10":"taxable","11":"shipping-taxable","12":"purchasable","13":"product-type-simple"},"_links":{"self":[{"href":"https:\/\/boreait.com\/hu\/wp-json\/wp\/v2\/product\/3838","targetHints":{"allow":["GET"]}}],"collection":[{"href":"https:\/\/boreait.com\/hu\/wp-json\/wp\/v2\/product"}],"about":[{"href":"https:\/\/boreait.com\/hu\/wp-json\/wp\/v2\/types\/product"}],"wp:featuredmedia":[{"embeddable":true,"href":"https:\/\/boreait.com\/hu\/wp-json\/wp\/v2\/media\/3887"}],"wp:attachment":[{"href":"https:\/\/boreait.com\/hu\/wp-json\/wp\/v2\/media?parent=3838"}],"wp:term":[{"taxonomy":"product_brand","embeddable":true,"href":"https:\/\/boreait.com\/hu\/wp-json\/wp\/v2\/product_brand?post=3838"},{"taxonomy":"product_cat","embeddable":true,"href":"https:\/\/boreait.com\/hu\/wp-json\/wp\/v2\/product_cat?post=3838"},{"taxonomy":"product_tag","embeddable":true,"href":"https:\/\/boreait.com\/hu\/wp-json\/wp\/v2\/product_tag?post=3838"}],"curies":[{"name":"wp","href":"https:\/\/api.w.org\/{rel}","templated":true}]}}