{"id":3832,"date":"2025-09-17T10:46:58","date_gmt":"2025-09-17T08:46:58","guid":{"rendered":"https:\/\/boreait.com\/hu\/?post_type=product&#038;p=3832"},"modified":"2025-09-17T10:47:30","modified_gmt":"2025-09-17T08:47:30","slug":"hp-elitebook-840-g1-14-huvelykes-lcd-hatlap-730949-001-m164","status":"publish","type":"product","link":"https:\/\/boreait.com\/hu\/termek\/hp-elitebook-840-g1-14-huvelykes-lcd-hatlap-730949-001-m164\/","title":{"rendered":"HP EliteBook 840 G1 14 h\u00fcvelykes LCD h\u00e1tlap 730949-001 m164"},"content":{"rendered":"<p>N\u00f6velje HP EliteBook 840 G1 megjelen\u00e9s\u00e9t \u00e9s v\u00e9delm\u00e9t a 14&#8243;-es LCD-h\u00e1tlappal (730949-001 m164). A laptophoz t\u00f6k\u00e9letesen illeszked\u0151 eredeti h\u00e1tlap st\u00edlust \u00e9s tart\u00f3ss\u00e1got biztos\u00edt, \u00edgy laptopja v\u00e9dve marad, mik\u00f6zben karcs\u00fa \u00e9s professzion\u00e1lis megjelen\u00e9s\u0171.<\/p>\n<p>A HP \u00e1ltal gy\u00e1rtott, megb\u00edzhat\u00f3 n\u00e9v a sz\u00e1m\u00edt\u00e1stechnik\u00e1ban, ezt a h\u00e1tlapot kifejezetten az EliteBook 840 G1-hez tervezt\u00e9k. 14&#8243;-es LCD-kiv\u00e1g\u00e1ssal rendelkezik, amely pontosan illeszkedik a laptop k\u00e9perny\u0151j\u00e9hez. A h\u00e1tlap kiv\u00e1l\u00f3 min\u0151s\u00e9g\u0171 anyagokb\u00f3l k\u00e9sz\u00fclt, hogy ellen\u00e1lljon a napi haszn\u00e1latnak, \u00e9s meg\u00f3vja laptopj\u00e1t a kisebb \u00fct\u00e9sekt\u0151l \u00e9s karcol\u00e1sokt\u00f3l.<\/p>\n<p>A h\u00e1tlap cser\u00e9je egyszer\u0171 folyamat. Ha hiteles HP alkatr\u00e9szt v\u00e1laszt, a laptopja \u00e1ltal meg\u00e9rdemelt min\u0151s\u00e9gbe \u00e9s kompatibilit\u00e1sba fektet be.<\/p>\n<p>Fokozza HP EliteBook 840 G1 eszt\u00e9tik\u00e1j\u00e1t \u00e9s v\u00e9delm\u00e9t a 14&#8243;-es LCD h\u00e1tlappal (730949-001 m164). Laptopja \u00e9les megjelen\u00e9st biztos\u00edt, mik\u00f6zben v\u00e9di a mindennapi elhaszn\u00e1l\u00f3d\u00e1st\u00f3l.<\/p>\n<p>V\u00e1s\u00e1rl\u00e1s el\u0151tt ellen\u0151rizze, hogy kompatibilis-e az adott laptopmodellj\u00e9vel.<\/p>\n","protected":false},"excerpt":{"rendered":"<p>N\u00f6velje HP EliteBook 840 G1 megjelen\u00e9s\u00e9t \u00e9s v\u00e9delm\u00e9t a 14 h\u00fcvelykes LCD h\u00e1tlappal (730949-001 m164). Laptopja karcs\u00fa \u00e9s professzion\u00e1lis megjelen\u00e9st biztos\u00edt, mik\u00f6zben meg\u00f3vja a mindennapi elhaszn\u00e1l\u00f3d\u00e1st\u00f3l.<\/p>\n","protected":false},"featured_media":3877,"template":"","meta":[],"product_brand":[],"product_cat":[16],"product_tag":[25],"class_list":{"0":"post-3832","1":"product","2":"type-product","3":"status-publish","4":"has-post-thumbnail","6":"product_cat-laptop-housing","7":"product_tag-hp","9":"first","10":"instock","11":"taxable","12":"shipping-taxable","13":"purchasable","14":"product-type-simple"},"_links":{"self":[{"href":"https:\/\/boreait.com\/hu\/wp-json\/wp\/v2\/product\/3832","targetHints":{"allow":["GET"]}}],"collection":[{"href":"https:\/\/boreait.com\/hu\/wp-json\/wp\/v2\/product"}],"about":[{"href":"https:\/\/boreait.com\/hu\/wp-json\/wp\/v2\/types\/product"}],"wp:featuredmedia":[{"embeddable":true,"href":"https:\/\/boreait.com\/hu\/wp-json\/wp\/v2\/media\/3877"}],"wp:attachment":[{"href":"https:\/\/boreait.com\/hu\/wp-json\/wp\/v2\/media?parent=3832"}],"wp:term":[{"taxonomy":"product_brand","embeddable":true,"href":"https:\/\/boreait.com\/hu\/wp-json\/wp\/v2\/product_brand?post=3832"},{"taxonomy":"product_cat","embeddable":true,"href":"https:\/\/boreait.com\/hu\/wp-json\/wp\/v2\/product_cat?post=3832"},{"taxonomy":"product_tag","embeddable":true,"href":"https:\/\/boreait.com\/hu\/wp-json\/wp\/v2\/product_tag?post=3832"}],"curies":[{"name":"wp","href":"https:\/\/api.w.org\/{rel}","templated":true}]}}