{"id":3831,"date":"2025-09-17T10:46:57","date_gmt":"2025-09-17T08:46:57","guid":{"rendered":"https:\/\/boreait.com\/hu\/?post_type=product&#038;p=3831"},"modified":"2025-09-17T10:47:27","modified_gmt":"2025-09-17T08:47:27","slug":"eredeti-lenovo-b50-series-lcd-elolap-ap14k000600","status":"publish","type":"product","link":"https:\/\/boreait.com\/hu\/termek\/eredeti-lenovo-b50-series-lcd-elolap-ap14k000600\/","title":{"rendered":"Eredeti Lenovo B50 Series LCD el\u0151lap AP14K000600"},"content":{"rendered":"<p>Fokozza Lenovo B50 sorozat\u00fa laptopja megjelen\u00e9s\u00e9t \u00e9s v\u00e9delm\u00e9t az Eredeti Lenovo B50 Series LCD el\u0151lappal AP14K000600. Ez az eredeti alkatr\u00e9sz biztons\u00e1gos \u00e9s tetszet\u0151s el\u00fcls\u0151 el\u0151lap cser\u00e9t biztos\u00edt, \u00e9s biztos\u00edtja, hogy laptopja k\u00e9perny\u0151je \u00e1rny\u00e9kolt \u00e9s eszt\u00e9tikus legyen.<\/p>\n<p>A Lenovo \u2013 a sz\u00e1m\u00edt\u00e1stechnika egyik megb\u00edzhat\u00f3 neve \u2013 \u00e1ltal gy\u00e1rtott Eredeti Lenovo B50 sorozat\u00fa LCD el\u0151lap AP14K000600 \u00fagy lett kialak\u00edtva, hogy t\u00f6k\u00e9letesen illeszkedjen a laptop k\u00e9perny\u0151j\u00e9hez. Ez az el\u0151lap nemcsak csiszolt megjelen\u00e9st k\u00f6lcs\u00f6n\u00f6z laptopj\u00e1nak, hanem v\u00e9d\u0151r\u00e9tegk\u00e9nt is szolg\u00e1l a por \u00e9s a kisebb \u00fct\u00e9sek ellen.<\/p>\n<p>A s\u00e9r\u00fclt vagy elhaszn\u00e1l\u00f3dott el\u0151lap cser\u00e9je egyszer\u0171, k\u00f6sz\u00f6nhet\u0151en a prec\u00edz kialak\u00edt\u00e1snak, amely z\u00f6kken\u0151mentesen illeszkedik a laptop eredeti alkatr\u00e9szeihez. Az eredeti Lenovo alkatr\u00e9szek kiv\u00e1laszt\u00e1s\u00e1val garant\u00e1lja laptopja \u00f6sszetev\u0151inek min\u0151s\u00e9g\u00e9t \u00e9s kompatibilit\u00e1s\u00e1t.<\/p>\n<p>Friss\u00edtse laptopja megjelen\u00e9s\u00e9t \u00e9s v\u00e9delm\u00e9t az eredeti Lenovo B50 sorozat\u00fa LCD el\u0151lappal (AP14K000600). \u00c9lvezze a friss\u00edtett \u00e9s csiszolt megjelen\u00e9st, mik\u00f6zben tov\u00e1bbi v\u00e9delmet ny\u00fajt laptopja k\u00e9perny\u0151j\u00e9nek. N\u00f6velje sz\u00e1m\u00edt\u00e1stechnikai \u00e9lm\u00e9ny\u00e9t ezzel a megb\u00edzhat\u00f3 \u00e9s vonz\u00f3 el\u0151lappal.<\/p>\n<p>V\u00e1s\u00e1rl\u00e1s el\u0151tt ellen\u0151rizze, hogy kompatibilis-e az adott laptopmodellj\u00e9vel.<\/p>\n","protected":false},"excerpt":{"rendered":"<p>Fokozza Lenovo B50 sorozat\u00fa laptopja megjelen\u00e9s\u00e9t \u00e9s v\u00e9delm\u00e9t az Eredeti Lenovo B50 Series LCD el\u0151lappal AP14K000600. \u00c9lvezze a friss\u00edtett megjelen\u00e9st \u00e9s a hozz\u00e1adott k\u00e9perny\u0151v\u00e9delmet.<\/p>\n","protected":false},"featured_media":3875,"template":"","meta":[],"product_brand":[],"product_cat":[16],"product_tag":[26],"class_list":{"0":"post-3831","1":"product","2":"type-product","3":"status-publish","4":"has-post-thumbnail","6":"product_cat-laptop-housing","7":"product_tag-lenovo","9":"first","10":"instock","11":"taxable","12":"shipping-taxable","13":"purchasable","14":"product-type-simple"},"_links":{"self":[{"href":"https:\/\/boreait.com\/hu\/wp-json\/wp\/v2\/product\/3831","targetHints":{"allow":["GET"]}}],"collection":[{"href":"https:\/\/boreait.com\/hu\/wp-json\/wp\/v2\/product"}],"about":[{"href":"https:\/\/boreait.com\/hu\/wp-json\/wp\/v2\/types\/product"}],"wp:featuredmedia":[{"embeddable":true,"href":"https:\/\/boreait.com\/hu\/wp-json\/wp\/v2\/media\/3875"}],"wp:attachment":[{"href":"https:\/\/boreait.com\/hu\/wp-json\/wp\/v2\/media?parent=3831"}],"wp:term":[{"taxonomy":"product_brand","embeddable":true,"href":"https:\/\/boreait.com\/hu\/wp-json\/wp\/v2\/product_brand?post=3831"},{"taxonomy":"product_cat","embeddable":true,"href":"https:\/\/boreait.com\/hu\/wp-json\/wp\/v2\/product_cat?post=3831"},{"taxonomy":"product_tag","embeddable":true,"href":"https:\/\/boreait.com\/hu\/wp-json\/wp\/v2\/product_tag?post=3831"}],"curies":[{"name":"wp","href":"https:\/\/api.w.org\/{rel}","templated":true}]}}