{"id":3830,"date":"2025-09-17T10:46:57","date_gmt":"2025-09-17T08:46:57","guid":{"rendered":"https:\/\/boreait.com\/hu\/?post_type=product&#038;p=3830"},"modified":"2025-09-17T10:47:21","modified_gmt":"2025-09-17T08:47:21","slug":"toshiba-satellite-l300-laptop-elulso-lcd-elolapburkolat-v000130820","status":"publish","type":"product","link":"https:\/\/boreait.com\/hu\/termek\/toshiba-satellite-l300-laptop-elulso-lcd-elolapburkolat-v000130820\/","title":{"rendered":"Toshiba Satellite L300 laptop el\u00fcls\u0151 LCD el\u0151lapburkolat V000130820"},"content":{"rendered":"<p>N\u00f6velje Toshiba Satellite L300 laptopja megjelen\u00e9s\u00e9t \u00e9s v\u00e9delm\u00e9t a Toshiba Satellite L300 laptop el\u00fcls\u0151 LCD el\u0151lapj\u00e1nak V000130820 bor\u00edt\u00e1s\u00e1val. A vizu\u00e1lis eszt\u00e9tika jav\u00edt\u00e1s\u00e1ra \u00e9s a laptop LCD-k\u00e9perny\u0151j\u00e9nek v\u00e9delm\u00e9re tervezett eredeti el\u0151lap bor\u00edt\u00e1s a st\u00edlus \u00e9s a funkcionalit\u00e1s z\u00f6kken\u0151mentes kever\u00e9k\u00e9t k\u00edn\u00e1lja.<\/p>\n<p>A Toshiba, a laptoptechnol\u00f3gia egyik megb\u00edzhat\u00f3 neve k\u00e9sz\u00edtette a V000130820 el\u0151lapburkolatot a pontos illeszked\u00e9sre \u00e9s az egyszer\u0171 telep\u00edt\u00e9sre. Nem csak csiszolt megjelen\u00e9st k\u00f6lcs\u00f6n\u00f6z laptopj\u00e1nak, hanem v\u00e9d\u0151r\u00e9tegk\u00e9nt is szolg\u00e1l az LCD-k\u00e9perny\u0151 sz\u00e1m\u00e1ra a por \u00e9s a kisebb \u00fct\u00e9sek ellen.<\/p>\n<p>Ak\u00e1r s\u00e9r\u00fclt el\u0151lapburkolatot cser\u00e9l, ak\u00e1r csak laptopja megjelen\u00e9s\u00e9t szeretn\u00e9 felfriss\u00edteni, ez az eredeti Toshiba-tartoz\u00e9k ide\u00e1lis v\u00e1laszt\u00e1s. Eleg\u00e1ns kialak\u00edt\u00e1sa kieg\u00e9sz\u00edti laptopja \u00e1ltal\u00e1nos megjelen\u00e9s\u00e9t, \u00e9s professzion\u00e1lis megjelen\u00e9st biztos\u00edt.<\/p>\n<p>Az eredeti Toshiba alkatr\u00e9szek kiv\u00e1laszt\u00e1s\u00e1val laptopja megjelen\u00e9s\u00e9nek \u00e9s v\u00e9delm\u00e9nek min\u0151s\u00e9g\u00e9be \u00e9s megb\u00edzhat\u00f3s\u00e1g\u00e1ba fektet be.<\/p>\n<p>Fokozza laptopja megjelen\u00e9s\u00e9t \u00e9s az LCD-k\u00e9perny\u0151 v\u00e9delm\u00e9t a Toshiba Satellite L300 laptop el\u00fcls\u0151 LCD el\u0151lapj\u00e1nak V000130820 bor\u00edt\u00e1s\u00e1val. \u00c9lvezze a Toshiba Satellite L300 felfriss\u00fclt megjelen\u00e9s\u00e9t \u00e9s hozz\u00e1adott k\u00e9perny\u0151v\u00e9delm\u00e9t. N\u00f6velje laptopja \u00e9lm\u00e9ny\u00e9t ezzel a megb\u00edzhat\u00f3 \u00e9s st\u00edlusos el\u0151lappal.<\/p>\n<p>V\u00e1s\u00e1rl\u00e1s el\u0151tt ellen\u0151rizze, hogy kompatibilis-e az adott laptopmodellj\u00e9vel.<\/p>\n","protected":false},"excerpt":{"rendered":"<p>N\u00f6velje Toshiba Satellite L300 laptopja megjelen\u00e9s\u00e9t \u00e9s az LCD-k\u00e9perny\u0151 v\u00e9delm\u00e9t a Toshiba Satellite L300 laptop el\u00fcls\u0151 LCD el\u0151lap bor\u00edt\u00e1s\u00e1val V000130820. \u00c9lvezze a friss\u00edtett megjelen\u00e9st \u00e9s a hozz\u00e1adott k\u00e9perny\u0151v\u00e9delmet.<\/p>\n","protected":false},"featured_media":3861,"template":"","meta":[],"product_brand":[],"product_cat":[16],"product_tag":[34],"class_list":{"0":"post-3830","1":"product","2":"type-product","3":"status-publish","4":"has-post-thumbnail","6":"product_cat-laptop-housing","7":"product_tag-toshiba","9":"first","10":"instock","11":"taxable","12":"shipping-taxable","13":"purchasable","14":"product-type-simple"},"_links":{"self":[{"href":"https:\/\/boreait.com\/hu\/wp-json\/wp\/v2\/product\/3830","targetHints":{"allow":["GET"]}}],"collection":[{"href":"https:\/\/boreait.com\/hu\/wp-json\/wp\/v2\/product"}],"about":[{"href":"https:\/\/boreait.com\/hu\/wp-json\/wp\/v2\/types\/product"}],"wp:featuredmedia":[{"embeddable":true,"href":"https:\/\/boreait.com\/hu\/wp-json\/wp\/v2\/media\/3861"}],"wp:attachment":[{"href":"https:\/\/boreait.com\/hu\/wp-json\/wp\/v2\/media?parent=3830"}],"wp:term":[{"taxonomy":"product_brand","embeddable":true,"href":"https:\/\/boreait.com\/hu\/wp-json\/wp\/v2\/product_brand?post=3830"},{"taxonomy":"product_cat","embeddable":true,"href":"https:\/\/boreait.com\/hu\/wp-json\/wp\/v2\/product_cat?post=3830"},{"taxonomy":"product_tag","embeddable":true,"href":"https:\/\/boreait.com\/hu\/wp-json\/wp\/v2\/product_tag?post=3830"}],"curies":[{"name":"wp","href":"https:\/\/api.w.org\/{rel}","templated":true}]}}