{"id":383,"date":"2025-09-17T09:26:09","date_gmt":"2025-09-17T07:26:09","guid":{"rendered":"https:\/\/boreait.com\/hu\/?post_type=product&#038;p=383"},"modified":"2026-01-14T08:31:04","modified_gmt":"2026-01-14T07:31:04","slug":"4-gb-samsung-pc3l-12800s-ram-laptop-memoria-m471b5173qh0-hp-dell-sony-keszulekhez","status":"publish","type":"product","link":"https:\/\/boreait.com\/hu\/termek\/4-gb-samsung-pc3l-12800s-ram-laptop-memoria-m471b5173qh0-hp-dell-sony-keszulekhez\/","title":{"rendered":"4 GB Samsung Pc3l-12800s RAM laptop mem\u00f3ria M471B5173QH0 HP Dell Sony k\u00e9sz\u00fcl\u00e9khez"},"content":{"rendered":"<div class=\"flex-1 overflow-hidden\">\n<div class=\"react-scroll-to-bottom--css-yocrx-79elbk h-full dark:bg-gray-800\">\n<div class=\"react-scroll-to-bottom--css-yocrx-1n7m0yu\">\n<div class=\"flex flex-col text-sm dark:bg-gray-800\">\n<div class=\"group w-full text-gray-800 dark:text-gray-100 border-b border-black\/10 dark:border-gray-900\/50 bg-gray-50 dark:bg-[#444654]\">\n<div class=\"flex p-4 gap-4 text-base md:gap-6 md:max-w-2xl lg:max-w-[38rem] xl:max-w-3xl md:py-6 lg:px-0 m-auto\">\n<div class=\"relat\u00edv flex w-[calc(100%-50px)] flex-col gap-1 md:gap-3 lg:w-[calc(100%-115px)]\">\n<div class=\"flex flex-grow flex-col gap-3\">\n<div class=\"min-h-[20px] flex flex-col items-start gap-4 whitespace-pre-wrap break-words\">\n<div class=\"markdown prose w-full break-words dark:prose-invert light\">\n<p>Az OEM 4 GB-os Samsung PC3L-12800S RAM M471B5173QH0 t\u00edpus\u00fa laptop mem\u00f3riamodulj\u00e1t \u00fagy tervezt\u00e9k, hogy n\u00f6velje laptopja teljes\u00edtm\u00e9ny\u00e9t \u00e9s sebess\u00e9g\u00e9t. 4 GB-os kapacit\u00e1ssal rendelkezik, amely elegend\u0151 helyet biztos\u00edt a t\u00f6bbfeladatos munkav\u00e9gz\u00e9shez \u00e9s a mem\u00f3riaig\u00e9nyes alkalmaz\u00e1sok futtat\u00e1s\u00e1hoz. A PC3L-12800S specifik\u00e1ci\u00f3 alacsony fesz\u00fclts\u00e9g\u0171 DDR3L SDRAM modult jelez, amely 1600 MHz-es frekvenci\u00e1n m\u0171k\u00f6dik.<\/p>\n<p>Ezt a mem\u00f3riamodult kifejezetten laptopokhoz tervezt\u00e9k, \u00e9s sz\u00e1mos rendszerrel kompatibilis. Kompakt alakt\u00e9nyez\u0151je \u00e9s hat\u00e9kony kialak\u00edt\u00e1sa egyszer\u0171 telep\u00edt\u00e9st \u00e9s optim\u00e1lis teljes\u00edtm\u00e9nyt biztos\u00edt. A PC3L-12800S szabv\u00e1nynak megfelel\u0151en ez a RAM modul jobb energiahat\u00e9konys\u00e1got k\u00edn\u00e1l, cs\u00f6kkenti az energiafogyaszt\u00e1st \u00e9s a h\u0151termel\u00e9st.<\/p>\n<p>Az M471B5173QH0 modul a Samsung, a megb\u00edzhat\u00f3 \u00e9s j\u00f3 min\u0151s\u00e9g\u0171 mem\u00f3riamegold\u00e1sair\u00f3l ismert neves gy\u00e1rt\u00f3 term\u00e9ke. Szigor\u00fa tesztel\u00e9si \u00e9s min\u0151s\u00e9g-ellen\u0151rz\u00e9si folyamatokon megy kereszt\u00fcl, hogy biztos\u00edtsa a stabilit\u00e1st \u00e9s a kompatibilit\u00e1st a k\u00fcl\u00f6nb\u00f6z\u0151 laptopmodellekkel.<\/p>\n<p>B\u0151v\u00edtse laptopja mem\u00f3ri\u00e1j\u00e1t az OEM 4 GB-os Samsung PC3L-12800S RAM laptop mem\u00f3riamodullal, \u00e9s tapasztalja meg a gyorsabb adatfeldolgoz\u00e1st, a g\u00f6rd\u00fcl\u00e9kenyebb t\u00f6bbfeladatos munkav\u00e9gz\u00e9st \u00e9s a jobb \u00e1ltal\u00e1nos rendszerteljes\u00edtm\u00e9nyt.<\/p>\n<\/div>\n<\/div>\n<\/div>\n<div class=\"flex justify-between lg:block\">\n<div class=\"text-gray-400 flex self-end lg:self-center justify-center mt-2 gap-2 md:gap-3 lg:gap-1 lg:absolute lg:top-0 lg:translate-x-full lg:right-0 lg:mt-0\">lg:pl-2 l\u00e1that\u00f3<\/p>\n<p>&nbsp;<\/p>\n<div class=\"flex gap-1\"><\/div>\n<\/div>\n<\/div>\n<\/div>\n<\/div>\n<\/div>\n<div class=\"h-32 md:h-48 flex-shrink-0\"><\/div>\n<\/div>\n<p>&nbsp;<\/p>\n<\/div>\n<\/div>\n<\/div>\n<div class=\"absolute bottom-0 left-0 w-full border-t md:border-t-0 dark:border-white\/20 md:border-transparent md:dark:border-transparent md:bg-vert-light-gradient bg-white dark:bg-gray-800 md:! dark:md:bg-vert-dark-gradient pt-2 md:-left-2\">\n<div class=\"relative flex h-full flex-1 items-stretch md:flex-col\" role=\"presentation\">\n<div class=\"\">\n<div class=\"h-full flex ml-1 md:w-full md:m-auto md:mb-2 gap-0 md:gap-2 justify-center\">\n<div class=\"flex w-full gap-2 items-center justify-center\">V\u00e1lasz \u00fajragener\u00e1l\u00e1sa<\/div>\n<\/div>\n<\/div>\n<\/div>\n<\/div>\n","protected":false},"excerpt":{"rendered":"<p>Az OEM 4 GB-os Samsung PC3L-12800S RAM laptop mem\u00f3riamodul M471B5173QH0 t\u00edpussz\u00e1mmal a Samsung \u00e1ltal gy\u00e1rtott speci\u00e1lis t\u00edpus\u00fa RAM modul.<\/p>\n","protected":false},"featured_media":454,"template":"","meta":[],"product_brand":[],"product_cat":[37,36],"product_tag":[],"class_list":{"0":"post-383","1":"product","2":"type-product","3":"status-publish","4":"has-post-thumbnail","6":"product_cat-ddr3-ddr3l","7":"product_cat-ram-memory","9":"first","10":"instock","11":"taxable","12":"shipping-taxable","13":"purchasable","14":"product-type-simple"},"_links":{"self":[{"href":"https:\/\/boreait.com\/hu\/wp-json\/wp\/v2\/product\/383","targetHints":{"allow":["GET"]}}],"collection":[{"href":"https:\/\/boreait.com\/hu\/wp-json\/wp\/v2\/product"}],"about":[{"href":"https:\/\/boreait.com\/hu\/wp-json\/wp\/v2\/types\/product"}],"wp:featuredmedia":[{"embeddable":true,"href":"https:\/\/boreait.com\/hu\/wp-json\/wp\/v2\/media\/454"}],"wp:attachment":[{"href":"https:\/\/boreait.com\/hu\/wp-json\/wp\/v2\/media?parent=383"}],"wp:term":[{"taxonomy":"product_brand","embeddable":true,"href":"https:\/\/boreait.com\/hu\/wp-json\/wp\/v2\/product_brand?post=383"},{"taxonomy":"product_cat","embeddable":true,"href":"https:\/\/boreait.com\/hu\/wp-json\/wp\/v2\/product_cat?post=383"},{"taxonomy":"product_tag","embeddable":true,"href":"https:\/\/boreait.com\/hu\/wp-json\/wp\/v2\/product_tag?post=383"}],"curies":[{"name":"wp","href":"https:\/\/api.w.org\/{rel}","templated":true}]}}