{"id":3829,"date":"2025-09-17T10:46:57","date_gmt":"2025-09-17T08:46:57","guid":{"rendered":"https:\/\/boreait.com\/hu\/?post_type=product&#038;p=3829"},"modified":"2025-09-17T10:47:17","modified_gmt":"2025-09-17T08:47:17","slug":"hp-zbook-15-lcd-elulso-elolap-webkamera-pont-ap0tj000600","status":"publish","type":"product","link":"https:\/\/boreait.com\/hu\/termek\/hp-zbook-15-lcd-elulso-elolap-webkamera-pont-ap0tj000600\/","title":{"rendered":"HP ZBook 15 LCD el\u00fcls\u0151 el\u0151lap webkamera pont AP0TJ000600"},"content":{"rendered":"<p>N\u00f6velje HP ZBook 15 laptopja megjelen\u00e9s\u00e9t \u00e9s funkcionalit\u00e1s\u00e1t a HP ZBook 15 LCD el\u0151lapi webkamera Spot AP0TJ000600 seg\u00edts\u00e9g\u00e9vel. Ezt az eredeti cserealkatr\u00e9szt \u00fagy tervezt\u00e9k, hogy v\u00e9delmet \u00e9s jobb webkamera-teljes\u00edtm\u00e9nyt biztos\u00edtson laptopja kijelz\u0151j\u00e9nek.<\/p>\n<p>A HP, a laptoptechnol\u00f3gia megb\u00edzhat\u00f3 vezet\u0151 gy\u00e1rt\u00f3ja \u00e1ltal gy\u00e1rtott AP0TJ000600 el\u0151lap prec\u00edz illeszked\u00e9st \u00e9s z\u00f6kken\u0151mentes integr\u00e1ci\u00f3t biztos\u00edt. Nemcsak a laptop kijelz\u0151j\u00e9t v\u00e9di, hanem k\u00fcl\u00f6n helyet is tartalmaz a be\u00e9p\u00edtett webkamera sz\u00e1m\u00e1ra. Ez a kialak\u00edt\u00e1s biztos\u00edtja, hogy webkamer\u00e1ja optim\u00e1lisan m\u0171k\u00f6dj\u00f6n, tiszta \u00e9s kiv\u00e1l\u00f3 min\u0151s\u00e9g\u0171 vide\u00f3t biztos\u00edtva videokonferenci\u00e1k \u00e9s online \u00e9rtekezletek sor\u00e1n.<\/p>\n<p>Ak\u00e1r professzion\u00e1lis, aki a legjobb vide\u00f3min\u0151s\u00e9gre van sz\u00fcks\u00e9ge t\u00e1voli munk\u00e1hoz, ak\u00e1r olyan felhaszn\u00e1l\u00f3, aki \u00e9rt\u00e9keli a csiszolt \u00e9s funkcion\u00e1lis laptop megjelen\u00e9st, ez az el\u0151lap a t\u00f6k\u00e9letes v\u00e1laszt\u00e1s.<\/p>\n<p>Friss\u00edtse laptopja megjelen\u00e9s\u00e9t \u00e9s webkamera teljes\u00edtm\u00e9ny\u00e9t a HP ZBook 15 LCD el\u00fcls\u0151 el\u0151lapi webkamera Spot AP0TJ000600 seg\u00edts\u00e9g\u00e9vel. \u00c9lvezze a jobb webkamer\u00e1s videomin\u0151s\u00e9get \u00e9s a ZBook 15 eleg\u00e1ns, csiszolt megjelen\u00e9s\u00e9t. N\u00f6velje sz\u00e1m\u00edt\u00e1stechnikai \u00e9s videokonferenci\u00e1s \u00e9lm\u00e9ny\u00e9t ezzel a megb\u00edzhat\u00f3 \u00e9s hat\u00e9kony el\u0151lappal.<\/p>\n<p>V\u00e1s\u00e1rl\u00e1s el\u0151tt ellen\u0151rizze, hogy kompatibilis-e az adott laptopmodellj\u00e9vel.<\/p>\n","protected":false},"excerpt":{"rendered":"<p>Fejlessze fel HP ZBook 15 laptopj\u00e1t a HP ZBook 15 LCD el\u00fcls\u0151 el\u0151lapi webkamera Spot AP0TJ000600 seg\u00edts\u00e9g\u00e9vel. \u00c9lvezze a jobb webkamer\u00e1s videomin\u0151s\u00e9get \u00e9s a ZBook 15 eleg\u00e1ns, csiszolt megjelen\u00e9s\u00e9t.<\/p>\n","protected":false},"featured_media":3859,"template":"","meta":[],"product_brand":[],"product_cat":[16],"product_tag":[25],"class_list":{"0":"post-3829","1":"product","2":"type-product","3":"status-publish","4":"has-post-thumbnail","6":"product_cat-laptop-housing","7":"product_tag-hp","9":"first","10":"instock","11":"taxable","12":"shipping-taxable","13":"purchasable","14":"product-type-simple"},"_links":{"self":[{"href":"https:\/\/boreait.com\/hu\/wp-json\/wp\/v2\/product\/3829","targetHints":{"allow":["GET"]}}],"collection":[{"href":"https:\/\/boreait.com\/hu\/wp-json\/wp\/v2\/product"}],"about":[{"href":"https:\/\/boreait.com\/hu\/wp-json\/wp\/v2\/types\/product"}],"wp:featuredmedia":[{"embeddable":true,"href":"https:\/\/boreait.com\/hu\/wp-json\/wp\/v2\/media\/3859"}],"wp:attachment":[{"href":"https:\/\/boreait.com\/hu\/wp-json\/wp\/v2\/media?parent=3829"}],"wp:term":[{"taxonomy":"product_brand","embeddable":true,"href":"https:\/\/boreait.com\/hu\/wp-json\/wp\/v2\/product_brand?post=3829"},{"taxonomy":"product_cat","embeddable":true,"href":"https:\/\/boreait.com\/hu\/wp-json\/wp\/v2\/product_cat?post=3829"},{"taxonomy":"product_tag","embeddable":true,"href":"https:\/\/boreait.com\/hu\/wp-json\/wp\/v2\/product_tag?post=3829"}],"curies":[{"name":"wp","href":"https:\/\/api.w.org\/{rel}","templated":true}]}}