{"id":382,"date":"2025-09-17T09:26:08","date_gmt":"2025-09-17T07:26:08","guid":{"rendered":"https:\/\/boreait.com\/hu\/?post_type=product&#038;p=382"},"modified":"2025-09-17T09:27:07","modified_gmt":"2025-09-17T07:27:07","slug":"dell-latitude-e5500-pp32lb-eredeti-laptop-csuklotamasz-erintopad-50-4x802-001-kabel","status":"publish","type":"product","link":"https:\/\/boreait.com\/hu\/termek\/dell-latitude-e5500-pp32lb-eredeti-laptop-csuklotamasz-erintopad-50-4x802-001-kabel\/","title":{"rendered":"Dell Latitude E5500 PP32LB eredeti laptop csukl\u00f3t\u00e1masz \u00e9rint\u0151pad 50.4X802.001 k\u00e1bel"},"content":{"rendered":"<p>Ez a k\u00fcl\u00f6nleges csukl\u00f3t\u00e1masz kiv\u00e1l\u00f3 min\u0151s\u00e9g\u0171 anyagokb\u00f3l k\u00e9sz\u00fclt a tart\u00f3ss\u00e1g \u00e9s a hossz\u00fa \u00e9lettartam \u00e9rdek\u00e9ben. \u00dagy tervezt\u00e9k, hogy z\u00f6kken\u0151mentesen illeszkedjen a laptop t\u00f6bbi r\u00e9sz\u00e9hez, meg\u0151rizve az eleg\u00e1ns \u00e9s professzion\u00e1lis megjelen\u00e9st. A csukl\u00f3t\u00e1masz k\u00e9nyelmes fel\u00fcletet biztos\u00edt a felhaszn\u00e1l\u00f3k sz\u00e1m\u00e1ra, akik pihentethetik a kez\u00fcket g\u00e9pel\u00e9s \u00e9s az \u00e9rint\u0151padon val\u00f3 navig\u00e1l\u00e1s k\u00f6zben.<\/p>\n<p>Az integr\u00e1lt \u00e9rint\u0151pad lehet\u0151v\u00e9 teszi a felhaszn\u00e1l\u00f3k sz\u00e1m\u00e1ra a kurzor vez\u00e9rl\u00e9s\u00e9t \u00e9s k\u00fcl\u00f6nf\u00e9le gesztusok v\u00e9grehajt\u00e1s\u00e1t, \u00edgy k\u00e9nyelmes \u00e9s hat\u00e9kony m\u00f3dot biztos\u00edt a laptop haszn\u00e1lat\u00e1ra. Az \u00e9rint\u0151pad \u00e9rz\u00e9keny, \u00e9s t\u00e1mogatja a t\u00f6bb\u00e9rint\u00e9ses funkci\u00f3t, lehet\u0151v\u00e9 t\u00e9ve a felhaszn\u00e1l\u00f3k sz\u00e1m\u00e1ra a nagy\u00edt\u00e1st, g\u00f6rget\u00e9st \u00e9s egy\u00e9b m\u0171veletek egyszer\u0171 v\u00e9grehajt\u00e1s\u00e1t.<\/p>\n<p>Az 50.4X802.001-es k\u00e1bel kulcsfontoss\u00e1g\u00fa alkatr\u00e9sz, amely \u00f6sszek\u00f6ti a csukl\u00f3t\u00e1maszt \u00e9s az \u00e9rint\u0151padot a laptop alaplapj\u00e1val. Biztos\u00edtja a megfelel\u0151 jel\u00e1tvitelt, lehet\u0151v\u00e9 t\u00e9ve az \u00e9rint\u0151pad hat\u00e9kony kommunik\u00e1ci\u00f3j\u00e1t a laptop rendszer\u00e9vel.<\/p>\n<p>\u00d6sszess\u00e9g\u00e9ben a Dell Latitude E5500 PP32LB eredeti laptop csukl\u00f3t\u00e1masz \u00e9rint\u0151paddal \u00e9s 50.4X802.001 k\u00e1bellel megb\u00edzhat\u00f3 \u00e9s felhaszn\u00e1l\u00f3bar\u00e1t beviteli fel\u00fcletet k\u00edn\u00e1l a Dell Latitude E5500 laptophoz, n\u00f6velve a termel\u00e9kenys\u00e9get \u00e9s a felhaszn\u00e1l\u00f3i \u00e9lm\u00e9nyt.<\/p>\n","protected":false},"excerpt":{"rendered":"<p>A Dell Latitude E5500 PP32LB eredeti laptop csukl\u00f3t\u00e1masz egy kifejezetten a Dell Latitude E5500 laptopmodellhez tervezett alkatr\u00e9sz. Ez a laptop fels\u0151 burkolatak\u00e9nt szolg\u00e1l, \u00e9s a csukl\u00f3t\u00e1masznak \u00e9s az \u00e9rint\u0151padnak is helyet ad.<\/p>\n","protected":false},"featured_media":452,"template":"","meta":[],"product_brand":[],"product_cat":[20],"product_tag":[17],"class_list":{"0":"post-382","1":"product","2":"type-product","3":"status-publish","4":"has-post-thumbnail","6":"product_cat-cables","7":"product_tag-dell","9":"first","10":"instock","11":"taxable","12":"shipping-taxable","13":"purchasable","14":"product-type-simple"},"_links":{"self":[{"href":"https:\/\/boreait.com\/hu\/wp-json\/wp\/v2\/product\/382","targetHints":{"allow":["GET"]}}],"collection":[{"href":"https:\/\/boreait.com\/hu\/wp-json\/wp\/v2\/product"}],"about":[{"href":"https:\/\/boreait.com\/hu\/wp-json\/wp\/v2\/types\/product"}],"wp:featuredmedia":[{"embeddable":true,"href":"https:\/\/boreait.com\/hu\/wp-json\/wp\/v2\/media\/452"}],"wp:attachment":[{"href":"https:\/\/boreait.com\/hu\/wp-json\/wp\/v2\/media?parent=382"}],"wp:term":[{"taxonomy":"product_brand","embeddable":true,"href":"https:\/\/boreait.com\/hu\/wp-json\/wp\/v2\/product_brand?post=382"},{"taxonomy":"product_cat","embeddable":true,"href":"https:\/\/boreait.com\/hu\/wp-json\/wp\/v2\/product_cat?post=382"},{"taxonomy":"product_tag","embeddable":true,"href":"https:\/\/boreait.com\/hu\/wp-json\/wp\/v2\/product_tag?post=382"}],"curies":[{"name":"wp","href":"https:\/\/api.w.org\/{rel}","templated":true}]}}