{"id":381,"date":"2025-09-17T09:26:08","date_gmt":"2025-09-17T07:26:08","guid":{"rendered":"https:\/\/boreait.com\/hu\/?post_type=product&#038;p=381"},"modified":"2026-01-14T08:30:45","modified_gmt":"2026-01-14T07:30:45","slug":"eredeti-fujitsu-lifebook-e734-133-dc-jack-tap-dc-3-kabel-4-tus","status":"publish","type":"product","link":"https:\/\/boreait.com\/hu\/termek\/eredeti-fujitsu-lifebook-e734-133-dc-jack-tap-dc-3-kabel-4-tus\/","title":{"rendered":"Eredeti Fujitsu Lifebook E734 13,3&#8243; DC jack t\u00e1p DC 3 k\u00e1bel 4 t\u0171s"},"content":{"rendered":"<p>Az egyen\u00e1ram\u00fa jack t\u00e1pell\u00e1t\u00e1si rendszert apr\u00f3l\u00e9kosan tervezt\u00e9k, t\u00fckr\u00f6zve a Fujitsu min\u0151s\u00e9g \u00e9s tart\u00f3ss\u00e1g ir\u00e1nti elk\u00f6telezetts\u00e9g\u00e9t. A h\u00e1rom k\u00e1bel optim\u00e1lis \u00e1rameloszt\u00e1st biztos\u00edt, minim\u00e1lisra cs\u00f6kkenti az esetleges \u00e1ramingadoz\u00e1sokat, \u00e9s biztos\u00edtja a stabil teljes\u00edtm\u00e9nyt a hosszabb haszn\u00e1lati id\u0151szakok sor\u00e1n.<\/p>\n<p>N\u00e9gy t\u0171s konfigur\u00e1ci\u00f3j\u00e1val az egyen\u00e1ram\u00fa jack t\u00e1p biztons\u00e1gos \u00e9s robusztus kapcsolatot biztos\u00edt, cs\u00f6kkentve a v\u00e9letlen lev\u00e1laszt\u00e1s kock\u00e1zat\u00e1t. Ez a funkci\u00f3 k\u00fcl\u00f6n\u00f6sen fontos az \u00e1lland\u00f3 mozg\u00e1sban l\u00e9v\u0151 egy\u00e9nek sz\u00e1m\u00e1ra, mivel hektikus helyzetekben is garant\u00e1lja a zavartalan \u00e1ramell\u00e1t\u00e1st.<\/p>\n<p>Az egyen\u00e1ram\u00fa csatlakoz\u00f3aljzat \u00e1tgondolt tervez\u00e9se j\u00f3l p\u00e9ld\u00e1zza a Fujitsu r\u00e9szletekre val\u00f3 odafigyel\u00e9s\u00e9t, lehet\u0151v\u00e9 t\u00e9ve a Lifebook E734 felhaszn\u00e1l\u00f3inak, hogy az energi\u00e1val kapcsolatos zavar\u00f3 t\u00e9nyez\u0151k n\u00e9lk\u00fcl \u00f6sszpontos\u00edtsanak a feladataikra. Legyen sz\u00f3 ak\u00e1r kritikus projekteken dolgoz\u00f3 szakemberr\u0151l, ak\u00e1r el\u0151ad\u00e1sok k\u00f6zben jegyzetel\u0151 hallgat\u00f3r\u00f3l van sz\u00f3, ennek a laptopnak az energiaell\u00e1t\u00f3 rendszere megb\u00edzhat\u00f3s\u00e1got \u00e9s nyugalmat biztos\u00edt, \u00edgy kiv\u00e1l\u00f3 v\u00e1laszt\u00e1s azoknak, akik z\u00f6kken\u0151mentes sz\u00e1m\u00edt\u00e1stechnikai \u00e9lm\u00e9nyre v\u00e1gynak.<\/p>\n","protected":false},"excerpt":{"rendered":"<p>Az eredeti Fujitsu Lifebook E734 13,3&#8243; egy karcs\u00fa \u00e9s nagy teljes\u00edtm\u00e9ny\u0171 laptop, amelyet a modern szakemberek ig\u00e9nyeinek megfelel\u0151en terveztek. Egyik kiemelked\u0151 tulajdons\u00e1ga a h\u00e1rom k\u00e1bellel \u00e9s n\u00e9gy \u00e9rintkez\u0151s konfigur\u00e1ci\u00f3val ell\u00e1tott DC jack t\u00e1pell\u00e1t\u00e1s. Ez az egyed\u00fcl\u00e1ll\u00f3 be\u00e1ll\u00edt\u00e1s megb\u00edzhat\u00f3 \u00e9s hat\u00e9kony \u00e1ramell\u00e1t\u00e1st biztos\u00edt a laptop sz\u00e1m\u00e1ra, lehet\u0151v\u00e9 t\u00e9ve a felhaszn\u00e1l\u00f3k sz\u00e1m\u00e1ra, hogy z\u00f6kken\u0151mentesen dolgozhassanak an\u00e9lk\u00fcl, hogy agg\u00f3dn\u00e1nak az akkumul\u00e1tor \u00e9lettartama miatt.<\/p>\n","protected":false},"featured_media":450,"template":"","meta":[],"product_brand":[],"product_cat":[20],"product_tag":[28],"class_list":{"0":"post-381","1":"product","2":"type-product","3":"status-publish","4":"has-post-thumbnail","6":"product_cat-cables","7":"product_tag-fujitsu","9":"first","10":"instock","11":"taxable","12":"shipping-taxable","13":"purchasable","14":"product-type-simple"},"_links":{"self":[{"href":"https:\/\/boreait.com\/hu\/wp-json\/wp\/v2\/product\/381","targetHints":{"allow":["GET"]}}],"collection":[{"href":"https:\/\/boreait.com\/hu\/wp-json\/wp\/v2\/product"}],"about":[{"href":"https:\/\/boreait.com\/hu\/wp-json\/wp\/v2\/types\/product"}],"wp:featuredmedia":[{"embeddable":true,"href":"https:\/\/boreait.com\/hu\/wp-json\/wp\/v2\/media\/450"}],"wp:attachment":[{"href":"https:\/\/boreait.com\/hu\/wp-json\/wp\/v2\/media?parent=381"}],"wp:term":[{"taxonomy":"product_brand","embeddable":true,"href":"https:\/\/boreait.com\/hu\/wp-json\/wp\/v2\/product_brand?post=381"},{"taxonomy":"product_cat","embeddable":true,"href":"https:\/\/boreait.com\/hu\/wp-json\/wp\/v2\/product_cat?post=381"},{"taxonomy":"product_tag","embeddable":true,"href":"https:\/\/boreait.com\/hu\/wp-json\/wp\/v2\/product_tag?post=381"}],"curies":[{"name":"wp","href":"https:\/\/api.w.org\/{rel}","templated":true}]}}