{"id":3802,"date":"2025-09-17T10:46:35","date_gmt":"2025-09-17T08:46:35","guid":{"rendered":"https:\/\/boreait.com\/hu\/?post_type=product&#038;p=3802"},"modified":"2025-09-17T10:47:12","modified_gmt":"2025-09-17T08:47:12","slug":"hp-elitebook-820-g1-also-tok-alvaz-burkolat-haz-730551-001","status":"publish","type":"product","link":"https:\/\/boreait.com\/hu\/termek\/hp-elitebook-820-g1-also-tok-alvaz-burkolat-haz-730551-001\/","title":{"rendered":"HP EliteBook 820 G1 als\u00f3 tok alv\u00e1z burkolat h\u00e1z 730551-001"},"content":{"rendered":"<p>N\u00f6velje HP EliteBook 820 G1 laptopja tart\u00f3ss\u00e1g\u00e1t \u00e9s eszt\u00e9tik\u00e1j\u00e1t a 730551-001 sz\u00e1m\u00fa HP EliteBook 820 G1 als\u00f3 burkolattal. A v\u00e9delmet \u00e9s a letisztult megjelen\u00e9st biztos\u00edt\u00f3 eredeti tokh\u00e1z z\u00f6kken\u0151mentes illeszked\u00e9st \u00e9s jobb \u00e1ltal\u00e1nos funkcionalit\u00e1st biztos\u00edt laptopja sz\u00e1m\u00e1ra.<\/p>\n<p>A HP, a sz\u00e1m\u00edt\u00e1stechnika megb\u00edzhat\u00f3 vezet\u0151 gy\u00e1rt\u00f3ja \u00e1ltal gy\u00e1rtott 730551-001 als\u00f3 h\u00e1zat \u00fagy tervezt\u00e9k, hogy megfeleljen az EliteBook 820 G1 min\u0151s\u00e9gi \u00e9s tervez\u00e9si szabv\u00e1nyainak. Ez a h\u00e1z v\u00e9d\u0151burkolatk\u00e9nt szolg\u00e1l a laptop bels\u0151 alkatr\u00e9szei sz\u00e1m\u00e1ra, megv\u00e9dve azokat a k\u00fcls\u0151 elemekt\u0151l \u00e9s \u00fct\u00e9sekt\u0151l.<\/p>\n<p>Ak\u00e1r elhaszn\u00e1l\u00f3dott h\u00e1zat cser\u00e9l, ak\u00e1r laptopja \u00e1ltal\u00e1nos megjelen\u00e9s\u00e9t szeretn\u00e9 jav\u00edtani, ez az als\u00f3 h\u00e1z megb\u00edzhat\u00f3 megold\u00e1st k\u00edn\u00e1l. Prec\u00edzi\u00f3s tervez\u00e9se biztos\u00edtja a pontos illeszked\u00e9st a laptop eredeti alkatr\u00e9szeihez, \u00edgy a telep\u00edt\u00e9s egyszer\u0171.<\/p>\n<p>N\u00f6velje laptopja v\u00e9delm\u00e9t \u00e9s eszt\u00e9tik\u00e1j\u00e1t a HP EliteBook 820 G1 als\u00f3 h\u00e1zzal, 730551-001. \u00c9lvezze a megn\u00f6velt tart\u00f3ss\u00e1got, a csiszolt megjelen\u00e9st \u00e9s a biztos\u00edt\u00e9kot, hogy laptopja bels\u0151 alkatr\u00e9szei megfelel\u0151en v\u00e9dettek.<\/p>\n<p>V\u00e1s\u00e1rl\u00e1s el\u0151tt ellen\u0151rizze, hogy kompatibilis-e az adott laptopmodellj\u00e9vel.<\/p>\n","protected":false},"excerpt":{"rendered":"<p>N\u00f6velje HP EliteBook 820 G1 laptopja v\u00e9delm\u00e9t \u00e9s megjelen\u00e9s\u00e9t a HP EliteBook 820 G1 als\u00f3 tok 730551-001 sz\u00e1m\u00fa h\u00e1zburkolattal. \u00c9lvezze a megn\u00f6velt tart\u00f3ss\u00e1got \u00e9s az eleg\u00e1ns, j\u00f3l illeszked\u0151 kialak\u00edt\u00e1st.<\/p>\n","protected":false},"featured_media":3854,"template":"","meta":[],"product_brand":[],"product_cat":[16],"product_tag":[25],"class_list":{"0":"post-3802","1":"product","2":"type-product","3":"status-publish","4":"has-post-thumbnail","6":"product_cat-laptop-housing","7":"product_tag-hp","9":"first","10":"instock","11":"taxable","12":"shipping-taxable","13":"purchasable","14":"product-type-simple"},"_links":{"self":[{"href":"https:\/\/boreait.com\/hu\/wp-json\/wp\/v2\/product\/3802","targetHints":{"allow":["GET"]}}],"collection":[{"href":"https:\/\/boreait.com\/hu\/wp-json\/wp\/v2\/product"}],"about":[{"href":"https:\/\/boreait.com\/hu\/wp-json\/wp\/v2\/types\/product"}],"wp:featuredmedia":[{"embeddable":true,"href":"https:\/\/boreait.com\/hu\/wp-json\/wp\/v2\/media\/3854"}],"wp:attachment":[{"href":"https:\/\/boreait.com\/hu\/wp-json\/wp\/v2\/media?parent=3802"}],"wp:term":[{"taxonomy":"product_brand","embeddable":true,"href":"https:\/\/boreait.com\/hu\/wp-json\/wp\/v2\/product_brand?post=3802"},{"taxonomy":"product_cat","embeddable":true,"href":"https:\/\/boreait.com\/hu\/wp-json\/wp\/v2\/product_cat?post=3802"},{"taxonomy":"product_tag","embeddable":true,"href":"https:\/\/boreait.com\/hu\/wp-json\/wp\/v2\/product_tag?post=3802"}],"curies":[{"name":"wp","href":"https:\/\/api.w.org\/{rel}","templated":true}]}}