{"id":3801,"date":"2025-09-17T10:46:35","date_gmt":"2025-09-17T08:46:35","guid":{"rendered":"https:\/\/boreait.com\/hu\/?post_type=product&#038;p=3801"},"modified":"2025-09-17T10:47:10","modified_gmt":"2025-09-17T08:47:10","slug":"dell-latitude-e5570-laptop-alaphaz-also-haz-tok-c16xc-0c16xc-cn-0c16xc","status":"publish","type":"product","link":"https:\/\/boreait.com\/hu\/termek\/dell-latitude-e5570-laptop-alaphaz-also-haz-tok-c16xc-0c16xc-cn-0c16xc\/","title":{"rendered":"Dell Latitude E5570 laptop alaph\u00e1z als\u00f3 h\u00e1z tok C16XC 0C16XC CN-0C16XC"},"content":{"rendered":"<p>B\u0151v\u00edtse Dell Latitude E5570 laptopja alaph\u00e1z\u00e1nak als\u00f3 h\u00e1z\u00e1t a Dell Latitude E5570 Laptop Base Bottom Chassis Case tokkal (C16XC). \u00dagy tervezt\u00e9k, hogy tart\u00f3ss\u00e1got \u00e9s v\u00e9delmet biztos\u00edtson laptopja bels\u0151 alkatr\u00e9szei sz\u00e1m\u00e1ra, ez az eredeti Dell h\u00e1zh\u00e1z z\u00f6kken\u0151mentes illeszked\u00e9st \u00e9s megb\u00edzhat\u00f3 teljes\u00edtm\u00e9nyt k\u00edn\u00e1l.<\/p>\n<p>A Dell, a laptoptechnol\u00f3gia megb\u00edzhat\u00f3 vezet\u0151 gy\u00e1rt\u00f3ja \u00e1ltal gy\u00e1rtott C16XC h\u00e1zat \u00fagy tervezt\u00e9k, hogy megfeleljen a legmagasabb min\u0151s\u00e9gi el\u0151\u00edr\u00e1soknak. Gondoskodik arr\u00f3l, hogy laptopja bels\u0151 alkatr\u00e9szei v\u00e9dve legyenek a k\u00fcls\u0151 elemekt\u0151l, meg\u0151rizve k\u00e9sz\u00fcl\u00e9ke integrit\u00e1s\u00e1t \u00e9s hossz\u00fa \u00e9lettartam\u00e1t.<\/p>\n<p>Ak\u00e1r s\u00e9r\u00fclt h\u00e1zh\u00e1zat cser\u00e9l, ak\u00e1r laptopja v\u00e9delm\u00e9t szeretn\u00e9 fokozni, a C16XC az ide\u00e1lis v\u00e1laszt\u00e1s. \u00dagy tervezt\u00e9k, hogy t\u00f6k\u00e9letesen illeszkedjen a laptop eredeti alkatr\u00e9szeihez, lehet\u0151v\u00e9 t\u00e9ve a probl\u00e9mamentes telep\u00edt\u00e9si folyamatot.<\/p>\n<p>Friss\u00edtse Dell Latitude E5570 laptopj\u00e1t a Dell Latitude E5570 Laptop Base Bottom Chassis Case tokkal (C16XC), \u00e9s gondoskodjon \u00e9rt\u00e9kes eszk\u00f6ze biztons\u00e1g\u00e1r\u00f3l \u00e9s tart\u00f3ss\u00e1g\u00e1r\u00f3l. V\u00e9dje meg befektet\u00e9s\u00e9t, \u00e9s \u00e9lvezze az eredeti Dell min\u0151s\u00e9g \u00e1ltal biztos\u00edtott nyugalmat.<\/p>\n<p>V\u00e1s\u00e1rl\u00e1s el\u0151tt ellen\u0151rizze, hogy kompatibilis-e az adott laptopmodellj\u00e9vel.<\/p>\n","protected":false},"excerpt":{"rendered":"<p>N\u00f6velje Dell Latitude E5570 laptopja v\u00e9delm\u00e9t \u00e9s tart\u00f3ss\u00e1g\u00e1t a Dell Latitude E5570 Laptop Base Bottom Chassis Case tokkal (C16XC). \u00c9lvezze a z\u00f6kken\u0151mentes illeszked\u00e9st \u00e9s a megb\u00edzhat\u00f3 teljes\u00edtm\u00e9nyt.<\/p>\n","protected":false},"featured_media":3853,"template":"","meta":[],"product_brand":[],"product_cat":[16],"product_tag":[17],"class_list":{"0":"post-3801","1":"product","2":"type-product","3":"status-publish","4":"has-post-thumbnail","6":"product_cat-laptop-housing","7":"product_tag-dell","9":"first","10":"instock","11":"taxable","12":"shipping-taxable","13":"purchasable","14":"product-type-simple"},"_links":{"self":[{"href":"https:\/\/boreait.com\/hu\/wp-json\/wp\/v2\/product\/3801","targetHints":{"allow":["GET"]}}],"collection":[{"href":"https:\/\/boreait.com\/hu\/wp-json\/wp\/v2\/product"}],"about":[{"href":"https:\/\/boreait.com\/hu\/wp-json\/wp\/v2\/types\/product"}],"wp:featuredmedia":[{"embeddable":true,"href":"https:\/\/boreait.com\/hu\/wp-json\/wp\/v2\/media\/3853"}],"wp:attachment":[{"href":"https:\/\/boreait.com\/hu\/wp-json\/wp\/v2\/media?parent=3801"}],"wp:term":[{"taxonomy":"product_brand","embeddable":true,"href":"https:\/\/boreait.com\/hu\/wp-json\/wp\/v2\/product_brand?post=3801"},{"taxonomy":"product_cat","embeddable":true,"href":"https:\/\/boreait.com\/hu\/wp-json\/wp\/v2\/product_cat?post=3801"},{"taxonomy":"product_tag","embeddable":true,"href":"https:\/\/boreait.com\/hu\/wp-json\/wp\/v2\/product_tag?post=3801"}],"curies":[{"name":"wp","href":"https:\/\/api.w.org\/{rel}","templated":true}]}}