{"id":3800,"date":"2025-09-17T10:46:34","date_gmt":"2025-09-17T08:46:34","guid":{"rendered":"https:\/\/boreait.com\/hu\/?post_type=product&#038;p=3800"},"modified":"2025-09-17T10:47:09","modified_gmt":"2025-09-17T08:47:09","slug":"uj-hp-zbook-15-g1-g2-also-alapburkolat-tok-734279-001","status":"publish","type":"product","link":"https:\/\/boreait.com\/hu\/termek\/uj-hp-zbook-15-g1-g2-also-alapburkolat-tok-734279-001\/","title":{"rendered":"\u00daj: HP ZBOOK 15 G1 G2 als\u00f3 alapburkolat tok 734279-001"},"content":{"rendered":"<p>Adjon friss megjelen\u00e9st \u00e9s fokozott v\u00e9delmet HP ZBOOK 15 G1 vagy G2 laptopj\u00e1nak az \u00faj, HP ZBOOK 15 G1 G2 734279-001 sz\u00e1m\u00fa als\u00f3 alapburkolat tokkal. A laptop als\u00f3 fedel\u00e9nek cser\u00e9j\u00e9re tervezett eredeti HP alkatr\u00e9sz t\u00f6k\u00e9letes illeszked\u00e9st, tart\u00f3ss\u00e1got \u00e9s jobb eszt\u00e9tikai megjelen\u00e9st biztos\u00edt eszk\u00f6z\u00e9nek.<\/p>\n<p>A HP, a laptoptechnol\u00f3gia megb\u00edzhat\u00f3 vezet\u0151 gy\u00e1rt\u00f3ja \u00e1ltal gy\u00e1rtott als\u00f3 alapburkolat kifejezetten a ZBOOK 15 G1 \u00e9s G2 modellekhez k\u00e9sz\u00fclt. Biztons\u00e1gos h\u00e1zat biztos\u00edt a laptop bels\u0151 alkatr\u00e9szeinek, mik\u00f6zben extra v\u00e9delmet ny\u00fajt a karcol\u00e1sokkal \u00e9s kisebb \u00fct\u00e9sekkel szemben.<\/p>\n<p>Az als\u00f3 alapburkolat cser\u00e9je egyszer\u0171 folyamat, amelyhez nincs sz\u00fcks\u00e9g speci\u00e1lis szersz\u00e1mokra. N\u00f6velje laptopja \u00e1ltal\u00e1nos megjelen\u00e9s\u00e9t \u00e9s tart\u00f3ss\u00e1g\u00e1t ezzel az eredeti cserealkatr\u00e9szrel.<\/p>\n<p>Friss\u00edtse HP ZBOOK 15 G1 vagy G2 laptopja megjelen\u00e9s\u00e9t \u00e9s v\u00e9delm\u00e9t az \u00faj, HP ZBOOK 15 G1 G2 734279-001 sz\u00e1m\u00fa als\u00f3 alapburkolat tokkal. \u00c9lvezze a friss, eleg\u00e1ns megjelen\u00e9st \u00e9s a fokozott v\u00e9delmet a napi kop\u00e1s ellen.<\/p>\n<p>V\u00e1s\u00e1rl\u00e1s el\u0151tt ellen\u0151rizze, hogy kompatibilis-e az adott laptopmodellj\u00e9vel.<\/p>\n","protected":false},"excerpt":{"rendered":"<p>N\u00f6velje HP ZBOOK 15 G1 vagy G2 laptopja megjelen\u00e9s\u00e9t \u00e9s v\u00e9delm\u00e9t az \u00faj, HP ZBOOK 15 G1 G2 734279-001 sz\u00e1m\u00fa als\u00f3 alapburkolat tokkal. \u00c9lvezze az eleg\u00e1ns megjelen\u00e9st \u00e9s a fokozott tart\u00f3ss\u00e1got.<\/p>\n","protected":false},"featured_media":3851,"template":"","meta":[],"product_brand":[],"product_cat":[16],"product_tag":[25],"class_list":{"0":"post-3800","1":"product","2":"type-product","3":"status-publish","4":"has-post-thumbnail","6":"product_cat-laptop-housing","7":"product_tag-hp","9":"first","10":"instock","11":"taxable","12":"shipping-taxable","13":"purchasable","14":"product-type-simple"},"_links":{"self":[{"href":"https:\/\/boreait.com\/hu\/wp-json\/wp\/v2\/product\/3800","targetHints":{"allow":["GET"]}}],"collection":[{"href":"https:\/\/boreait.com\/hu\/wp-json\/wp\/v2\/product"}],"about":[{"href":"https:\/\/boreait.com\/hu\/wp-json\/wp\/v2\/types\/product"}],"wp:featuredmedia":[{"embeddable":true,"href":"https:\/\/boreait.com\/hu\/wp-json\/wp\/v2\/media\/3851"}],"wp:attachment":[{"href":"https:\/\/boreait.com\/hu\/wp-json\/wp\/v2\/media?parent=3800"}],"wp:term":[{"taxonomy":"product_brand","embeddable":true,"href":"https:\/\/boreait.com\/hu\/wp-json\/wp\/v2\/product_brand?post=3800"},{"taxonomy":"product_cat","embeddable":true,"href":"https:\/\/boreait.com\/hu\/wp-json\/wp\/v2\/product_cat?post=3800"},{"taxonomy":"product_tag","embeddable":true,"href":"https:\/\/boreait.com\/hu\/wp-json\/wp\/v2\/product_tag?post=3800"}],"curies":[{"name":"wp","href":"https:\/\/api.w.org\/{rel}","templated":true}]}}