{"id":380,"date":"2025-09-17T09:26:08","date_gmt":"2025-09-17T07:26:08","guid":{"rendered":"https:\/\/boreait.com\/hu\/?post_type=product&#038;p=380"},"modified":"2025-09-17T09:27:05","modified_gmt":"2025-09-17T07:27:05","slug":"sbb0j08711-lcd-kepernyo-kabel-lenovo-thinkpad-t460-hoz","status":"publish","type":"product","link":"https:\/\/boreait.com\/hu\/termek\/sbb0j08711-lcd-kepernyo-kabel-lenovo-thinkpad-t460-hoz\/","title":{"rendered":"SBB0J08711 LCD-k\u00e9perny\u0151 k\u00e1bel Lenovo ThinkPad T460-hoz"},"content":{"rendered":"<div class=\"flex-1 overflow-hidden\">\n<div class=\"react-scroll-to-bottom--css-setzj-79elbk h-full dark:bg-gray-800\">\n<div class=\"react-scroll-to-bottom--css-setzj-1n7m0yu\">\n<div class=\"flex flex-col text-sm dark:bg-gray-800\">\n<div class=\"group w-full text-gray-800 dark:text-gray-100 border-b border-black\/10 dark:border-gray-900\/50 bg-gray-50 dark:bg-[#444654]\">\n<div class=\"flex p-4 gap-4 text-base md:gap-6 md:max-w-2xl lg:max-w-[38rem] xl:max-w-3xl md:py-6 lg:px-0 m-auto\">\n<div class=\"relat\u00edv flex w-[calc(100%-50px)] flex-col gap-1 md:gap-3 lg:w-[calc(100%-115px)]\">\n<div class=\"flex flex-grow flex-col gap-3\">\n<div class=\"min-h-[20px] flex flex-col items-start gap-4 whitespace-pre-wrap break-words\">\n<div class=\"markdown prose w-full break-words dark:prose-invert light\">\n<p>A k\u00e1bel elengedhetetlen eleme a laptop kijelz\u0151j\u00e9nek megfelel\u0151 m\u0171k\u00f6d\u00e9s\u00e9hez. Feladata a videojel tov\u00e1bb\u00edt\u00e1sa a grafikus k\u00e1rty\u00e1r\u00f3l vagy az integr\u00e1lt grafikus chipk\u00e9szletr\u0151l az LCD-panelre, lehet\u0151v\u00e9 t\u00e9ve a k\u00e9pek, vide\u00f3k \u00e9s egy\u00e9b vizu\u00e1lis tartalmak megjelen\u00edt\u00e9s\u00e9t a k\u00e9perny\u0151n.<\/p>\n<p>Az SBB0J08711 LCD-k\u00e9perny\u0151 k\u00e1belt kifejezetten a ThinkPad T460-hoz tervezt\u00e9k, \u00edgy biztos\u00edtva a kompatibilit\u00e1st \u00e9s az optim\u00e1lis teljes\u00edtm\u00e9nyt. Kiv\u00e1l\u00f3 min\u0151s\u00e9g\u0171 anyagokb\u00f3l \u00e9s prec\u00edz fel\u00e9p\u00edt\u00e9sb\u0151l k\u00e9sz\u00fcl, hogy megb\u00edzhat\u00f3 \u00e9s tart\u00f3s kapcsolatot biztos\u00edtson az alaplap \u00e9s a k\u00e9perny\u0151 k\u00f6z\u00f6tt.<\/p>\n<p>Ha megjelen\u00edt\u00e9si probl\u00e9m\u00e1kat tapasztal ThinkPad T460s k\u00e9sz\u00fcl\u00e9k\u00e9n, p\u00e9ld\u00e1ul villog\u00f3 k\u00e9perny\u0151, nincs kijelz\u0151 vagy torz k\u00e9pek, akkor az LCD-k\u00e9perny\u0151 k\u00e1bele lehet az oka. Ilyen esetekben a k\u00e1bel cser\u00e9je egy kompatibilis k\u00e1belre, p\u00e9ld\u00e1ul az SBB0J08711-re seg\u00edthet megoldani a probl\u00e9m\u00e1t, \u00e9s vissza\u00e1ll\u00edtani a laptop kijelz\u0151j\u00e9nek megfelel\u0151 m\u0171k\u00f6d\u00e9s\u00e9t.<\/p>\n<p>\u00c9rdemes megjegyezni, hogy ha nem ismeri a laptop hardver\u00e9t \u00e9s jav\u00edt\u00e1s\u00e1t, javasoljuk, hogy az LCD-k\u00e9perny\u0151 k\u00e1bel\u00e9nek cser\u00e9jekor szakember seg\u00edts\u00e9g\u00e9t k\u00e9rje, hogy elker\u00fclje a laptop vagy alkatr\u00e9szeinek esetleges k\u00e1rosod\u00e1s\u00e1t.<\/p>\n<\/div>\n<\/div>\n<\/div>\n<\/div>\n<\/div>\n<\/div>\n<\/div>\n<\/div>\n<\/div>\n<\/div>\n","protected":false},"excerpt":{"rendered":"<p>Az SBB0J08711 LCD-k\u00e9perny\u0151 k\u00e1bel egy speci\u00e1lis k\u00e1bel, amelyet a Lenovo ThinkPad T460s laptopmodellhez terveztek. Ez a k\u00e1bel csatlakoztatja a laptop alaplapj\u00e1t az LCD-k\u00e9perny\u0151h\u00f6z, tov\u00e1bb\u00edtja a sz\u00fcks\u00e9ges videojelet \u00e9s t\u00e1pell\u00e1t\u00e1st a k\u00e9pek \u00e9s grafik\u00e1k k\u00e9perny\u0151n t\u00f6rt\u00e9n\u0151 megjelen\u00edt\u00e9s\u00e9hez.<\/p>\n","protected":false},"featured_media":448,"template":"","meta":[],"product_brand":[],"product_cat":[20],"product_tag":[],"class_list":{"0":"post-380","1":"product","2":"type-product","3":"status-publish","4":"has-post-thumbnail","6":"product_cat-cables","8":"first","9":"instock","10":"taxable","11":"shipping-taxable","12":"purchasable","13":"product-type-simple"},"_links":{"self":[{"href":"https:\/\/boreait.com\/hu\/wp-json\/wp\/v2\/product\/380","targetHints":{"allow":["GET"]}}],"collection":[{"href":"https:\/\/boreait.com\/hu\/wp-json\/wp\/v2\/product"}],"about":[{"href":"https:\/\/boreait.com\/hu\/wp-json\/wp\/v2\/types\/product"}],"wp:featuredmedia":[{"embeddable":true,"href":"https:\/\/boreait.com\/hu\/wp-json\/wp\/v2\/media\/448"}],"wp:attachment":[{"href":"https:\/\/boreait.com\/hu\/wp-json\/wp\/v2\/media?parent=380"}],"wp:term":[{"taxonomy":"product_brand","embeddable":true,"href":"https:\/\/boreait.com\/hu\/wp-json\/wp\/v2\/product_brand?post=380"},{"taxonomy":"product_cat","embeddable":true,"href":"https:\/\/boreait.com\/hu\/wp-json\/wp\/v2\/product_cat?post=380"},{"taxonomy":"product_tag","embeddable":true,"href":"https:\/\/boreait.com\/hu\/wp-json\/wp\/v2\/product_tag?post=380"}],"curies":[{"name":"wp","href":"https:\/\/api.w.org\/{rel}","templated":true}]}}