{"id":3799,"date":"2025-09-17T10:46:34","date_gmt":"2025-09-17T08:46:34","guid":{"rendered":"https:\/\/boreait.com\/hu\/?post_type=product&#038;p=3799"},"modified":"2025-09-17T10:47:07","modified_gmt":"2025-09-17T08:47:07","slug":"eredeti-lenovo-thinkpad-t460s-14-huvelykes-alaphaz-sm10h22117","status":"publish","type":"product","link":"https:\/\/boreait.com\/hu\/termek\/eredeti-lenovo-thinkpad-t460s-14-huvelykes-alaphaz-sm10h22117\/","title":{"rendered":"Eredeti Lenovo ThinkPad T460s 14 h\u00fcvelykes &#8211; Alaph\u00e1z &#8211; SM10H22117"},"content":{"rendered":"<p>N\u00f6velje Lenovo ThinkPad T460s 14 h\u00fcvelykes laptopja eszt\u00e9tik\u00e1j\u00e1t \u00e9s v\u00e9delm\u00e9t az Eredeti Lenovo ThinkPad T460s Base Case Assembly-vel (cikksz\u00e1m: SM10H22117). Ezt az autentikus alaptokot \u00fagy tervezt\u00e9k, hogy z\u00f6kken\u0151mentesen illeszkedjen laptopj\u00e1hoz, funkcionalit\u00e1st \u00e9s eleg\u00e1ns megjelen\u00e9st egyar\u00e1nt k\u00edn\u00e1l.<\/p>\n<p>A Lenovo \u00e1ltal gy\u00e1rtott, megb\u00edzhat\u00f3 n\u00e9v a laptoptechnol\u00f3gi\u00e1ban, ez az alaph\u00e1z-szerelv\u00e9ny a legmagasabb min\u0151s\u00e9gi szabv\u00e1nyok szerint k\u00e9sz\u00fcl. Nemcsak v\u00e9d\u0151burkolatk\u00e9nt szolg\u00e1l a laptop belsej\u00e9nek, hanem jav\u00edtja a ThinkPad T460s \u00e1ltal\u00e1nos megjelen\u00e9s\u00e9t is.<\/p>\n<p>A telep\u00edt\u00e9s probl\u00e9mamentes, \u00e9s a megl\u00e9v\u0151 alaph\u00e1z-szerelv\u00e9nyt egyszer\u0171en kicser\u00e9lheti erre az eredeti alkatr\u00e9szre. Ezt az alaph\u00e1z szerelv\u00e9nyt kifejezetten a 14 h\u00fcvelykes ThinkPad T460s modellhez tervezt\u00e9k, t\u00f6k\u00e9letes illeszked\u00e9st \u00e9s kompatibilit\u00e1st biztos\u00edtva.<\/p>\n<p>Friss\u00edtse laptopja megjelen\u00e9s\u00e9t \u00e9s v\u00e9delm\u00e9t az eredeti Lenovo ThinkPad T460s 14 h\u00fcvelykes alaph\u00e1z-egys\u00e9ggel (cikksz\u00e1m: SM10H22117). \u00c9lvezze a friss\u00edtett \u00e9s professzion\u00e1lis megjelen\u00e9st, mik\u00f6zben meg\u00f3vja laptopj\u00e1t a napi elhaszn\u00e1l\u00f3d\u00e1st\u00f3l.<\/p>\n<p>V\u00e1s\u00e1rl\u00e1s el\u0151tt ellen\u0151rizze, hogy kompatibilis-e az adott laptopmodellj\u00e9vel.<\/p>\n","protected":false},"excerpt":{"rendered":"<p>Fokozza Lenovo ThinkPad T460s 14 h\u00fcvelykes laptopja megjelen\u00e9s\u00e9t \u00e9s v\u00e9delm\u00e9t az Eredeti Lenovo ThinkPad T460s Base Case Assembly-vel (cikksz\u00e1m: SM10H22117). Jav\u00edtsa laptopja eszt\u00e9tik\u00e1j\u00e1t, \u00e9s \u00f3vja meg a napi elhaszn\u00e1l\u00f3d\u00e1st\u00f3l.<\/p>\n","protected":false},"featured_media":3849,"template":"","meta":[],"product_brand":[],"product_cat":[16],"product_tag":[26],"class_list":{"0":"post-3799","1":"product","2":"type-product","3":"status-publish","4":"has-post-thumbnail","6":"product_cat-laptop-housing","7":"product_tag-lenovo","9":"first","10":"instock","11":"taxable","12":"shipping-taxable","13":"purchasable","14":"product-type-simple"},"_links":{"self":[{"href":"https:\/\/boreait.com\/hu\/wp-json\/wp\/v2\/product\/3799","targetHints":{"allow":["GET"]}}],"collection":[{"href":"https:\/\/boreait.com\/hu\/wp-json\/wp\/v2\/product"}],"about":[{"href":"https:\/\/boreait.com\/hu\/wp-json\/wp\/v2\/types\/product"}],"wp:featuredmedia":[{"embeddable":true,"href":"https:\/\/boreait.com\/hu\/wp-json\/wp\/v2\/media\/3849"}],"wp:attachment":[{"href":"https:\/\/boreait.com\/hu\/wp-json\/wp\/v2\/media?parent=3799"}],"wp:term":[{"taxonomy":"product_brand","embeddable":true,"href":"https:\/\/boreait.com\/hu\/wp-json\/wp\/v2\/product_brand?post=3799"},{"taxonomy":"product_cat","embeddable":true,"href":"https:\/\/boreait.com\/hu\/wp-json\/wp\/v2\/product_cat?post=3799"},{"taxonomy":"product_tag","embeddable":true,"href":"https:\/\/boreait.com\/hu\/wp-json\/wp\/v2\/product_tag?post=3799"}],"curies":[{"name":"wp","href":"https:\/\/api.w.org\/{rel}","templated":true}]}}