{"id":3798,"date":"2025-09-17T10:46:34","date_gmt":"2025-09-17T08:46:34","guid":{"rendered":"https:\/\/boreait.com\/hu\/?post_type=product&#038;p=3798"},"modified":"2025-09-17T10:47:05","modified_gmt":"2025-09-17T08:47:05","slug":"hp-elitebook-820-g1-sorozat-783215-001-laptop-csuklotamasz","status":"publish","type":"product","link":"https:\/\/boreait.com\/hu\/termek\/hp-elitebook-820-g1-sorozat-783215-001-laptop-csuklotamasz\/","title":{"rendered":"HP EliteBook 820 G1 sorozat 783215-001 laptop csukl\u00f3t\u00e1masz"},"content":{"rendered":"<p>Fokozza HP EliteBook 820 G1 sorozat\u00fa laptopja megjelen\u00e9s\u00e9t \u00e9s funkcionalit\u00e1s\u00e1t a HP 783215-001 laptop csukl\u00f3t\u00e1masz seg\u00edts\u00e9g\u00e9vel. \u00dagy tervezt\u00e9k, hogy k\u00e9nyelmes csukl\u00f3t\u00e1maszt biztos\u00edtson \u00e9s v\u00e9dje laptopja bels\u0151 alkatr\u00e9szeit, ez az eredeti HP csukl\u00f3t\u00e1masz st\u00edlust \u00e9s tart\u00f3ss\u00e1got egyar\u00e1nt biztos\u00edt.<\/p>\n<p>A HP EliteBook 820 G1 sorozathoz gy\u00e1rtotta, a sz\u00e1m\u00edt\u00e1stechnika megb\u00edzhat\u00f3 vezet\u0151j\u00e9nek sz\u00e1m\u00edt\u00f3 783215-001 laptop csukl\u00f3t\u00e1masz t\u00f6k\u00e9letes illeszked\u00e9st \u00e9s z\u00f6kken\u0151mentes integr\u00e1ci\u00f3t biztos\u00edt laptopj\u00e1hoz. Nemcsak eszt\u00e9tikusabb\u00e1 teszi a laptopot, hanem k\u00e9nyelmes teny\u00e9rt\u00e1maszt is biztos\u00edt a hosszabb g\u00e9pel\u00e9si munkamenetekhez.<\/p>\n<p>A telep\u00edt\u00e9s egyszer\u0171, \u00e9s a csukl\u00f3t\u00e1masz minden sz\u00fcks\u00e9ges alkatr\u00e9szt tartalmaz a probl\u00e9mamentes friss\u00edt\u00e9shez. Ha ezt az eredeti HP csukl\u00f3t\u00e1maszt v\u00e1lasztja, \u00d6n laptopja eszt\u00e9tikai megjelen\u00e9s\u00e9be \u00e9s v\u00e9delm\u00e9be is fektet.<\/p>\n<p>Fokozza laptopja megjelen\u00e9s\u00e9t \u00e9s haszn\u00e1lhat\u00f3s\u00e1g\u00e1t a HP EliteBook 820 G1 Series 783215-001 laptop csukl\u00f3t\u00e1masz seg\u00edts\u00e9g\u00e9vel. \u00c9lvezze a k\u00e9nyelmes k\u00e9zt\u00e1maszt \u00e9s a laptop v\u00e9delm\u00e9t. N\u00f6velje sz\u00e1m\u00edt\u00e1stechnikai \u00e9lm\u00e9ny\u00e9t ezzel a st\u00edlusos \u00e9s funkcion\u00e1lis csukl\u00f3t\u00e1maszsal.<\/p>\n<p>V\u00e1s\u00e1rl\u00e1s el\u0151tt ellen\u0151rizze, hogy kompatibilis-e az adott laptopmodellj\u00e9vel.<\/p>\n","protected":false},"excerpt":{"rendered":"<p>Fejlessze fel HP EliteBook 820 G1 sorozat\u00fa laptopj\u00e1t a HP 783215-001 laptop csukl\u00f3t\u00e1masz seg\u00edts\u00e9g\u00e9vel. \u00c9lvezze a k\u00e9nyelmes k\u00e9zt\u00e1maszt \u00e9s a laptop bels\u0151 alkatr\u00e9szeinek tov\u00e1bbi v\u00e9delm\u00e9t.<\/p>\n","protected":false},"featured_media":3847,"template":"","meta":[],"product_brand":[],"product_cat":[16],"product_tag":[25],"class_list":{"0":"post-3798","1":"product","2":"type-product","3":"status-publish","4":"has-post-thumbnail","6":"product_cat-laptop-housing","7":"product_tag-hp","9":"first","10":"instock","11":"taxable","12":"shipping-taxable","13":"purchasable","14":"product-type-simple"},"_links":{"self":[{"href":"https:\/\/boreait.com\/hu\/wp-json\/wp\/v2\/product\/3798","targetHints":{"allow":["GET"]}}],"collection":[{"href":"https:\/\/boreait.com\/hu\/wp-json\/wp\/v2\/product"}],"about":[{"href":"https:\/\/boreait.com\/hu\/wp-json\/wp\/v2\/types\/product"}],"wp:featuredmedia":[{"embeddable":true,"href":"https:\/\/boreait.com\/hu\/wp-json\/wp\/v2\/media\/3847"}],"wp:attachment":[{"href":"https:\/\/boreait.com\/hu\/wp-json\/wp\/v2\/media?parent=3798"}],"wp:term":[{"taxonomy":"product_brand","embeddable":true,"href":"https:\/\/boreait.com\/hu\/wp-json\/wp\/v2\/product_brand?post=3798"},{"taxonomy":"product_cat","embeddable":true,"href":"https:\/\/boreait.com\/hu\/wp-json\/wp\/v2\/product_cat?post=3798"},{"taxonomy":"product_tag","embeddable":true,"href":"https:\/\/boreait.com\/hu\/wp-json\/wp\/v2\/product_tag?post=3798"}],"curies":[{"name":"wp","href":"https:\/\/api.w.org\/{rel}","templated":true}]}}