{"id":3797,"date":"2025-09-17T10:46:34","date_gmt":"2025-09-17T08:46:34","guid":{"rendered":"https:\/\/boreait.com\/hu\/?post_type=product&#038;p=3797"},"modified":"2025-09-17T10:47:03","modified_gmt":"2025-09-17T08:47:03","slug":"dc-csatlakozo-thinkpad-t440p-t440-dc30100kz00-04x5443","status":"publish","type":"product","link":"https:\/\/boreait.com\/hu\/termek\/dc-csatlakozo-thinkpad-t440p-t440-dc30100kz00-04x5443\/","title":{"rendered":"DC csatlakoz\u00f3 ThinkPad T440P T440 DC30100KZ00 04X5443"},"content":{"rendered":"<p>N\u00f6velje ThinkPad T440P t\u00e1pell\u00e1t\u00e1s\u00e1t a ThinkPad T440P T440 DC30100KZ00 04X5443 egyen\u00e1ram\u00fa csatlakoz\u00f3j\u00e1val. Megb\u00edzhat\u00f3 t\u00e1pcsatlakoz\u00e1st biztos\u00edt\u00f3 eredeti egyen\u00e1ram\u00fa jack csatlakoz\u00f3 z\u00f6kken\u0151mentes integr\u00e1ci\u00f3t \u00e9s megb\u00edzhat\u00f3 t\u00f6lt\u00e9st biztos\u00edt laptopja sz\u00e1m\u00e1ra.<\/p>\n<p>A ThinkPad T440P sz\u00e1m\u00e1ra gy\u00e1rtott egyen\u00e1ram\u00fa aljzat megfelel a legmagasabb min\u0151s\u00e9gi el\u0151\u00edr\u00e1soknak. Ez egy alapvet\u0151 elem, amely \u00f6sszek\u00f6ti laptopj\u00e1t a h\u00e1l\u00f3zati adapterrel, lehet\u0151v\u00e9 t\u00e9ve a hat\u00e9kony t\u00f6lt\u00e9st \u00e9s m\u0171k\u00f6d\u00e9st. Ha t\u00e1pell\u00e1t\u00e1si probl\u00e9m\u00e1kat tapasztal, a DC aljzat cser\u00e9je seg\u00edthet a laptop m\u0171k\u00f6d\u00e9s\u00e9nek helyre\u00e1ll\u00edt\u00e1s\u00e1ban.<\/p>\n<p>A ThinkPad T440P modellel val\u00f3 kompatibilit\u00e1snak k\u00f6sz\u00f6nhet\u0151en a telep\u00edt\u00e9s egyszer\u0171. Az eredeti Lenovo alkatr\u00e9szek kiv\u00e1laszt\u00e1s\u00e1val laptopja t\u00e1pell\u00e1t\u00e1s\u00e1nak min\u0151s\u00e9g\u00e9be \u00e9s megb\u00edzhat\u00f3s\u00e1g\u00e1ba fektet be.<\/p>\n<p>Gy\u0151z\u0151dj\u00f6n meg arr\u00f3l, hogy a ThinkPad T440P megb\u00edzhat\u00f3 t\u00e1pegys\u00e9get kap a ThinkPad T440P T440 DC30100KZ00 04X5443 egyen\u00e1ram\u00fa csatlakoz\u00f3j\u00e1val. \u00c9lvezze a megszak\u00edt\u00e1s n\u00e9lk\u00fcli laptophaszn\u00e1latot \u00e9s a hat\u00e9kony t\u00f6lt\u00e9st, mik\u00f6zben a legjobban sz\u00fcks\u00e9ge van r\u00e1.<\/p>\n<p>V\u00e1s\u00e1rl\u00e1s el\u0151tt ellen\u0151rizze, hogy kompatibilis-e az adott ThinkPad T440P modellel.<\/p>\n","protected":false},"excerpt":{"rendered":"<p>N\u00f6velje ThinkPad T440P t\u00e1pell\u00e1t\u00e1s\u00e1t a ThinkPad T440P T440 DC30100KZ00 04X5443 egyen\u00e1ram\u00fa csatlakoz\u00f3j\u00e1val. Biztos\u00edtsa a megb\u00edzhat\u00f3 t\u00f6lt\u00e9st \u00e9s a laptop megszak\u00edt\u00e1s n\u00e9lk\u00fcli haszn\u00e1lat\u00e1t.<\/p>\n","protected":false},"featured_media":3846,"template":"","meta":[],"product_brand":[],"product_cat":[27],"product_tag":[26],"class_list":{"0":"post-3797","1":"product","2":"type-product","3":"status-publish","4":"has-post-thumbnail","6":"product_cat-motherboards-board-parts","7":"product_tag-lenovo","9":"first","10":"instock","11":"taxable","12":"shipping-taxable","13":"purchasable","14":"product-type-simple"},"_links":{"self":[{"href":"https:\/\/boreait.com\/hu\/wp-json\/wp\/v2\/product\/3797","targetHints":{"allow":["GET"]}}],"collection":[{"href":"https:\/\/boreait.com\/hu\/wp-json\/wp\/v2\/product"}],"about":[{"href":"https:\/\/boreait.com\/hu\/wp-json\/wp\/v2\/types\/product"}],"wp:featuredmedia":[{"embeddable":true,"href":"https:\/\/boreait.com\/hu\/wp-json\/wp\/v2\/media\/3846"}],"wp:attachment":[{"href":"https:\/\/boreait.com\/hu\/wp-json\/wp\/v2\/media?parent=3797"}],"wp:term":[{"taxonomy":"product_brand","embeddable":true,"href":"https:\/\/boreait.com\/hu\/wp-json\/wp\/v2\/product_brand?post=3797"},{"taxonomy":"product_cat","embeddable":true,"href":"https:\/\/boreait.com\/hu\/wp-json\/wp\/v2\/product_cat?post=3797"},{"taxonomy":"product_tag","embeddable":true,"href":"https:\/\/boreait.com\/hu\/wp-json\/wp\/v2\/product_tag?post=3797"}],"curies":[{"name":"wp","href":"https:\/\/api.w.org\/{rel}","templated":true}]}}