{"id":3796,"date":"2025-09-17T10:46:34","date_gmt":"2025-09-17T08:46:34","guid":{"rendered":"https:\/\/boreait.com\/hu\/?post_type=product&#038;p=3796"},"modified":"2025-09-17T10:47:02","modified_gmt":"2025-09-17T08:47:02","slug":"lenovo-thinkpad-t530-bluetooth-module-60y3303","status":"publish","type":"product","link":"https:\/\/boreait.com\/hu\/termek\/lenovo-thinkpad-t530-bluetooth-module-60y3303\/","title":{"rendered":"Lenovo ThinkPad T530 Bluetooth Module 60Y3303"},"content":{"rendered":"<p>N\u00f6velje Lenovo ThinkPad T530 csatlakoztathat\u00f3s\u00e1g\u00e1t a Lenovo ThinkPad T530 Bluetooth Module 60Y3303 seg\u00edts\u00e9g\u00e9vel. A laptop vezet\u00e9k n\u00e9lk\u00fcli k\u00e9pess\u00e9geinek jav\u00edt\u00e1s\u00e1ra tervezett eredeti Bluetooth modul z\u00f6kken\u0151mentes integr\u00e1ci\u00f3t \u00e9s k\u00e9nyelmes vezet\u00e9k n\u00e9lk\u00fcli kommunik\u00e1ci\u00f3t biztos\u00edt a jobb sz\u00e1m\u00edt\u00e1stechnikai \u00e9lm\u00e9ny \u00e9rdek\u00e9ben.<\/p>\n<p>A Lenovo \u00e1ltal gy\u00e1rtott 60Y3303 Bluetooth modul megb\u00edzhat\u00f3 Bluetooth-kapcsolatot biztos\u00edt. A laptop bels\u0151 rendszereinek alapvet\u0151 elemek\u00e9nt ez a modul lehet\u0151v\u00e9 teszi k\u00fcl\u00f6nf\u00e9le Bluetooth-eszk\u00f6z\u00f6kh\u00f6z, p\u00e9ld\u00e1ul vezet\u00e9k n\u00e9lk\u00fcli fejhallgat\u00f3khoz, egerekhez \u00e9s billenty\u0171zetekhez val\u00f3 csatlakoz\u00e1st.<\/p>\n<p>Ak\u00e1r USB-portok felszabad\u00edt\u00e1s\u00e1ra, vezet\u00e9k n\u00e9lk\u00fcli perif\u00e9ri\u00e1k csatlakoztat\u00e1s\u00e1ra vagy f\u00e1jlok vezet\u00e9k n\u00e9lk\u00fcli \u00e1tvitel\u00e9re van sz\u00fcks\u00e9ge, ez a Bluetooth-modul az \u00d6n \u00e1ltal elv\u00e1rt k\u00e9nyelmet \u00e9s hat\u00e9konys\u00e1got biztos\u00edtja. Maradjon produkt\u00edv, \u00e9s \u00e9lvezze a z\u0171rzavarmentes munkater\u00fcletet, vezet\u00e9k n\u00e9lk\u00fcli kapcsolattal, k\u00e9zn\u00e9l.<\/p>\n<p>A telep\u00edt\u00e9s egyszer\u0171 a laptop eredeti alkatr\u00e9szeihez igazod\u00f3 kialak\u00edt\u00e1snak k\u00f6sz\u00f6nhet\u0151en. Az eredeti Lenovo alkatr\u00e9szek kiv\u00e1laszt\u00e1s\u00e1val laptopja Bluetooth funkci\u00f3j\u00e1nak min\u0151s\u00e9g\u00e9be \u00e9s megb\u00edzhat\u00f3s\u00e1g\u00e1ba fektet be.<\/p>\n<p>Friss\u00edtse laptopja csatlakoztathat\u00f3s\u00e1g\u00e1t a Lenovo ThinkPad T530 Bluetooth Module 60Y3303 seg\u00edts\u00e9g\u00e9vel. \u00c9lvezze a vezet\u00e9k n\u00e9lk\u00fcli kommunik\u00e1ci\u00f3 k\u00e9nyelm\u00e9t, csatlakozzon Bluetooth-perif\u00e9ri\u00e1khoz, \u00e9s egyszer\u0171s\u00edtse munkater\u00fclet\u00e9t. N\u00f6velje sz\u00e1m\u00edt\u00e1stechnikai \u00e9lm\u00e9ny\u00e9t ezzel a megb\u00edzhat\u00f3 \u00e9s hat\u00e9kony Bluetooth modullal.<\/p>\n<p>V\u00e1s\u00e1rl\u00e1s el\u0151tt ellen\u0151rizze, hogy kompatibilis-e az adott laptopmodellj\u00e9vel.<\/p>\n","protected":false},"excerpt":{"rendered":"<p>N\u00f6velje Lenovo ThinkPad T530 csatlakoztathat\u00f3s\u00e1g\u00e1t a Lenovo ThinkPad T530 Bluetooth Module 60Y3303 seg\u00edts\u00e9g\u00e9vel. \u00c9lvezze a k\u00e9nyelmes vezet\u00e9k n\u00e9lk\u00fcli kommunik\u00e1ci\u00f3t, \u00e9s k\u00f6nnyed\u00e9n csatlakozzon a Bluetooth-perif\u00e9ri\u00e1khoz.<\/p>\n","protected":false},"featured_media":3845,"template":"","meta":[],"product_brand":[],"product_cat":[27],"product_tag":[26],"class_list":{"0":"post-3796","1":"product","2":"type-product","3":"status-publish","4":"has-post-thumbnail","6":"product_cat-motherboards-board-parts","7":"product_tag-lenovo","9":"first","10":"instock","11":"taxable","12":"shipping-taxable","13":"purchasable","14":"product-type-simple"},"_links":{"self":[{"href":"https:\/\/boreait.com\/hu\/wp-json\/wp\/v2\/product\/3796","targetHints":{"allow":["GET"]}}],"collection":[{"href":"https:\/\/boreait.com\/hu\/wp-json\/wp\/v2\/product"}],"about":[{"href":"https:\/\/boreait.com\/hu\/wp-json\/wp\/v2\/types\/product"}],"wp:featuredmedia":[{"embeddable":true,"href":"https:\/\/boreait.com\/hu\/wp-json\/wp\/v2\/media\/3845"}],"wp:attachment":[{"href":"https:\/\/boreait.com\/hu\/wp-json\/wp\/v2\/media?parent=3796"}],"wp:term":[{"taxonomy":"product_brand","embeddable":true,"href":"https:\/\/boreait.com\/hu\/wp-json\/wp\/v2\/product_brand?post=3796"},{"taxonomy":"product_cat","embeddable":true,"href":"https:\/\/boreait.com\/hu\/wp-json\/wp\/v2\/product_cat?post=3796"},{"taxonomy":"product_tag","embeddable":true,"href":"https:\/\/boreait.com\/hu\/wp-json\/wp\/v2\/product_tag?post=3796"}],"curies":[{"name":"wp","href":"https:\/\/api.w.org\/{rel}","templated":true}]}}