{"id":3795,"date":"2025-09-17T10:46:34","date_gmt":"2025-09-17T08:46:34","guid":{"rendered":"https:\/\/boreait.com\/hu\/?post_type=product&#038;p=3795"},"modified":"2026-01-09T13:52:55","modified_gmt":"2026-01-09T12:52:55","slug":"hp-zbook-15-g2-bekapcsologomb-kartya-ls-9241p-kabellel-4","status":"publish","type":"product","link":"https:\/\/boreait.com\/hu\/termek\/hp-zbook-15-g2-bekapcsologomb-kartya-ls-9241p-kabellel-4\/","title":{"rendered":"HP ZBook 15 G2 bekapcsol\u00f3gomb k\u00e1rtya LS-9241P k\u00e1bellel"},"content":{"rendered":"<p>Fokozza HP ZBook 15 G2 laptopja funkcionalit\u00e1s\u00e1t a HP ZBook 15 G2 bekapcsol\u00f3gomb k\u00e1rty\u00e1val, LS-9241P k\u00e1bellel. \u00dagy tervezt\u00e9k, hogy optimaliz\u00e1lja a laptop bekapcsol\u00f3gombj\u00e1t \u00e9s k\u00e1belcsatlakoz\u00e1s\u00e1t, ez az eredeti k\u00e1rtya z\u00f6kken\u0151mentes integr\u00e1ci\u00f3t \u00e9s jobb energiagazd\u00e1lkod\u00e1st biztos\u00edt a jobb sz\u00e1m\u00edt\u00e1stechnikai \u00e9lm\u00e9ny \u00e9rdek\u00e9ben.<\/p>\n<p>A HP, a sz\u00e1m\u00edt\u00e1stechnika megb\u00edzhat\u00f3 vezet\u0151 gy\u00e1rt\u00f3ja \u00e1ltal gy\u00e1rtott HP ZBook 15 G2 bekapcsol\u00f3gomb k\u00e1rtya LS-9241P k\u00e1bellel \u00fagy lett kialak\u00edtva, hogy megb\u00edzhat\u00f3 bekapcsol\u00f3gomb-funkci\u00f3kat \u00e9s biztons\u00e1gos k\u00e1belcsatlakoz\u00e1sokat biztos\u00edtson. A laptop bels\u0151 rendszereinek alapvet\u0151 elemek\u00e9nt ez az alaplap kulcsfontoss\u00e1g\u00fa szerepet j\u00e1tszik a z\u00f6kken\u0151mentes be- \u00e9s kikapcsol\u00e1si m\u0171veletek biztos\u00edt\u00e1s\u00e1ban.<\/p>\n<p>Ak\u00e1r egy profi, aki hat\u00e9kony energiagazd\u00e1lkod\u00e1st keres, vagy egy h\u00e9tk\u00f6znapi felhaszn\u00e1l\u00f3, aki laptopja k\u00e9nyelm\u00e9t szeretn\u00e9 fokozni, ez az alaplap biztos\u00edtja a sz\u00fcks\u00e9ges funkci\u00f3kat. A mell\u00e9kelt k\u00e1bel biztons\u00e1gos \u00e9s megb\u00edzhat\u00f3 kapcsolatot biztos\u00edt a bekapcsol\u00f3gomb \u00e9s a laptop alaplapja k\u00f6z\u00f6tt.<\/p>\n<p>A telep\u00edt\u00e9s egyszer\u0171 az OEM-kialak\u00edt\u00e1snak k\u00f6sz\u00f6nhet\u0151en, amely illeszkedik a laptop eredeti alkatr\u00e9szeihez. Az eredeti HP alkatr\u00e9szek kiv\u00e1laszt\u00e1s\u00e1val laptopja energiagazd\u00e1lkod\u00e1s\u00e1nak min\u0151s\u00e9g\u00e9be \u00e9s megb\u00edzhat\u00f3s\u00e1g\u00e1ba fektet be.<\/p>\n<p>Friss\u00edtse laptopja bekapcsol\u00f3gomb-funkci\u00f3it a HP ZBook 15 G2 bekapcsol\u00f3gomb-k\u00e1rty\u00e1val, LS-9241P k\u00e1bellel. \u00c9lvezze a tov\u00e1bbfejlesztett energiagazd\u00e1lkod\u00e1st, a biztons\u00e1gos k\u00e1belcsatlakoz\u00e1sokat \u00e9s a k\u00e9nyelmes be-\/kikapcsol\u00e1si m\u0171veleteket a ZBook 15 G2-n. N\u00f6velje sz\u00e1m\u00edt\u00e1stechnikai \u00e9lm\u00e9ny\u00e9t ezzel a megb\u00edzhat\u00f3 \u00e9s hat\u00e9kony t\u00e1bl\u00e1val.<\/p>\n<p>V\u00e1s\u00e1rl\u00e1s el\u0151tt ellen\u0151rizze, hogy kompatibilis-e az adott laptopmodellj\u00e9vel.<\/p>\n","protected":false},"excerpt":{"rendered":"<p>Fokozza a bekapcsol\u00f3gomb funkci\u00f3it HP ZBook 15 G2 laptopj\u00e1n a HP ZBook 15 G2 bekapcsol\u00f3gomb k\u00e1rty\u00e1val LS-9241P k\u00e1bellel. \u00c9lvezze a tov\u00e1bbfejlesztett energiagazd\u00e1lkod\u00e1st \u00e9s a k\u00e9nyelmes be- \u00e9s kikapcsol\u00e1si m\u0171veleteket.<\/p>\n","protected":false},"featured_media":3844,"template":"","meta":[],"product_brand":[],"product_cat":[27],"product_tag":[25],"class_list":{"0":"post-3795","1":"product","2":"type-product","3":"status-publish","4":"has-post-thumbnail","6":"product_cat-motherboards-board-parts","7":"product_tag-hp","9":"first","10":"instock","11":"taxable","12":"shipping-taxable","13":"purchasable","14":"product-type-simple"},"_links":{"self":[{"href":"https:\/\/boreait.com\/hu\/wp-json\/wp\/v2\/product\/3795","targetHints":{"allow":["GET"]}}],"collection":[{"href":"https:\/\/boreait.com\/hu\/wp-json\/wp\/v2\/product"}],"about":[{"href":"https:\/\/boreait.com\/hu\/wp-json\/wp\/v2\/types\/product"}],"wp:featuredmedia":[{"embeddable":true,"href":"https:\/\/boreait.com\/hu\/wp-json\/wp\/v2\/media\/3844"}],"wp:attachment":[{"href":"https:\/\/boreait.com\/hu\/wp-json\/wp\/v2\/media?parent=3795"}],"wp:term":[{"taxonomy":"product_brand","embeddable":true,"href":"https:\/\/boreait.com\/hu\/wp-json\/wp\/v2\/product_brand?post=3795"},{"taxonomy":"product_cat","embeddable":true,"href":"https:\/\/boreait.com\/hu\/wp-json\/wp\/v2\/product_cat?post=3795"},{"taxonomy":"product_tag","embeddable":true,"href":"https:\/\/boreait.com\/hu\/wp-json\/wp\/v2\/product_tag?post=3795"}],"curies":[{"name":"wp","href":"https:\/\/api.w.org\/{rel}","templated":true}]}}