{"id":3794,"date":"2025-09-17T10:46:34","date_gmt":"2025-09-17T08:46:34","guid":{"rendered":"https:\/\/boreait.com\/hu\/?post_type=product&#038;p=3794"},"modified":"2026-01-09T13:52:36","modified_gmt":"2026-01-09T12:52:36","slug":"hp-pavilion-dv6-3151eo-bekapcsologomb-kartya-35lx6pb0000-kabellel","status":"publish","type":"product","link":"https:\/\/boreait.com\/hu\/termek\/hp-pavilion-dv6-3151eo-bekapcsologomb-kartya-35lx6pb0000-kabellel\/","title":{"rendered":"HP Pavilion DV6-3151EO bekapcsol\u00f3gomb k\u00e1rtya 35LX6PB0000 k\u00e1bellel"},"content":{"rendered":"<p>Fokozza HP Pavilion DV6-3151EO laptopja funkcionalit\u00e1s\u00e1t a HP Pavilion DV6-3151EO bekapcsol\u00f3gomb-k\u00e1rty\u00e1val k\u00e1bellel (cikksz\u00e1m: 35LX6PB0000). A laptop bekapcsol\u00f3gomb-teljes\u00edtm\u00e9ny\u00e9nek optimaliz\u00e1l\u00e1s\u00e1ra tervezett eredeti HP bekapcsol\u00f3gomb-panel z\u00f6kken\u0151mentes integr\u00e1ci\u00f3t \u00e9s tov\u00e1bbfejlesztett funkcionalit\u00e1st biztos\u00edt a jobb sz\u00e1m\u00edt\u00e1stechnikai \u00e9lm\u00e9ny \u00e9rdek\u00e9ben.<\/p>\n<p>A HP \u00e1ltal gy\u00e1rtott, megb\u00edzhat\u00f3 n\u00e9v a sz\u00e1m\u00edt\u00e1stechnik\u00e1ban, ez a bekapcsol\u00f3gomb-k\u00e1rtya megb\u00edzhat\u00f3 \u00e9s hat\u00e9kony bekapcsol\u00f3gomb-funkci\u00f3kat biztos\u00edt. A laptop bels\u0151 rendszereinek alapvet\u0151 elemek\u00e9nt ez az alaplap kulcsfontoss\u00e1g\u00fa szerepet j\u00e1tszik az egyszer\u0171 energiagazd\u00e1lkod\u00e1s \u00e9s ind\u00edt\u00e1s biztos\u00edt\u00e1s\u00e1ban.<\/p>\n<p>Ak\u00e1r bekapcsolja laptopj\u00e1t, \u00fajraind\u00edtja vagy alv\u00f3 m\u00f3dba helyezi, ez a k\u00e1beles bekapcsol\u00f3gomb-panel a k\u00edv\u00e1nt k\u00e9nyelmet \u00e9s hat\u00e9konys\u00e1got biztos\u00edtja. A telep\u00edt\u00e9s egyszer\u0171, k\u00f6sz\u00f6nhet\u0151en a prec\u00edz kialak\u00edt\u00e1snak, amely illeszkedik a laptop eredeti alkatr\u00e9szeihez.<\/p>\n<p>Az eredeti HP alkatr\u00e9szek kiv\u00e1laszt\u00e1s\u00e1val laptopja bekapcsol\u00f3gombj\u00e1nak min\u0151s\u00e9g\u00e9be \u00e9s megb\u00edzhat\u00f3s\u00e1g\u00e1ba fektet be.<\/p>\n<p>Friss\u00edtse laptopja energiagazd\u00e1lkod\u00e1s\u00e1t a HP Pavilion DV6-3151EO bekapcsol\u00f3gomb-k\u00e1rty\u00e1val k\u00e1bellel. \u00c9lvezze a tov\u00e1bbfejlesztett bekapcsol\u00f3gomb-funkci\u00f3kat, a z\u00f6kken\u0151mentes ind\u00edt\u00e1st \u00e9s a hat\u00e9kony energiagazd\u00e1lkod\u00e1st Pavilion DV6-3151EO laptopj\u00e1n. N\u00f6velje sz\u00e1m\u00edt\u00e1stechnikai \u00e9lm\u00e9ny\u00e9t ezzel a megb\u00edzhat\u00f3 \u00e9s hat\u00e9kony bekapcsol\u00f3gomb-k\u00e1rty\u00e1val.<\/p>\n<p>V\u00e1s\u00e1rl\u00e1s el\u0151tt ellen\u0151rizze, hogy kompatibilis-e az adott laptopmodellj\u00e9vel.<\/p>\n","protected":false},"excerpt":{"rendered":"<p>Fokozza a bekapcsol\u00f3gomb funkci\u00f3it HP Pavilion DV6-3151EO laptopj\u00e1n a HP Pavilion DV6-3151EO bekapcsol\u00f3gomb-k\u00e1rty\u00e1val k\u00e1bellel (cikksz\u00e1m: 35LX6PB0000). \u00c9lvezze a z\u00f6kken\u0151mentes ind\u00edt\u00e1st \u00e9s a hat\u00e9kony energiagazd\u00e1lkod\u00e1st.<\/p>\n","protected":false},"featured_media":3843,"template":"","meta":[],"product_brand":[],"product_cat":[27],"product_tag":[25],"class_list":{"0":"post-3794","1":"product","2":"type-product","3":"status-publish","4":"has-post-thumbnail","6":"product_cat-motherboards-board-parts","7":"product_tag-hp","9":"first","10":"instock","11":"taxable","12":"shipping-taxable","13":"purchasable","14":"product-type-simple"},"_links":{"self":[{"href":"https:\/\/boreait.com\/hu\/wp-json\/wp\/v2\/product\/3794","targetHints":{"allow":["GET"]}}],"collection":[{"href":"https:\/\/boreait.com\/hu\/wp-json\/wp\/v2\/product"}],"about":[{"href":"https:\/\/boreait.com\/hu\/wp-json\/wp\/v2\/types\/product"}],"wp:featuredmedia":[{"embeddable":true,"href":"https:\/\/boreait.com\/hu\/wp-json\/wp\/v2\/media\/3843"}],"wp:attachment":[{"href":"https:\/\/boreait.com\/hu\/wp-json\/wp\/v2\/media?parent=3794"}],"wp:term":[{"taxonomy":"product_brand","embeddable":true,"href":"https:\/\/boreait.com\/hu\/wp-json\/wp\/v2\/product_brand?post=3794"},{"taxonomy":"product_cat","embeddable":true,"href":"https:\/\/boreait.com\/hu\/wp-json\/wp\/v2\/product_cat?post=3794"},{"taxonomy":"product_tag","embeddable":true,"href":"https:\/\/boreait.com\/hu\/wp-json\/wp\/v2\/product_tag?post=3794"}],"curies":[{"name":"wp","href":"https:\/\/api.w.org\/{rel}","templated":true}]}}