{"id":3793,"date":"2025-09-17T10:46:34","date_gmt":"2025-09-17T08:46:34","guid":{"rendered":"https:\/\/boreait.com\/hu\/?post_type=product&#038;p=3793"},"modified":"2025-09-17T10:46:55","modified_gmt":"2025-09-17T08:46:55","slug":"hp-zbook-17-erintopadhoz-weger-gombok-es-keret-pk37b00eg00-tm-02706-001","status":"publish","type":"product","link":"https:\/\/boreait.com\/hu\/termek\/hp-zbook-17-erintopadhoz-weger-gombok-es-keret-pk37b00eg00-tm-02706-001\/","title":{"rendered":"HP ZBook 17 \u00e9rint\u0151padhoz wEg\u00e9r gombok \u00e9s keret PK37B00EG00 TM-02706-001"},"content":{"rendered":"<p>B\u0151v\u00edtse HP ZBook 17 laptopja beviteli \u00e9lm\u00e9ny\u00e9t a HP ZBook 17 \u00e9rint\u0151pad eg\u00e9rgombokkal \u00e9s kerettel (PK37B00EG00 TM-02706-001). A navig\u00e1ci\u00f3 \u00e9s a vez\u00e9rl\u00e9s jav\u00edt\u00e1s\u00e1ra tervezett, eredeti \u00e9rint\u0151pad prec\u00edz kurzormozgat\u00e1st \u00e9s \u00e9rz\u00e9keny gombm\u0171veleteket k\u00edn\u00e1l a jobb sz\u00e1m\u00edt\u00e1si \u00e9lm\u00e9ny \u00e9rdek\u00e9ben.<\/p>\n<p>A HP ZBook 17-hez, a mobil munka\u00e1llom\u00e1sokon megb\u00edzhat\u00f3 n\u00e9vhez k\u00e9sz\u00fclt \u00e9rint\u0151pad-szerelv\u00e9ny eg\u00e9rgombokkal \u00e9s kerettel \u00e9rkezik. Megb\u00edzhat\u00f3 \u00e9s hat\u00e9kony teljes\u00edtm\u00e9nyre tervezt\u00e9k, z\u00f6kken\u0151mentes navig\u00e1ci\u00f3t \u00e9s k\u00f6nnyed kattint\u00e1st biztos\u00edtva a feladatokhoz.<\/p>\n<p>Ak\u00e1r professzion\u00e1lis, aki r\u00e9szletes projekteken dolgozik, vagy egy egyszer\u0171 felhaszn\u00e1l\u00f3, aki g\u00f6rd\u00fcl\u00e9kenyebb vez\u00e9rl\u00e9st keres, ez az \u00e9rint\u0151pad-szerelv\u00e9ny biztos\u00edtja a sz\u00fcks\u00e9ges pontoss\u00e1got \u00e9s reakci\u00f3k\u00e9szs\u00e9get. Strapab\u00edr\u00f3 fel\u00e9p\u00edt\u00e9s\u00e9nek \u00e9s prec\u00edz tervez\u00e9s\u00e9nek k\u00f6sz\u00f6nhet\u0151en megb\u00edzhat\u00f3an helyettes\u00edtheti laptopja \u00e9rint\u0151padj\u00e1t.<\/p>\n<p>A telep\u00edt\u00e9s egyszer\u0171 az \u00f6ssze\u00e1ll\u00edt\u00e1s kialak\u00edt\u00e1s\u00e1nak k\u00f6sz\u00f6nhet\u0151en, amely illeszkedik a laptop eredeti alkatr\u00e9szeihez. Az eredeti HP alkatr\u00e9szek kiv\u00e1laszt\u00e1s\u00e1val laptopja beviteli eszk\u00f6z\u00e9nek min\u0151s\u00e9g\u00e9be \u00e9s megb\u00edzhat\u00f3s\u00e1g\u00e1ba fektet be.<\/p>\n<p>Friss\u00edtse laptopja beviteli \u00e9lm\u00e9ny\u00e9t a HP ZBook 17 \u00e9rint\u0151paddal eg\u00e9rgombokkal \u00e9s kerettel (PK37B00EG00 TM-02706-001). \u00c9lvezze a prec\u00edz kurzorvez\u00e9rl\u00e9st, az \u00e9rz\u00e9keny kattint\u00e1st \u00e9s a tov\u00e1bbfejlesztett navig\u00e1ci\u00f3s \u00e9lm\u00e9nyt ZBook 17 k\u00e9sz\u00fcl\u00e9k\u00e9n. N\u00f6velje a sz\u00e1m\u00edt\u00e1stechnikai \u00e9lm\u00e9nyt ezzel a megb\u00edzhat\u00f3 \u00e9s hat\u00e9kony \u00e9rint\u0151pad-szerelv\u00e9nnyel.<\/p>\n<p>V\u00e1s\u00e1rl\u00e1s el\u0151tt ellen\u0151rizze, hogy kompatibilis-e az adott laptopmodellj\u00e9vel.<\/p>\n","protected":false},"excerpt":{"rendered":"<p>Fokozza a navig\u00e1ci\u00f3t \u00e9s a vez\u00e9rl\u00e9st HP ZBook 17 laptopj\u00e1n az eg\u00e9rgombokkal \u00e9s kerettel ell\u00e1tott HP ZBook 17 \u00e9rint\u0151paddal (PK37B00EG00 TM-02706-001). \u00c9lvezze a kurzor prec\u00edz mozg\u00e1s\u00e1t \u00e9s az \u00e9rz\u00e9keny kattint\u00e1st a jobb sz\u00e1m\u00edt\u00e1si \u00e9lm\u00e9ny \u00e9rdek\u00e9ben.<\/p>\n","protected":false},"featured_media":3826,"template":"","meta":[],"product_brand":[],"product_cat":[42],"product_tag":[25],"class_list":{"0":"post-3793","1":"product","2":"type-product","3":"status-publish","4":"has-post-thumbnail","6":"product_cat-laptop-touchpads","7":"product_tag-hp","9":"first","10":"instock","11":"taxable","12":"shipping-taxable","13":"purchasable","14":"product-type-simple"},"_links":{"self":[{"href":"https:\/\/boreait.com\/hu\/wp-json\/wp\/v2\/product\/3793","targetHints":{"allow":["GET"]}}],"collection":[{"href":"https:\/\/boreait.com\/hu\/wp-json\/wp\/v2\/product"}],"about":[{"href":"https:\/\/boreait.com\/hu\/wp-json\/wp\/v2\/types\/product"}],"wp:featuredmedia":[{"embeddable":true,"href":"https:\/\/boreait.com\/hu\/wp-json\/wp\/v2\/media\/3826"}],"wp:attachment":[{"href":"https:\/\/boreait.com\/hu\/wp-json\/wp\/v2\/media?parent=3793"}],"wp:term":[{"taxonomy":"product_brand","embeddable":true,"href":"https:\/\/boreait.com\/hu\/wp-json\/wp\/v2\/product_brand?post=3793"},{"taxonomy":"product_cat","embeddable":true,"href":"https:\/\/boreait.com\/hu\/wp-json\/wp\/v2\/product_cat?post=3793"},{"taxonomy":"product_tag","embeddable":true,"href":"https:\/\/boreait.com\/hu\/wp-json\/wp\/v2\/product_tag?post=3793"}],"curies":[{"name":"wp","href":"https:\/\/api.w.org\/{rel}","templated":true}]}}