{"id":3792,"date":"2025-09-17T10:46:34","date_gmt":"2025-09-17T08:46:34","guid":{"rendered":"https:\/\/boreait.com\/hu\/?post_type=product&#038;p=3792"},"modified":"2026-01-09T13:49:20","modified_gmt":"2026-01-09T12:49:20","slug":"lenovo-thinkpad-t430u-tapkapcsolo-39lv3pb0000-kabellel","status":"publish","type":"product","link":"https:\/\/boreait.com\/hu\/termek\/lenovo-thinkpad-t430u-tapkapcsolo-39lv3pb0000-kabellel\/","title":{"rendered":"Lenovo THINKPAD T430u t\u00e1pkapcsol\u00f3 39LV3PB0000 k\u00e1bellel"},"content":{"rendered":"<p>N\u00f6velje Lenovo THINKPAD T430u funkcionalit\u00e1s\u00e1t a 39LV3PB0000 k\u00e1bellel ell\u00e1tott bekapcsol\u00f3gomb-panel seg\u00edts\u00e9g\u00e9vel. A laptop gy\u00fajt\u00e1sgombj\u00e1nak megb\u00edzhat\u00f3s\u00e1g\u00e1nak \u00e9s k\u00e9nyelm\u00e9nek n\u00f6vel\u00e9s\u00e9re tervezt\u00e9k, ez az eredeti Lenovo alkatr\u00e9sz z\u00f6kken\u0151mentes integr\u00e1ci\u00f3t \u00e9s jobb haszn\u00e1lhat\u00f3s\u00e1got biztos\u00edt.<\/p>\n<p>A Lenovo \u2013 a sz\u00e1m\u00edt\u00e1stechnik\u00e1ban megb\u00edzhat\u00f3 n\u00e9v \u2013 \u00e1ltal gy\u00e1rtott, 39LV3PB0000 k\u00e1beles gy\u00fajt\u00e1sgomb-al\u00e1t\u00e9t megb\u00edzhat\u00f3 gy\u00fajt\u00f3gomb-funkci\u00f3t biztos\u00edt. A laptop bels\u0151 rendszereinek alapvet\u0151 elemek\u00e9nt ez az al\u00e1t\u00e9t- \u00e9s k\u00e1belk\u00e9szlet kulcsfontoss\u00e1g\u00fa szerepet j\u00e1tszik az \u00e9rz\u00e9keny \u00e9s tart\u00f3s gy\u00fajt\u00e1sgomb biztos\u00edt\u00e1s\u00e1ban.<\/p>\n<p>Ak\u00e1r bekapcsolja laptopj\u00e1t, ak\u00e1r gyors \u00fajraind\u00edt\u00e1st v\u00e9gez, ez az \u00f6sszetev\u0151 az \u00d6n \u00e1ltal elv\u00e1rt k\u00e9nyelmet \u00e9s megb\u00edzhat\u00f3s\u00e1got k\u00edn\u00e1lja. Prec\u00edzi\u00f3s tervez\u00e9se biztos\u00edtja laptopja gy\u00fajt\u00e1sgombj\u00e1nak hossz\u00fa \u00e9lettartam\u00e1t \u00e9s teljes\u00edtm\u00e9ny\u00e9t.<\/p>\n<p>A telep\u00edt\u00e9s egyszer\u0171 az OEM-kialak\u00edt\u00e1snak k\u00f6sz\u00f6nhet\u0151en, amely illeszkedik a laptop eredeti alkatr\u00e9szeihez. Az eredeti Lenovo alkatr\u00e9szek kiv\u00e1laszt\u00e1s\u00e1val laptopja gy\u00fajt\u00e1si funkci\u00f3j\u00e1nak min\u0151s\u00e9g\u00e9be \u00e9s megb\u00edzhat\u00f3s\u00e1g\u00e1ba fektet be.<\/p>\n<p>Jav\u00edtsa ki laptopja gy\u00fajt\u00e1sgombj\u00e1t a 39LV3PB0000 k\u00e1beles gy\u00fajt\u00f3gomb al\u00e1t\u00e9ttel a Lenovo THINKPAD T430u k\u00e9sz\u00fcl\u00e9khez. \u00c9lvezze laptopja gy\u00fajt\u00e1sgombj\u00e1nak jobb reakci\u00f3k\u00e9pess\u00e9g\u00e9t, k\u00e9nyelm\u00e9t \u00e9s tart\u00f3ss\u00e1g\u00e1t. N\u00f6velje sz\u00e1m\u00edt\u00e1stechnikai \u00e9lm\u00e9ny\u00e9t ezzel a megb\u00edzhat\u00f3 \u00e9s hat\u00e9kony al\u00e1t\u00e9t- \u00e9s k\u00e1belk\u00e9szlettel.<\/p>\n<p>V\u00e1s\u00e1rl\u00e1s el\u0151tt ellen\u0151rizze, hogy kompatibilis-e az adott laptopmodellj\u00e9vel.<\/p>\n","protected":false},"excerpt":{"rendered":"<p>N\u00f6velje Lenovo THINKPAD T430u megb\u00edzhat\u00f3s\u00e1g\u00e1t \u00e9s k\u00e9nyelm\u00e9t a 39LV3PB0000 k\u00e1bel bekapcsol\u00f3 gombj\u00e1val. \u00c9lvezze laptopja gy\u00fajt\u00e1sgombj\u00e1nak jobb reakci\u00f3k\u00e9pess\u00e9g\u00e9t \u00e9s tart\u00f3ss\u00e1g\u00e1t.<\/p>\n","protected":false},"featured_media":3825,"template":"","meta":[],"product_brand":[],"product_cat":[27],"product_tag":[26],"class_list":{"0":"post-3792","1":"product","2":"type-product","3":"status-publish","4":"has-post-thumbnail","6":"product_cat-motherboards-board-parts","7":"product_tag-lenovo","9":"first","10":"instock","11":"taxable","12":"shipping-taxable","13":"purchasable","14":"product-type-simple"},"_links":{"self":[{"href":"https:\/\/boreait.com\/hu\/wp-json\/wp\/v2\/product\/3792","targetHints":{"allow":["GET"]}}],"collection":[{"href":"https:\/\/boreait.com\/hu\/wp-json\/wp\/v2\/product"}],"about":[{"href":"https:\/\/boreait.com\/hu\/wp-json\/wp\/v2\/types\/product"}],"wp:featuredmedia":[{"embeddable":true,"href":"https:\/\/boreait.com\/hu\/wp-json\/wp\/v2\/media\/3825"}],"wp:attachment":[{"href":"https:\/\/boreait.com\/hu\/wp-json\/wp\/v2\/media?parent=3792"}],"wp:term":[{"taxonomy":"product_brand","embeddable":true,"href":"https:\/\/boreait.com\/hu\/wp-json\/wp\/v2\/product_brand?post=3792"},{"taxonomy":"product_cat","embeddable":true,"href":"https:\/\/boreait.com\/hu\/wp-json\/wp\/v2\/product_cat?post=3792"},{"taxonomy":"product_tag","embeddable":true,"href":"https:\/\/boreait.com\/hu\/wp-json\/wp\/v2\/product_tag?post=3792"}],"curies":[{"name":"wp","href":"https:\/\/api.w.org\/{rel}","templated":true}]}}