{"id":3791,"date":"2025-09-17T10:46:34","date_gmt":"2025-09-17T08:46:34","guid":{"rendered":"https:\/\/boreait.com\/hu\/?post_type=product&#038;p=3791"},"modified":"2025-09-17T10:46:53","modified_gmt":"2025-09-17T08:46:53","slug":"hp-elitebook-840-g1-bekapcsologomb-6050a2560301","status":"publish","type":"product","link":"https:\/\/boreait.com\/hu\/termek\/hp-elitebook-840-g1-bekapcsologomb-6050a2560301\/","title":{"rendered":"HP Elitebook 840 G1 bekapcsol\u00f3gomb 6050A2560301"},"content":{"rendered":"<p>N\u00f6velje HP Elitebook 840 G1 laptopja funkcionalit\u00e1s\u00e1t a HP Elitebook 840 G1 6050A2560301 bekapcsol\u00f3gombbal. A laptop bekapcsol\u00f3gombj\u00e1nak helyettes\u00edt\u00e9s\u00e9re tervezett eredeti alkatr\u00e9sz z\u00f6kken\u0151mentes integr\u00e1ci\u00f3t \u00e9s megb\u00edzhat\u00f3 energiaszab\u00e1lyoz\u00e1st biztos\u00edt a jobb sz\u00e1m\u00edt\u00e1stechnikai \u00e9lm\u00e9ny \u00e9rdek\u00e9ben.<\/p>\n<p>A HP, a sz\u00e1m\u00edt\u00e1stechnika megb\u00edzhat\u00f3 vezet\u0151 gy\u00e1rt\u00f3ja \u00e1ltal gy\u00e1rtott HP Elitebook 840 G1 6050A2560301 bekapcsol\u00f3gombot \u00fagy tervezt\u00e9k, hogy megb\u00edzhat\u00f3 energiagazd\u00e1lkod\u00e1st biztos\u00edtson. A laptop vez\u00e9rl\u0151rendszer\u00e9nek alapvet\u0151 elemek\u00e9nt ez a bekapcsol\u00f3gomb kulcsfontoss\u00e1g\u00fa szerepet j\u00e1tszik a laptop be- \u00e9s kikapcsol\u00e1s\u00e1ban.<\/p>\n<p>Ak\u00e1r be kell kapcsolnia a laptopj\u00e1t, hogy elkezdje a munkanapj\u00e1t, vagy le kell \u00e1ll\u00edtania a nap v\u00e9g\u00e9n, ez a bekapcsol\u00f3gomb biztos\u00edtja a k\u00edv\u00e1nt k\u00e9nyelmet \u00e9s megb\u00edzhat\u00f3s\u00e1got. Prec\u00edz tervez\u00e9se gyors \u00e9s konzisztens teljes\u00edtm\u00e9nyszab\u00e1lyoz\u00e1st tesz lehet\u0151v\u00e9, jav\u00edtva az \u00e1ltal\u00e1nos sz\u00e1m\u00edt\u00e1stechnikai \u00e9lm\u00e9nyt.<\/p>\n<p>A telep\u00edt\u00e9s egyszer\u0171, k\u00f6sz\u00f6nhet\u0151en a kialak\u00edt\u00e1snak, amely illeszkedik a laptop eredeti alkatr\u00e9szeihez. Az eredeti HP alkatr\u00e9szek kiv\u00e1laszt\u00e1s\u00e1val laptopja teljes\u00edtm\u00e9nyszab\u00e1lyz\u00f3j\u00e1nak min\u0151s\u00e9g\u00e9be \u00e9s megb\u00edzhat\u00f3s\u00e1g\u00e1ba fektet be.<\/p>\n<p>Fokozza laptopja funkcionalit\u00e1s\u00e1t a HP Elitebook 840 G1 6050A2560301 bekapcsol\u00f3gombbal. \u00c9lvezze az \u00e9rz\u00e9keny \u00e9s megb\u00edzhat\u00f3 energiaszab\u00e1lyoz\u00e1st, amely biztos\u00edtja, hogy laptopja k\u00e9szen \u00e1lljon, amikor sz\u00fcks\u00e9ge van r\u00e1, \u00e9s biztons\u00e1gosan lekapcsolja, amikor nem haszn\u00e1lja. N\u00f6velje sz\u00e1m\u00edt\u00e1stechnikai \u00e9lm\u00e9ny\u00e9t ezzel a megb\u00edzhat\u00f3 \u00e9s hat\u00e9kony bekapcsol\u00f3gombbal.<\/p>\n<p>V\u00e1s\u00e1rl\u00e1s el\u0151tt ellen\u0151rizze, hogy kompatibilis-e az adott laptopmodellj\u00e9vel.<\/p>\n","protected":false},"excerpt":{"rendered":"<p>Fejlessze fel HP Elitebook 840 G1 laptopj\u00e1t a HP Elitebook 840 G1 6050A2560301 bekapcsol\u00f3gombbal. \u00c9lvezze az \u00e9rz\u00e9keny \u00e9s megb\u00edzhat\u00f3 teljes\u00edtm\u00e9nyszab\u00e1lyoz\u00e1st a jobb sz\u00e1m\u00edt\u00e1si \u00e9lm\u00e9ny \u00e9rdek\u00e9ben.<\/p>\n","protected":false},"featured_media":3824,"template":"","meta":[],"product_brand":[],"product_cat":[27],"product_tag":[25],"class_list":{"0":"post-3791","1":"product","2":"type-product","3":"status-publish","4":"has-post-thumbnail","6":"product_cat-motherboards-board-parts","7":"product_tag-hp","9":"first","10":"instock","11":"taxable","12":"shipping-taxable","13":"purchasable","14":"product-type-simple"},"_links":{"self":[{"href":"https:\/\/boreait.com\/hu\/wp-json\/wp\/v2\/product\/3791","targetHints":{"allow":["GET"]}}],"collection":[{"href":"https:\/\/boreait.com\/hu\/wp-json\/wp\/v2\/product"}],"about":[{"href":"https:\/\/boreait.com\/hu\/wp-json\/wp\/v2\/types\/product"}],"wp:featuredmedia":[{"embeddable":true,"href":"https:\/\/boreait.com\/hu\/wp-json\/wp\/v2\/media\/3824"}],"wp:attachment":[{"href":"https:\/\/boreait.com\/hu\/wp-json\/wp\/v2\/media?parent=3791"}],"wp:term":[{"taxonomy":"product_brand","embeddable":true,"href":"https:\/\/boreait.com\/hu\/wp-json\/wp\/v2\/product_brand?post=3791"},{"taxonomy":"product_cat","embeddable":true,"href":"https:\/\/boreait.com\/hu\/wp-json\/wp\/v2\/product_cat?post=3791"},{"taxonomy":"product_tag","embeddable":true,"href":"https:\/\/boreait.com\/hu\/wp-json\/wp\/v2\/product_tag?post=3791"}],"curies":[{"name":"wp","href":"https:\/\/api.w.org\/{rel}","templated":true}]}}