{"id":3790,"date":"2025-09-17T10:46:34","date_gmt":"2025-09-17T08:46:34","guid":{"rendered":"https:\/\/boreait.com\/hu\/?post_type=product&#038;p=3790"},"modified":"2025-09-17T10:46:52","modified_gmt":"2025-09-17T08:46:52","slug":"eredeti-lenovo-thinkpad-t440-t440s-t450-sorozatu-csuklotamasz-egyseg-am0sr000300","status":"publish","type":"product","link":"https:\/\/boreait.com\/hu\/termek\/eredeti-lenovo-thinkpad-t440-t440s-t450-sorozatu-csuklotamasz-egyseg-am0sr000300\/","title":{"rendered":"Eredeti Lenovo ThinkPad T440 T440s T450 sorozat\u00fa csukl\u00f3t\u00e1masz egys\u00e9g AM0SR000300"},"content":{"rendered":"<p>Fejtse fel Lenovo ThinkPad T440, T440s vagy T450 laptopjait az Eredeti Lenovo ThinkPad T440 T440s T450 sorozat\u00fa AM0SR000300 csukl\u00f3t\u00e1masz-egys\u00e9ggel. A laptop tart\u00f3ss\u00e1g\u00e1nak \u00e9s haszn\u00e1lhat\u00f3s\u00e1g\u00e1nak jav\u00edt\u00e1s\u00e1ra tervezett eredeti Lenovo csukl\u00f3t\u00e1masz z\u00f6kken\u0151mentes integr\u00e1ci\u00f3t \u00e9s felfriss\u00edtett megjelen\u00e9st biztos\u00edt laptopja sz\u00e1m\u00e1ra.<\/p>\n<p>A Lenovo \u2013 a sz\u00e1m\u00edt\u00e1stechnika egyik megb\u00edzhat\u00f3 neve \u2013 \u00e1ltal gy\u00e1rtott AM0SR000300 csukl\u00f3t\u00e1masz-szerelv\u00e9nyt \u00fagy tervezt\u00e9k, hogy megb\u00edzhat\u00f3 teny\u00e9r- \u00e9s csukl\u00f3t\u00e1maszt ny\u00fajtson. Nem csak a laptop bels\u0151 alkatr\u00e9szeit v\u00e9di, hanem k\u00e9nyelmes g\u00e9pel\u00e9si \u00e9s navig\u00e1ci\u00f3s \u00e9lm\u00e9nyt is k\u00edn\u00e1l.<\/p>\n<p>Ak\u00e1r egy professzion\u00e1lis \u00faton van, ak\u00e1r di\u00e1k, akinek er\u0151s laptopra van sz\u00fcks\u00e9ge, ez a csukl\u00f3t\u00e1masz-szerelv\u00e9ny jav\u00edtja laptopja haszn\u00e1lhat\u00f3s\u00e1g\u00e1t. Prec\u00edzi\u00f3s tervez\u00e9se biztos\u00edtja a t\u00f6k\u00e9letes illeszked\u00e9st laptopj\u00e1hoz, \u00e9s tartalmazza az egyszer\u0171 telep\u00edt\u00e9shez sz\u00fcks\u00e9ges alkatr\u00e9szeket.<\/p>\n<p>A telep\u00edt\u00e9s egyszer\u0171, k\u00f6sz\u00f6nhet\u0151en a kialak\u00edt\u00e1snak, amely illeszkedik a laptop eredeti alkatr\u00e9szeihez. Ha eredeti Lenovo alkatr\u00e9szeket v\u00e1laszt, akkor laptopja csukl\u00f3t\u00e1masz\u00e1nak min\u0151s\u00e9g\u00e9be, tart\u00f3ss\u00e1g\u00e1ba \u00e9s megb\u00edzhat\u00f3s\u00e1g\u00e1ba fektet be.<\/p>\n<p>Friss\u00edtse \u00e9s v\u00e9dje meg laptopj\u00e1t az eredeti Lenovo ThinkPad T440 T440s T450 sorozat\u00fa AM0SR000300 csukl\u00f3t\u00e1masz-szerelv\u00e9nnyel. \u00c9lvezze ThinkPad T-sorozat\u00fa laptopja megn\u00f6velt tart\u00f3ss\u00e1g\u00e1t, k\u00e9nyelmes k\u00e9z- \u00e9s csukl\u00f3t\u00e1maszt\u00e1s\u00e1t, valamint felfriss\u00fclt megjelen\u00e9s\u00e9t. N\u00f6velje sz\u00e1m\u00edt\u00e1stechnikai \u00e9lm\u00e9ny\u00e9t ezzel a megb\u00edzhat\u00f3 \u00e9s hat\u00e9kony csukl\u00f3t\u00e1masz-\u00f6ssze\u00e1ll\u00edt\u00e1ssal.<\/p>\n<p>V\u00e1s\u00e1rl\u00e1s el\u0151tt ellen\u0151rizze, hogy kompatibilis-e az adott laptopmodellj\u00e9vel.<\/p>\n","protected":false},"excerpt":{"rendered":"<p>Fejtse fel Lenovo ThinkPad T440, T440s vagy T450 laptopjait az Eredeti Lenovo ThinkPad T440 T440s T450 sorozat\u00fa AM0SR000300 csukl\u00f3t\u00e1masz-egys\u00e9ggel. \u00c9lvezze a tov\u00e1bbfejlesztett tart\u00f3ss\u00e1got, k\u00e9nyelmes k\u00e9z- \u00e9s csukl\u00f3t\u00e1maszt, valamint laptopja felfriss\u00fclt megjelen\u00e9s\u00e9t.<\/p>\n","protected":false},"featured_media":3822,"template":"","meta":[],"product_brand":[],"product_cat":[16],"product_tag":[26],"class_list":{"0":"post-3790","1":"product","2":"type-product","3":"status-publish","4":"has-post-thumbnail","6":"product_cat-laptop-housing","7":"product_tag-lenovo","9":"first","10":"instock","11":"taxable","12":"shipping-taxable","13":"purchasable","14":"product-type-simple"},"_links":{"self":[{"href":"https:\/\/boreait.com\/hu\/wp-json\/wp\/v2\/product\/3790","targetHints":{"allow":["GET"]}}],"collection":[{"href":"https:\/\/boreait.com\/hu\/wp-json\/wp\/v2\/product"}],"about":[{"href":"https:\/\/boreait.com\/hu\/wp-json\/wp\/v2\/types\/product"}],"wp:featuredmedia":[{"embeddable":true,"href":"https:\/\/boreait.com\/hu\/wp-json\/wp\/v2\/media\/3822"}],"wp:attachment":[{"href":"https:\/\/boreait.com\/hu\/wp-json\/wp\/v2\/media?parent=3790"}],"wp:term":[{"taxonomy":"product_brand","embeddable":true,"href":"https:\/\/boreait.com\/hu\/wp-json\/wp\/v2\/product_brand?post=3790"},{"taxonomy":"product_cat","embeddable":true,"href":"https:\/\/boreait.com\/hu\/wp-json\/wp\/v2\/product_cat?post=3790"},{"taxonomy":"product_tag","embeddable":true,"href":"https:\/\/boreait.com\/hu\/wp-json\/wp\/v2\/product_tag?post=3790"}],"curies":[{"name":"wp","href":"https:\/\/api.w.org\/{rel}","templated":true}]}}