{"id":379,"date":"2025-09-17T09:26:08","date_gmt":"2025-09-17T07:26:08","guid":{"rendered":"https:\/\/boreait.com\/hu\/?post_type=product&#038;p=379"},"modified":"2025-09-17T09:27:03","modified_gmt":"2025-09-17T07:27:03","slug":"eredeti-fujitsu-lifebook-e736-hangszorok-l-r-cp629840-02","status":"publish","type":"product","link":"https:\/\/boreait.com\/hu\/termek\/eredeti-fujitsu-lifebook-e736-hangszorok-l-r-cp629840-02\/","title":{"rendered":"Eredeti Fujitsu Lifebook E736 hangsz\u00f3r\u00f3k L R Cp629840-02"},"content":{"rendered":"<p>A hangsz\u00f3r\u00f3k strat\u00e9giailag a laptop bal \u00e9s jobb oldal\u00e1n helyezkednek el, \u00edgy sztere\u00f3 hangz\u00e1st biztos\u00edtanak a mag\u00e1val ragad\u00f3 hang\u00e9lm\u00e9ny \u00e9rdek\u00e9ben. \u00dagy tervezt\u00e9k \u0151ket, hogy tiszta \u00e9s kiegyens\u00falyozott hangz\u00e1st adjanak, ak\u00e1r zen\u00e9t hallgat, ak\u00e1r vide\u00f3t n\u00e9z, ak\u00e1r videokonferenci\u00e1t folytat.<\/p>\n<p>A Cp629840-02 hangsz\u00f3r\u00f3k kompaktak, \u00e9s z\u00f6kken\u0151mentesen integr\u00e1lhat\u00f3k a laptop kialak\u00edt\u00e1s\u00e1ba, meg\u0151rizve a Lifebook E736 \u00e1ltal\u00e1nos karcs\u00fa \u00e9s professzion\u00e1lis megjelen\u00e9s\u00e9t. Elhelyez\u00e9s\u00fck lehet\u0151v\u00e9 teszi a hang k\u00f6zvetlen kivet\u00edt\u00e9s\u00e9t a felhaszn\u00e1l\u00f3 fel\u00e9, ami jobb tisztas\u00e1got \u00e9s pontoss\u00e1got eredm\u00e9nyez.<\/p>\n<p>Ezekkel a hangsz\u00f3r\u00f3kkal gazdag, dinamikus hangvisszaad\u00e1sra sz\u00e1m\u00edthat sz\u00e9les frekvenciatartom\u00e1nyban. Ak\u00e1r kedvenc dallamait hallgatja, ak\u00e1r multim\u00e9di\u00e1s prezent\u00e1ci\u00f3kon vesz r\u00e9szt, a Lifebook E736 hangsz\u00f3r\u00f3k \u00e9lvezetes hang\u00e9lm\u00e9nyt ny\u00fajtanak, amely kieg\u00e9sz\u00edti a laptop \u00e1ltal\u00e1nos funkcionalit\u00e1s\u00e1t.<\/p>\n","protected":false},"excerpt":{"rendered":"<p>A Cp629840-02 cikksz\u00e1m\u00fa eredeti Fujitsu Lifebook E736 hangsz\u00f3r\u00f3kat \u00fagy tervezt\u00e9k, hogy kiv\u00e1l\u00f3 min\u0151s\u00e9g\u0171 hangkimenetet biztos\u00edtsanak a tov\u00e1bbfejlesztett multim\u00e9di\u00e1s \u00e9lm\u00e9ny \u00e9rdek\u00e9ben. Ezeket a hangsz\u00f3r\u00f3kat kifejezetten a Lifebook E736 modellhez szabt\u00e1k, \u00edgy biztos\u00edtva a kompatibilit\u00e1st \u00e9s az optim\u00e1lis teljes\u00edtm\u00e9nyt.<\/p>\n","protected":false},"featured_media":446,"template":"","meta":[],"product_brand":[],"product_cat":[18],"product_tag":[28],"class_list":{"0":"post-379","1":"product","2":"type-product","3":"status-publish","4":"has-post-thumbnail","6":"product_cat-laptop-speakers","7":"product_tag-fujitsu","9":"first","10":"instock","11":"taxable","12":"shipping-taxable","13":"purchasable","14":"product-type-simple"},"_links":{"self":[{"href":"https:\/\/boreait.com\/hu\/wp-json\/wp\/v2\/product\/379","targetHints":{"allow":["GET"]}}],"collection":[{"href":"https:\/\/boreait.com\/hu\/wp-json\/wp\/v2\/product"}],"about":[{"href":"https:\/\/boreait.com\/hu\/wp-json\/wp\/v2\/types\/product"}],"wp:featuredmedia":[{"embeddable":true,"href":"https:\/\/boreait.com\/hu\/wp-json\/wp\/v2\/media\/446"}],"wp:attachment":[{"href":"https:\/\/boreait.com\/hu\/wp-json\/wp\/v2\/media?parent=379"}],"wp:term":[{"taxonomy":"product_brand","embeddable":true,"href":"https:\/\/boreait.com\/hu\/wp-json\/wp\/v2\/product_brand?post=379"},{"taxonomy":"product_cat","embeddable":true,"href":"https:\/\/boreait.com\/hu\/wp-json\/wp\/v2\/product_cat?post=379"},{"taxonomy":"product_tag","embeddable":true,"href":"https:\/\/boreait.com\/hu\/wp-json\/wp\/v2\/product_tag?post=379"}],"curies":[{"name":"wp","href":"https:\/\/api.w.org\/{rel}","templated":true}]}}