{"id":3789,"date":"2025-09-17T10:46:34","date_gmt":"2025-09-17T08:46:34","guid":{"rendered":"https:\/\/boreait.com\/hu\/?post_type=product&#038;p=3789"},"modified":"2025-09-17T10:46:50","modified_gmt":"2025-09-17T08:46:50","slug":"hp-elitebook-840-g1-g2-felso-tok-csuklotamasz-fedel-730964-001","status":"publish","type":"product","link":"https:\/\/boreait.com\/hu\/termek\/hp-elitebook-840-g1-g2-felso-tok-csuklotamasz-fedel-730964-001\/","title":{"rendered":"HP Elitebook 840 G1 G2 fels\u0151 tok csukl\u00f3t\u00e1masz fed\u00e9l 730964-001"},"content":{"rendered":"<p>N\u00f6velje HP Elitebook 840 G1 vagy G2 laptopja tart\u00f3ss\u00e1g\u00e1t \u00e9s eszt\u00e9tik\u00e1j\u00e1t a HP Elitebook 840 G1 G2 fels\u0151 csukl\u00f3t\u00e1masz bor\u00edt\u00e1ssal (cikksz\u00e1m: 730964-001). A v\u00e9delmet \u00e9s a felfriss\u00edtett megjelen\u00e9st biztos\u00edt\u00f3, eredeti fels\u0151 csukl\u00f3t\u00e1masz bor\u00edt\u00e1st \u00fagy tervezt\u00e9k, hogy z\u00f6kken\u0151mentesen illeszkedjen laptopj\u00e1hoz.<\/p>\n<p>A HP, a sz\u00e1m\u00edt\u00e1stechnika megb\u00edzhat\u00f3 vezet\u0151 gy\u00e1rt\u00f3ja \u00e1ltal gy\u00e1rtott 730964-001 csukl\u00f3t\u00e1masz-burkolat t\u00f6k\u00e9letes illeszked\u00e9st biztos\u00edt, \u00e9s meg\u0151rzi Elitebook 840 G1 vagy G2 eredeti megjelen\u00e9s\u00e9t. Extra v\u00e9delmet ny\u00fajt a napi kop\u00e1s ellen, \u00edgy professzion\u00e1lis \u00e9s szem\u00e9lyes haszn\u00e1latra egyar\u00e1nt ide\u00e1lis.<\/p>\n<p>A telep\u00edt\u00e9s egyszer\u0171, k\u00f6sz\u00f6nhet\u0151en a prec\u00edz kialak\u00edt\u00e1snak, amely illeszkedik a laptop eredeti alkatr\u00e9szeihez. Az eredeti HP alkatr\u00e9szek kiv\u00e1laszt\u00e1s\u00e1val laptopja min\u0151s\u00e9g\u00e9be, tart\u00f3ss\u00e1g\u00e1ba \u00e9s megjelen\u00e9s\u00e9be fektet be.<\/p>\n<p>N\u00f6velje laptopja tart\u00f3ss\u00e1g\u00e1t \u00e9s eszt\u00e9tik\u00e1j\u00e1t a HP Elitebook 840 G1 G2 Upper Case csukl\u00f3t\u00e1masz bor\u00edt\u00e1ssal (cikksz\u00e1m: 730964-001). \u00c9lvezze a fokozott v\u00e9delmet \u00e9s a felfriss\u00edtett megjelen\u00e9st, biztos\u00edtva, hogy laptopja kiv\u00e1l\u00f3 \u00e1llapotban maradjon.<\/p>\n<p>V\u00e1s\u00e1rl\u00e1s el\u0151tt ellen\u0151rizze, hogy kompatibilis-e az adott laptopmodellj\u00e9vel.<\/p>\n","protected":false},"excerpt":{"rendered":"<p>N\u00f6velje HP Elitebook 840 G1 vagy G2 laptopja tart\u00f3ss\u00e1g\u00e1t \u00e9s eszt\u00e9tik\u00e1j\u00e1t a HP Elitebook 840 G1 G2 fels\u0151 csukl\u00f3t\u00e1masz bor\u00edt\u00e1ssal (cikksz\u00e1m: 730964-001). \u00c9lvezze laptopja megn\u00f6velt v\u00e9delm\u00e9t \u00e9s felfriss\u00fclt megjelen\u00e9s\u00e9t.<\/p>\n","protected":false},"featured_media":3820,"template":"","meta":[],"product_brand":[],"product_cat":[16],"product_tag":[25],"class_list":{"0":"post-3789","1":"product","2":"type-product","3":"status-publish","4":"has-post-thumbnail","6":"product_cat-laptop-housing","7":"product_tag-hp","9":"first","10":"instock","11":"taxable","12":"shipping-taxable","13":"purchasable","14":"product-type-simple"},"_links":{"self":[{"href":"https:\/\/boreait.com\/hu\/wp-json\/wp\/v2\/product\/3789","targetHints":{"allow":["GET"]}}],"collection":[{"href":"https:\/\/boreait.com\/hu\/wp-json\/wp\/v2\/product"}],"about":[{"href":"https:\/\/boreait.com\/hu\/wp-json\/wp\/v2\/types\/product"}],"wp:featuredmedia":[{"embeddable":true,"href":"https:\/\/boreait.com\/hu\/wp-json\/wp\/v2\/media\/3820"}],"wp:attachment":[{"href":"https:\/\/boreait.com\/hu\/wp-json\/wp\/v2\/media?parent=3789"}],"wp:term":[{"taxonomy":"product_brand","embeddable":true,"href":"https:\/\/boreait.com\/hu\/wp-json\/wp\/v2\/product_brand?post=3789"},{"taxonomy":"product_cat","embeddable":true,"href":"https:\/\/boreait.com\/hu\/wp-json\/wp\/v2\/product_cat?post=3789"},{"taxonomy":"product_tag","embeddable":true,"href":"https:\/\/boreait.com\/hu\/wp-json\/wp\/v2\/product_tag?post=3789"}],"curies":[{"name":"wp","href":"https:\/\/api.w.org\/{rel}","templated":true}]}}