{"id":3788,"date":"2025-09-17T10:46:34","date_gmt":"2025-09-17T08:46:34","guid":{"rendered":"https:\/\/boreait.com\/hu\/?post_type=product&#038;p=3788"},"modified":"2025-09-17T10:46:49","modified_gmt":"2025-09-17T08:46:49","slug":"toshiba-satellite-a300-a300d-csuklotamasz-erintopad-fedel-eabl5002010-3bbl5ta0i10","status":"publish","type":"product","link":"https:\/\/boreait.com\/hu\/termek\/toshiba-satellite-a300-a300d-csuklotamasz-erintopad-fedel-eabl5002010-3bbl5ta0i10\/","title":{"rendered":"Toshiba Satellite A300 A300D csukl\u00f3t\u00e1masz \u00e9rint\u0151pad fed\u00e9l EABL5002010 3BBL5TA0I10"},"content":{"rendered":"<p>Fokozza Toshiba Satellite A300 vagy A300D laptopja megjelen\u00e9s\u00e9t \u00e9s funkcionalit\u00e1s\u00e1t a Toshiba Satellite A300 A300D csukl\u00f3t\u00e1masz \u00e9rint\u0151pad burkolat\u00e1val EABL5002010 3BBL5TA0I10. A megl\u00e9v\u0151 csukl\u00f3t\u00e1masz \u00e9s \u00e9rint\u0151pad burkolat cser\u00e9j\u00e9re tervezett eredeti Toshiba alkatr\u00e9sz friss megjelen\u00e9st \u00e9s jobb haszn\u00e1lhat\u00f3s\u00e1got k\u00f6lcs\u00f6n\u00f6z laptopj\u00e1nak.<\/p>\n<p>A Toshiba \u2013 a sz\u00e1m\u00edt\u00e1stechnika egyik megb\u00edzhat\u00f3 neve \u2013 \u00e1ltal gy\u00e1rtott EABL5002010 csukl\u00f3t\u00e1masz \u00e9rint\u0151pad burkolatot kifejezetten a Satellite A300 \u00e9s A300D sorozat\u00fa laptopokhoz tervezt\u00e9k. A prec\u00edz kialak\u00edt\u00e1s\u00fa, t\u00f6k\u00e9letes illeszked\u00e9st k\u00edn\u00e1l, \u00e9s z\u00f6kken\u0151mentesen illeszkedik laptopja eredeti alkatr\u00e9szeihez.<\/p>\n<p>A telep\u00edt\u00e9s egyszer\u0171, \u00e9s nem ig\u00e9nyel speci\u00e1lis eszk\u00f6z\u00f6ket. Ez a friss\u00edt\u00e9s nemcsak a laptop megjelen\u00e9s\u00e9t friss\u00edti fel, hanem biztos\u00edtja az \u00e9rint\u0151pad optim\u00e1lis m\u0171k\u00f6d\u00e9s\u00e9t is, sima \u00e9s \u00e9rz\u00e9keny felhaszn\u00e1l\u00f3i \u00e9lm\u00e9nyt biztos\u00edtva.<\/p>\n<p>A Toshiba Satellite A300 A300D csukl\u00f3t\u00e1masz \u00e9rint\u0151pad fed\u00e9l EABL5002010 3BBL5TA0I10 seg\u00edts\u00e9g\u00e9vel vissza\u00e1ll\u00edthatja Toshiba Satellite A300 vagy A300D laptopja eredeti megjelen\u00e9s\u00e9t \u00e9s funkcionalit\u00e1s\u00e1t. \u00c9lvezze laptopja jobb haszn\u00e1lhat\u00f3s\u00e1g\u00e1t \u00e9s friss\u00edtett megjelen\u00e9s\u00e9t.<\/p>\n<p>V\u00e1s\u00e1rl\u00e1s el\u0151tt ellen\u0151rizze, hogy kompatibilis-e az adott laptopmodellj\u00e9vel.<\/p>\n","protected":false},"excerpt":{"rendered":"<p>Friss\u00edtse Toshiba Satellite A300 vagy A300D laptopj\u00e1t a Toshiba Satellite A300 A300D csukl\u00f3t\u00e1masz \u00e9rint\u0151pad fed\u00e9llel EABL5002010 3BBL5TA0I10. Ezzel az eredeti Toshiba alkatr\u00e9szrel \u00e1ll\u00edtsa vissza laptopja kin\u00e9zet\u00e9t \u00e9s funkcionalit\u00e1s\u00e1t.<\/p>\n","protected":false},"featured_media":3818,"template":"","meta":[],"product_brand":[],"product_cat":[16],"product_tag":[34],"class_list":{"0":"post-3788","1":"product","2":"type-product","3":"status-publish","4":"has-post-thumbnail","6":"product_cat-laptop-housing","7":"product_tag-toshiba","9":"first","10":"instock","11":"taxable","12":"shipping-taxable","13":"purchasable","14":"product-type-simple"},"_links":{"self":[{"href":"https:\/\/boreait.com\/hu\/wp-json\/wp\/v2\/product\/3788","targetHints":{"allow":["GET"]}}],"collection":[{"href":"https:\/\/boreait.com\/hu\/wp-json\/wp\/v2\/product"}],"about":[{"href":"https:\/\/boreait.com\/hu\/wp-json\/wp\/v2\/types\/product"}],"wp:featuredmedia":[{"embeddable":true,"href":"https:\/\/boreait.com\/hu\/wp-json\/wp\/v2\/media\/3818"}],"wp:attachment":[{"href":"https:\/\/boreait.com\/hu\/wp-json\/wp\/v2\/media?parent=3788"}],"wp:term":[{"taxonomy":"product_brand","embeddable":true,"href":"https:\/\/boreait.com\/hu\/wp-json\/wp\/v2\/product_brand?post=3788"},{"taxonomy":"product_cat","embeddable":true,"href":"https:\/\/boreait.com\/hu\/wp-json\/wp\/v2\/product_cat?post=3788"},{"taxonomy":"product_tag","embeddable":true,"href":"https:\/\/boreait.com\/hu\/wp-json\/wp\/v2\/product_tag?post=3788"}],"curies":[{"name":"wp","href":"https:\/\/api.w.org\/{rel}","templated":true}]}}