{"id":3787,"date":"2025-09-17T10:46:33","date_gmt":"2025-09-17T08:46:33","guid":{"rendered":"https:\/\/boreait.com\/hu\/?post_type=product&#038;p=3787"},"modified":"2025-09-17T10:46:47","modified_gmt":"2025-09-17T08:46:47","slug":"lenovo-thinkpad-t460s-14-csuklotamasz-th-84us-sm10h22115","status":"publish","type":"product","link":"https:\/\/boreait.com\/hu\/termek\/lenovo-thinkpad-t460s-14-csuklotamasz-th-84us-sm10h22115\/","title":{"rendered":"Lenovo ThinkPad T460s 14&#8243; csukl\u00f3t\u00e1masz TH-84US SM10H22115"},"content":{"rendered":"<p>Fokozza Lenovo ThinkPad T460s funkcionalit\u00e1s\u00e1t \u00e9s megjelen\u00e9s\u00e9t a Lenovo ThinkPad T460s 14 csukl\u00f3t\u00e1masz TH-84US SM10H22115 seg\u00edts\u00e9g\u00e9vel. A nagyobb k\u00e9nyelmet \u00e9s tart\u00f3ss\u00e1got biztos\u00edt\u00f3 eredeti csukl\u00f3t\u00e1masz m\u00e9g kiel\u00e9g\u00edt\u0151bb g\u00e9pel\u00e9si \u00e9lm\u00e9nyt biztos\u00edt, mik\u00f6zben v\u00e9di a laptop bels\u0151 alkatr\u00e9szeit.<\/p>\n<p>A Lenovo, a sz\u00e1m\u00edt\u00e1stechnika egyik megb\u00edzhat\u00f3 neve \u00e1ltal gy\u00e1rtott ThinkPad T460s 14 Palmrest TH-84US SM10H22115 t\u00f6k\u00e9letesen kieg\u00e9sz\u00edti laptopj\u00e1t. A prec\u00edzi\u00f3s kialak\u00edt\u00e1s\u00fa k\u00e9nyelmes pihen\u0151helyet k\u00edn\u00e1l a teny\u00e9rnek \u00e9s a csukl\u00f3nak, cs\u00f6kkentve a terhel\u00e9st a hosszan tart\u00f3 g\u00e9pel\u00e9s sor\u00e1n.<\/p>\n<p>Ez a csukl\u00f3t\u00e1masz tov\u00e1bbi v\u00e9delmet ad a laptop bels\u0151 alkatr\u00e9szeinek, meg\u00f3vva azokat a port\u00f3l, szennyez\u0151d\u00e9sekt\u0151l \u00e9s a v\u00e9letlen\u00fcl ki\u00f6ml\u00f6tt anyagokt\u00f3l. Eleg\u00e1ns kialak\u00edt\u00e1sa z\u00f6kken\u0151mentesen illeszkedik a ThinkPad T460s \u00e1ltal\u00e1nos eszt\u00e9tik\u00e1j\u00e1ba, meg\u0151rizve a laptop professzion\u00e1lis \u00e9s csiszolt megjelen\u00e9s\u00e9t.<\/p>\n<p>N\u00f6velje ThinkPad T460s \u00e9lm\u00e9ny\u00e9t a Lenovo ThinkPad T460s 14 csukl\u00f3t\u00e1masz TH-84US SM10H22115 seg\u00edts\u00e9g\u00e9vel. \u00c9lvezze a fokozott k\u00e9nyelmet, a tart\u00f3ss\u00e1got \u00e9s a laptop v\u00e9delm\u00e9t, mik\u00f6zben meg\u0151rzi a laptop professzion\u00e1lis megjelen\u00e9s\u00e9t.<\/p>\n<p>V\u00e1s\u00e1rl\u00e1s el\u0151tt ellen\u0151rizze, hogy kompatibilis-e az adott laptopmodellj\u00e9vel.<\/p>\n","protected":false},"excerpt":{"rendered":"<p>Fejtse fel Lenovo ThinkPad T460s k\u00e9sz\u00fcl\u00e9k\u00e9t a Lenovo ThinkPad T460s 14 csukl\u00f3t\u00e1masz TH-84US SM10H22115 seg\u00edts\u00e9g\u00e9vel. \u00c9lvezze a jobb g\u00e9pel\u00e9si k\u00e9nyelmet, a tart\u00f3ss\u00e1got \u00e9s a laptop v\u00e9delm\u00e9t, mik\u00f6zben meg\u0151rzi az eleg\u00e1ns megjelen\u00e9st.<\/p>\n","protected":false},"featured_media":3816,"template":"","meta":[],"product_brand":[],"product_cat":[16],"product_tag":[26],"class_list":{"0":"post-3787","1":"product","2":"type-product","3":"status-publish","4":"has-post-thumbnail","6":"product_cat-laptop-housing","7":"product_tag-lenovo","9":"first","10":"instock","11":"taxable","12":"shipping-taxable","13":"purchasable","14":"product-type-simple"},"_links":{"self":[{"href":"https:\/\/boreait.com\/hu\/wp-json\/wp\/v2\/product\/3787","targetHints":{"allow":["GET"]}}],"collection":[{"href":"https:\/\/boreait.com\/hu\/wp-json\/wp\/v2\/product"}],"about":[{"href":"https:\/\/boreait.com\/hu\/wp-json\/wp\/v2\/types\/product"}],"wp:featuredmedia":[{"embeddable":true,"href":"https:\/\/boreait.com\/hu\/wp-json\/wp\/v2\/media\/3816"}],"wp:attachment":[{"href":"https:\/\/boreait.com\/hu\/wp-json\/wp\/v2\/media?parent=3787"}],"wp:term":[{"taxonomy":"product_brand","embeddable":true,"href":"https:\/\/boreait.com\/hu\/wp-json\/wp\/v2\/product_brand?post=3787"},{"taxonomy":"product_cat","embeddable":true,"href":"https:\/\/boreait.com\/hu\/wp-json\/wp\/v2\/product_cat?post=3787"},{"taxonomy":"product_tag","embeddable":true,"href":"https:\/\/boreait.com\/hu\/wp-json\/wp\/v2\/product_tag?post=3787"}],"curies":[{"name":"wp","href":"https:\/\/api.w.org\/{rel}","templated":true}]}}