{"id":3786,"date":"2025-09-17T10:46:33","date_gmt":"2025-09-17T08:46:33","guid":{"rendered":"https:\/\/boreait.com\/hu\/?post_type=product&#038;p=3786"},"modified":"2025-09-17T10:46:45","modified_gmt":"2025-09-17T08:46:45","slug":"hp-pavilion-dv6-3000-3xxx-sorozatu-csuklotamasz-rit3llx6tp103-604020-001","status":"publish","type":"product","link":"https:\/\/boreait.com\/hu\/termek\/hp-pavilion-dv6-3000-3xxx-sorozatu-csuklotamasz-rit3llx6tp103-604020-001\/","title":{"rendered":"HP Pavilion DV6-3000 3XXX sorozat\u00fa csukl\u00f3t\u00e1masz RIT3LLX6TP103 604020-001"},"content":{"rendered":"<p>Fokozza HP Pavilion DV6-3000 3XXX sorozat\u00fa laptopja eszt\u00e9tik\u00e1j\u00e1t \u00e9s funkcionalit\u00e1s\u00e1t a HP Pavilion DV6-3000 csukl\u00f3t\u00e1masz (RIT3LLX6TP103 604020-001) seg\u00edts\u00e9g\u00e9vel. A st\u00edlus \u00e9s a haszn\u00e1lhat\u00f3s\u00e1g z\u00f6kken\u0151mentes \u00f6tv\u00f6zet\u00e9t biztos\u00edt\u00f3 eredeti csukl\u00f3t\u00e1masz k\u00e9nyelmes g\u00e9pel\u00e9si \u00e9lm\u00e9nyt \u00e9s v\u00e9delmet ny\u00fajt a laptop bels\u0151 alkatr\u00e9szeinek.<\/p>\n<p>A HP, a laptoptechnol\u00f3gia egyik megb\u00edzhat\u00f3 vezet\u0151 gy\u00e1rt\u00f3ja \u00e1ltal gy\u00e1rtott HP Pavilion DV6-3000 csukl\u00f3t\u00e1maszt \u00fagy tervezt\u00e9k, hogy megfeleljen laptopja kialak\u00edt\u00e1s\u00e1nak \u00e9s \u00f6sszeszerel\u00e9si min\u0151s\u00e9g\u00e9nek. Nemcsak kifinomultabb\u00e1 teszi, hanem biztons\u00e1gos h\u00e1zat is biztos\u00edt az \u00e9rint\u0151padnak, a billenty\u0171zetnek \u00e9s m\u00e1s alapvet\u0151 alkatr\u00e9szeknek.<\/p>\n<p>A csukl\u00f3t\u00e1masz prec\u00edzen megtervezett kialak\u00edt\u00e1sa t\u00f6k\u00e9letes illeszked\u00e9st \u00e9s egyszer\u0171 telep\u00edt\u00e9st biztos\u00edt DV6-3000 3XXX sorozat\u00fa laptopj\u00e1hoz. Cser\u00e9lje le r\u00e9gi vagy elhaszn\u00e1l\u00f3dott csukl\u00f3t\u00e1masz\u00e1t erre az eredeti HP alkatr\u00e9szre, hogy vissza\u00e1ll\u00edtsa laptopja eredeti megjelen\u00e9s\u00e9t.<\/p>\n<p>Friss\u00edtse laptopja megjelen\u00e9s\u00e9t \u00e9s haszn\u00e1lhat\u00f3s\u00e1g\u00e1t a HP Pavilion DV6-3000 csukl\u00f3t\u00e1masz seg\u00edts\u00e9g\u00e9vel (RIT3LLX6TP103 604020-001). \u00c9lvezze a k\u00e9nyelmes g\u00e9pel\u00e9st, \u00e9s v\u00e9dje meg laptopja bels\u0151 alkatr\u00e9szeit ezzel a st\u00edlusos \u00e9s funkcion\u00e1lis csukl\u00f3t\u00e1maszsal.<\/p>\n<p>V\u00e1s\u00e1rl\u00e1s el\u0151tt ellen\u0151rizze, hogy kompatibilis-e az adott laptopmodellj\u00e9vel.<\/p>\n","protected":false},"excerpt":{"rendered":"<p>Fokozza HP Pavilion DV6-3000 3XXX sorozat\u00fa laptopja eszt\u00e9tik\u00e1j\u00e1t \u00e9s funkcionalit\u00e1s\u00e1t a HP Pavilion DV6-3000 csukl\u00f3t\u00e1masz (RIT3LLX6TP103 604020-001) seg\u00edts\u00e9g\u00e9vel. \u00c9lvezze a k\u00e9nyelmes g\u00e9pel\u00e9st, \u00e9s v\u00e9dje meg laptopja bels\u0151 alkatr\u00e9szeit ezzel a st\u00edlusos \u00e9s funkcion\u00e1lis csukl\u00f3t\u00e1maszsal.<\/p>\n","protected":false},"featured_media":3814,"template":"","meta":[],"product_brand":[],"product_cat":[16],"product_tag":[25],"class_list":{"0":"post-3786","1":"product","2":"type-product","3":"status-publish","4":"has-post-thumbnail","6":"product_cat-laptop-housing","7":"product_tag-hp","9":"first","10":"instock","11":"taxable","12":"shipping-taxable","13":"purchasable","14":"product-type-simple"},"_links":{"self":[{"href":"https:\/\/boreait.com\/hu\/wp-json\/wp\/v2\/product\/3786","targetHints":{"allow":["GET"]}}],"collection":[{"href":"https:\/\/boreait.com\/hu\/wp-json\/wp\/v2\/product"}],"about":[{"href":"https:\/\/boreait.com\/hu\/wp-json\/wp\/v2\/types\/product"}],"wp:featuredmedia":[{"embeddable":true,"href":"https:\/\/boreait.com\/hu\/wp-json\/wp\/v2\/media\/3814"}],"wp:attachment":[{"href":"https:\/\/boreait.com\/hu\/wp-json\/wp\/v2\/media?parent=3786"}],"wp:term":[{"taxonomy":"product_brand","embeddable":true,"href":"https:\/\/boreait.com\/hu\/wp-json\/wp\/v2\/product_brand?post=3786"},{"taxonomy":"product_cat","embeddable":true,"href":"https:\/\/boreait.com\/hu\/wp-json\/wp\/v2\/product_cat?post=3786"},{"taxonomy":"product_tag","embeddable":true,"href":"https:\/\/boreait.com\/hu\/wp-json\/wp\/v2\/product_tag?post=3786"}],"curies":[{"name":"wp","href":"https:\/\/api.w.org\/{rel}","templated":true}]}}