{"id":3784,"date":"2025-09-17T10:46:33","date_gmt":"2025-09-17T08:46:33","guid":{"rendered":"https:\/\/boreait.com\/hu\/?post_type=product&#038;p=3784"},"modified":"2026-01-09T13:48:57","modified_gmt":"2026-01-09T12:48:57","slug":"hp-pavilion-dv6-3000-dv6-3037-3053-3120-barna-erintopad-es-szalag-3llx6tatp20","status":"publish","type":"product","link":"https:\/\/boreait.com\/hu\/termek\/hp-pavilion-dv6-3000-dv6-3037-3053-3120-barna-erintopad-es-szalag-3llx6tatp20\/","title":{"rendered":"HP Pavilion dv6-3000 dv6-3037 3053 3120 barna \u00e9rint\u0151pad \u00e9s szalag 3LLX6TATP20"},"content":{"rendered":"<p>Jav\u00edtsa ki HP Pavilion dv6-3000 sorozat\u00fa laptopj\u00e1t a HP Pavilion dv6-3000 dv6-3037 3053 3120 barna \u00e9rint\u0151paddal \u00e9s amp; Szalag 3LLX6TATP20. A laptop navig\u00e1ci\u00f3s \u00e9s beviteli k\u00e9pess\u00e9geinek jav\u00edt\u00e1s\u00e1ra tervezett eredeti \u00e9rint\u0151pad \u00e9s szalagos szerelv\u00e9ny z\u00f6kken\u0151mentes integr\u00e1ci\u00f3t \u00e9s hat\u00e9kony kurzorvez\u00e9rl\u00e9st biztos\u00edt a jobb sz\u00e1m\u00edt\u00e1stechnikai \u00e9lm\u00e9ny \u00e9rdek\u00e9ben.<\/p>\n<p>A HP \u00e1ltal megalkotott, megb\u00edzhat\u00f3 n\u00e9v a sz\u00e1m\u00edt\u00e1stechnik\u00e1ban, a HP Pavilion dv6-3000 Brown Touchpad &amp; A Ribbon 3LLX6TATP20 megb\u00edzhat\u00f3 \u00e9rint\u0151k\u00e9perny\u0151s beviteli funkci\u00f3kat biztos\u00edt. A laptop beviteli rendszer\u00e9nek alapvet\u0151 elemek\u00e9nt ez az \u00e9rint\u0151pad prec\u00edz \u00e9s \u00e9rz\u00e9keny kurzormozgat\u00e1st biztos\u00edt.<\/p>\n<p>Ak\u00e1r dokumentumokon dolgozik, ak\u00e1r az interneten b\u00f6ng\u00e9szik, ak\u00e1r multim\u00e9di\u00e1s tev\u00e9kenys\u00e9geket v\u00e9gez, ez az \u00e9rint\u0151pad-szerelv\u00e9ny biztos\u00edtja a sz\u00fcks\u00e9ges k\u00e9nyelmet \u00e9s pontoss\u00e1got. A mell\u00e9kelt szalag egyszer\u0171 \u00e9s biztons\u00e1gos csatlakoztat\u00e1st tesz lehet\u0151v\u00e9 laptopja alaplapj\u00e1hoz, egyszer\u0171v\u00e9 t\u00e9ve a telep\u00edt\u00e9st.<\/p>\n<p>A telep\u00edt\u00e9si utas\u00edt\u00e1sokat nem tartalmazza, \u00e9s a legjobb eredm\u00e9ny \u00e9rdek\u00e9ben professzion\u00e1lis telep\u00edt\u00e9s javasolt. Ha ezt az autentikus HP \u00e9rint\u0151padot \u00e9s szalagos szerelv\u00e9nyt v\u00e1lasztja, akkor laptopja beviteli rendszer\u00e9nek min\u0151s\u00e9g\u00e9be \u00e9s megb\u00edzhat\u00f3s\u00e1g\u00e1ba fektet be.<\/p>\n<p>Friss\u00edtse laptopja navig\u00e1ci\u00f3s \u00e9s beviteli k\u00e9pess\u00e9geit a HP Pavilion dv6-3000 dv6-3037 3053 3120 Brown Touchpad &amp; Szalag 3LLX6TATP20. \u00c9lvezze a prec\u00edz \u00e9s \u00e9rz\u00e9keny kurzorvez\u00e9rl\u00e9st, ami hat\u00e9konyabb\u00e1 \u00e9s \u00e9lvezetesebb\u00e9 teszi sz\u00e1m\u00edt\u00e1stechnikai feladatait.<\/p>\n<p>V\u00e1s\u00e1rl\u00e1s el\u0151tt ellen\u0151rizze, hogy kompatibilis-e az adott laptopmodellj\u00e9vel.<\/p>\n","protected":false},"excerpt":{"rendered":"<p>Jav\u00edtsa ki HP Pavilion dv6-3000 sorozat\u00fa laptopj\u00e1t a HP Pavilion dv6-3000 dv6-3037 3053 3120 barna \u00e9rint\u0151paddal \u00e9s amp; Szalag 3LLX6TATP20. \u00c9lvezze a prec\u00edz \u00e9s \u00e9rz\u00e9keny kurzorvez\u00e9rl\u00e9st a jobb navig\u00e1ci\u00f3 \u00e9s bevitel \u00e9rdek\u00e9ben.<\/p>\n","protected":false},"featured_media":3811,"template":"","meta":[],"product_brand":[],"product_cat":[27],"product_tag":[25],"class_list":{"0":"post-3784","1":"product","2":"type-product","3":"status-publish","4":"has-post-thumbnail","6":"product_cat-motherboards-board-parts","7":"product_tag-hp","9":"first","10":"instock","11":"taxable","12":"shipping-taxable","13":"purchasable","14":"product-type-simple"},"_links":{"self":[{"href":"https:\/\/boreait.com\/hu\/wp-json\/wp\/v2\/product\/3784","targetHints":{"allow":["GET"]}}],"collection":[{"href":"https:\/\/boreait.com\/hu\/wp-json\/wp\/v2\/product"}],"about":[{"href":"https:\/\/boreait.com\/hu\/wp-json\/wp\/v2\/types\/product"}],"wp:featuredmedia":[{"embeddable":true,"href":"https:\/\/boreait.com\/hu\/wp-json\/wp\/v2\/media\/3811"}],"wp:attachment":[{"href":"https:\/\/boreait.com\/hu\/wp-json\/wp\/v2\/media?parent=3784"}],"wp:term":[{"taxonomy":"product_brand","embeddable":true,"href":"https:\/\/boreait.com\/hu\/wp-json\/wp\/v2\/product_brand?post=3784"},{"taxonomy":"product_cat","embeddable":true,"href":"https:\/\/boreait.com\/hu\/wp-json\/wp\/v2\/product_cat?post=3784"},{"taxonomy":"product_tag","embeddable":true,"href":"https:\/\/boreait.com\/hu\/wp-json\/wp\/v2\/product_tag?post=3784"}],"curies":[{"name":"wp","href":"https:\/\/api.w.org\/{rel}","templated":true}]}}