{"id":3783,"date":"2025-09-17T10:46:33","date_gmt":"2025-09-17T08:46:33","guid":{"rendered":"https:\/\/boreait.com\/hu\/?post_type=product&#038;p=3783"},"modified":"2025-09-17T10:46:41","modified_gmt":"2025-09-17T08:46:41","slug":"dell-latitude-e5570-m3510-c-shell-keztamasz-hazhoz-a151n5-a151n6","status":"publish","type":"product","link":"https:\/\/boreait.com\/hu\/termek\/dell-latitude-e5570-m3510-c-shell-keztamasz-hazhoz-a151n5-a151n6\/","title":{"rendered":"DELL Latitude E5570 M3510 C-shell k\u00e9zt\u00e1masz h\u00e1zhoz A151N5 A151N6"},"content":{"rendered":"<p>Fokozza Dell Latitude E5570 vagy M3510 laptopja megjelen\u00e9s\u00e9t \u00e9s tart\u00f3ss\u00e1g\u00e1t a Dell Latitude E5570 M3510 C-Shell csukl\u00f3t\u00e1masz h\u00e1z A151N5 A151N6 seg\u00edts\u00e9g\u00e9vel. A laptop eszt\u00e9tik\u00e1j\u00e1nak \u00e9s v\u00e9delm\u00e9nek optimaliz\u00e1l\u00e1s\u00e1ra tervezett eredeti Dell h\u00e1z z\u00f6kken\u0151mentes illeszked\u00e9st \u00e9s nagyobb tart\u00f3ss\u00e1got k\u00edn\u00e1l a jobb sz\u00e1m\u00edt\u00e1stechnikai \u00e9lm\u00e9ny \u00e9rdek\u00e9ben.<\/p>\n<p>A Dell, a laptoptechnol\u00f3gia megb\u00edzhat\u00f3 vezet\u0151 gy\u00e1rt\u00f3ja, a Latitude E5570 M3510 C-Shell A151N5 A151N6 csukl\u00f3t\u00e1masz h\u00e1zat \u00fagy tervezt\u00e9k, hogy pontosan illeszkedjen \u00e9s robusztus v\u00e9delmet ny\u00fajtson laptopja k\u00e9zt\u00e1masz\u00e1nak. Ez a h\u00e1zcsere c\u00e9lja, hogy vissza\u00e1ll\u00edtsa laptopja eredeti megjelen\u00e9s\u00e9t \u00e9s hangulat\u00e1t, vagy jav\u00edtsa a megjelen\u00e9st.<\/p>\n<p>Ak\u00e1r s\u00e9r\u00fclt csukl\u00f3t\u00e1masz h\u00e1zat kell cser\u00e9lnie, ak\u00e1r egyszer\u0171en csak felfriss\u00edteni szeretn\u00e9 laptopja megjelen\u00e9s\u00e9t, ez a h\u00e1z t\u00f6k\u00e9letes megold\u00e1st k\u00edn\u00e1l. Prec\u00edzi\u00f3s tervez\u00e9se biztons\u00e1gos illeszked\u00e9st \u00e9s optim\u00e1lis v\u00e9delmet biztos\u00edt a teny\u00e9rpihentet\u0151 ter\u00fclet sz\u00e1m\u00e1ra, jav\u00edtva az eszt\u00e9tik\u00e1t \u00e9s a tart\u00f3ss\u00e1got.<\/p>\n<p>A telep\u00edt\u00e9s egyszer\u0171, k\u00f6sz\u00f6nhet\u0151en a kialak\u00edt\u00e1snak, amely illeszkedik a laptop eredeti alkatr\u00e9szeihez. Az eredeti Dell alkatr\u00e9szek kiv\u00e1laszt\u00e1s\u00e1val laptopja min\u0151s\u00e9g\u00e9be, tart\u00f3ss\u00e1g\u00e1ba \u00e9s eszt\u00e9tik\u00e1j\u00e1ba fektet be.<\/p>\n<p>Friss\u00edtse laptopja megjelen\u00e9s\u00e9t \u00e9s tart\u00f3ss\u00e1g\u00e1t a Dell Latitude E5570 M3510 C-Shell csukl\u00f3t\u00e1masz h\u00e1z A151N5 A151N6 seg\u00edts\u00e9g\u00e9vel. \u00c9lvezze a felfriss\u00fclt megjelen\u00e9st, a fokozott v\u00e9delmet \u00e9s az eredeti Dell term\u00e9k magabiztoss\u00e1g\u00e1t. N\u00f6velje sz\u00e1m\u00edt\u00e1stechnikai \u00e9lm\u00e9ny\u00e9t ezzel a megb\u00edzhat\u00f3 \u00e9s eszt\u00e9tikus h\u00e1zcser\u00e9vel.<\/p>\n<p>V\u00e1s\u00e1rl\u00e1s el\u0151tt ellen\u0151rizze, hogy kompatibilis-e az adott laptopmodellj\u00e9vel.<\/p>\n","protected":false},"excerpt":{"rendered":"<p>Fokozza Dell Latitude E5570 vagy M3510 laptopja megjelen\u00e9s\u00e9t \u00e9s tart\u00f3ss\u00e1g\u00e1t a Dell Latitude E5570 M3510 C-Shell csukl\u00f3t\u00e1masz h\u00e1z A151N5 A151N6 seg\u00edts\u00e9g\u00e9vel. \u00c9lvezze a felfriss\u00fclt megjelen\u00e9st \u00e9s a jobb k\u00e9zt\u00e1masz-v\u00e9delmet.<\/p>\n","protected":false},"featured_media":3808,"template":"","meta":[],"product_brand":[],"product_cat":[16],"product_tag":[17],"class_list":{"0":"post-3783","1":"product","2":"type-product","3":"status-publish","4":"has-post-thumbnail","6":"product_cat-laptop-housing","7":"product_tag-dell","9":"first","10":"instock","11":"taxable","12":"shipping-taxable","13":"purchasable","14":"product-type-simple"},"_links":{"self":[{"href":"https:\/\/boreait.com\/hu\/wp-json\/wp\/v2\/product\/3783","targetHints":{"allow":["GET"]}}],"collection":[{"href":"https:\/\/boreait.com\/hu\/wp-json\/wp\/v2\/product"}],"about":[{"href":"https:\/\/boreait.com\/hu\/wp-json\/wp\/v2\/types\/product"}],"wp:featuredmedia":[{"embeddable":true,"href":"https:\/\/boreait.com\/hu\/wp-json\/wp\/v2\/media\/3808"}],"wp:attachment":[{"href":"https:\/\/boreait.com\/hu\/wp-json\/wp\/v2\/media?parent=3783"}],"wp:term":[{"taxonomy":"product_brand","embeddable":true,"href":"https:\/\/boreait.com\/hu\/wp-json\/wp\/v2\/product_brand?post=3783"},{"taxonomy":"product_cat","embeddable":true,"href":"https:\/\/boreait.com\/hu\/wp-json\/wp\/v2\/product_cat?post=3783"},{"taxonomy":"product_tag","embeddable":true,"href":"https:\/\/boreait.com\/hu\/wp-json\/wp\/v2\/product_tag?post=3783"}],"curies":[{"name":"wp","href":"https:\/\/api.w.org\/{rel}","templated":true}]}}