{"id":378,"date":"2025-09-17T09:26:07","date_gmt":"2025-09-17T07:26:07","guid":{"rendered":"https:\/\/boreait.com\/hu\/?post_type=product&#038;p=378"},"modified":"2026-01-14T08:30:26","modified_gmt":"2026-01-14T07:30:26","slug":"fujitsu-lifebook-s935-sorozatu-usb-audio-sd-kartyaolvaso-kartya","status":"publish","type":"product","link":"https:\/\/boreait.com\/hu\/termek\/fujitsu-lifebook-s935-sorozatu-usb-audio-sd-kartyaolvaso-kartya\/","title":{"rendered":"Fujitsu Lifebook S935 sorozat\u00fa USB audio SD k\u00e1rtyaolvas\u00f3 k\u00e1rtya"},"content":{"rendered":"<p>Ez az alaplap USB-porttal rendelkezik, amely lehet\u0151v\u00e9 teszi k\u00fcl\u00f6nf\u00e9le USB-eszk\u00f6z\u00f6k, p\u00e9ld\u00e1ul k\u00fcls\u0151 merevlemezek, billenty\u0171zetek, egerek \u00e9s USB flash meghajt\u00f3k csatlakoztat\u00e1s\u00e1t. Nagy sebess\u00e9g\u0171 adat\u00e1tviteli sebess\u00e9get biztos\u00edt, hat\u00e9kony \u00e9s megb\u00edzhat\u00f3 kapcsolatot biztos\u00edtva laptopja \u00e9s a csatlakoztatott USB-eszk\u00f6z\u00f6k k\u00f6z\u00f6tt.<\/p>\n<p>Ezenk\u00edv\u00fcl az USB Audio funkci\u00f3 lehet\u0151v\u00e9 teszi audio perif\u00e9ri\u00e1k, p\u00e9ld\u00e1ul fejhallgat\u00f3, hangsz\u00f3r\u00f3 \u00e9s mikrofon csatlakoztat\u00e1s\u00e1t. Ez a funkci\u00f3 tiszta \u00e9s kiv\u00e1l\u00f3 min\u0151s\u00e9g\u0171 hangkimenetet vagy -bemenetet biztos\u00edt, jav\u00edtva a multim\u00e9di\u00e1s \u00e9lm\u00e9nyt \u00e9s megk\u00f6nny\u00edtve a kommunik\u00e1ci\u00f3t.<\/p>\n<p>A k\u00e1rtya SD k\u00e1rtyaolvas\u00f3 funkci\u00f3ja lehet\u0151v\u00e9 teszi az adatok egyszer\u0171 el\u00e9r\u00e9s\u00e9t \u00e9s \u00e1tvitel\u00e9t az SD mem\u00f3riak\u00e1rty\u00e1kon. T\u00e1mogatja a k\u00fcl\u00f6nb\u00f6z\u0151 t\u00edpus\u00fa SD-k\u00e1rty\u00e1kat, bele\u00e9rtve az SDHC-t (Secure Digital High Capacity) \u00e9s az SDXC-t (Secure Digital eXtended Capacity), amelyeket \u00e1ltal\u00e1ban digit\u00e1lis f\u00e9nyk\u00e9pez\u0151g\u00e9pekben, okostelefonokban \u00e9s m\u00e1s hordozhat\u00f3 eszk\u00f6z\u00f6kben haszn\u00e1lnak. Az SD-k\u00e1rtyaolvas\u00f3val gyorsan import\u00e1lhat f\u00e9nyk\u00e9peket, vide\u00f3kat, dokumentumokat \u00e9s egy\u00e9b f\u00e1jlokat SD-k\u00e1rty\u00e1ir\u00f3l Fujitsu Lifebook S935 laptopj\u00e1ra.<\/p>\n<p>\u00d6sszess\u00e9g\u00e9ben a Fujitsu Lifebook S935 sorozat\u00fa USB audio SD k\u00e1rtyaolvas\u00f3 k\u00e1rtya sokoldal\u00fa \u00e9s k\u00e9nyelmes megold\u00e1st k\u00edn\u00e1l laptopja csatlakoz\u00e1si lehet\u0151s\u00e9geinek \u00e9s adat\u00e1tviteli k\u00e9pess\u00e9geinek b\u0151v\u00edt\u00e9s\u00e9re.<\/p>\n","protected":false},"excerpt":{"rendered":"<p>A Fujitsu Lifebook S935 sorozat\u00fa USB audio SD k\u00e1rtyaolvas\u00f3 k\u00e1rtya egy kifejezetten a Fujitsu Lifebook S935 laptop sorozathoz tervezett alkatr\u00e9sz. Interf\u00e9szk\u00e9nt szolg\u00e1l USB-eszk\u00f6z\u00f6k, audio-perif\u00e9ri\u00e1k csatlakoztat\u00e1s\u00e1hoz \u00e9s SD mem\u00f3riak\u00e1rty\u00e1k olvas\u00e1s\u00e1hoz.<\/p>\n","protected":false},"featured_media":444,"template":"","meta":[],"product_brand":[],"product_cat":[27],"product_tag":[28],"class_list":{"0":"post-378","1":"product","2":"type-product","3":"status-publish","4":"has-post-thumbnail","6":"product_cat-motherboards-board-parts","7":"product_tag-fujitsu","9":"first","10":"instock","11":"taxable","12":"shipping-taxable","13":"purchasable","14":"product-type-simple"},"_links":{"self":[{"href":"https:\/\/boreait.com\/hu\/wp-json\/wp\/v2\/product\/378","targetHints":{"allow":["GET"]}}],"collection":[{"href":"https:\/\/boreait.com\/hu\/wp-json\/wp\/v2\/product"}],"about":[{"href":"https:\/\/boreait.com\/hu\/wp-json\/wp\/v2\/types\/product"}],"wp:featuredmedia":[{"embeddable":true,"href":"https:\/\/boreait.com\/hu\/wp-json\/wp\/v2\/media\/444"}],"wp:attachment":[{"href":"https:\/\/boreait.com\/hu\/wp-json\/wp\/v2\/media?parent=378"}],"wp:term":[{"taxonomy":"product_brand","embeddable":true,"href":"https:\/\/boreait.com\/hu\/wp-json\/wp\/v2\/product_brand?post=378"},{"taxonomy":"product_cat","embeddable":true,"href":"https:\/\/boreait.com\/hu\/wp-json\/wp\/v2\/product_cat?post=378"},{"taxonomy":"product_tag","embeddable":true,"href":"https:\/\/boreait.com\/hu\/wp-json\/wp\/v2\/product_tag?post=378"}],"curies":[{"name":"wp","href":"https:\/\/api.w.org\/{rel}","templated":true}]}}