{"id":3756,"date":"2025-09-17T10:46:12","date_gmt":"2025-09-17T08:46:12","guid":{"rendered":"https:\/\/boreait.com\/hu\/?post_type=product&#038;p=3756"},"modified":"2025-09-17T10:46:39","modified_gmt":"2025-09-17T08:46:39","slug":"hp-zbook-15-g2-156-huvelykes-laptop-csuklotamasz-ap0tj000100-734281-001","status":"publish","type":"product","link":"https:\/\/boreait.com\/hu\/termek\/hp-zbook-15-g2-156-huvelykes-laptop-csuklotamasz-ap0tj000100-734281-001\/","title":{"rendered":"HP ZBook 15 G2 15,6 h\u00fcvelykes laptop csukl\u00f3t\u00e1masz AP0TJ000100 734281-001"},"content":{"rendered":"<p>N\u00f6velje HP ZBook 15 G2 laptopja funkcionalit\u00e1s\u00e1t \u00e9s biztons\u00e1g\u00e1t a HP ZBook 15 G2 15,6 h\u00fcvelykes laptop csukl\u00f3t\u00e1maszral\u00a0 AP0TJ000100 734281-001.<\/p>\n<p>A telep\u00edt\u00e9s egyszer\u0171, k\u00f6sz\u00f6nhet\u0151en az OEM-kialak\u00edt\u00e1snak, amely t\u00f6k\u00e9letesen illeszkedik a laptop eredeti alkatr\u00e9szeihez. Az eredeti HP alkatr\u00e9szek kiv\u00e1laszt\u00e1s\u00e1val laptopja min\u0151s\u00e9g\u00e9be, funkcionalit\u00e1s\u00e1ba \u00e9s biztons\u00e1g\u00e1ba fektet be.<\/p>\n<p>Fokozza laptopja funkcionalit\u00e1s\u00e1t \u00e9s biztons\u00e1g\u00e1t a HP ZBook 15 G2 15,6 h\u00fcvelykes laptop csukl\u00f3t\u00e1maszral\u00a0 AP0TJ000100 734281-001. N\u00f6velje sz\u00e1m\u00edt\u00e1stechnikai \u00e9lm\u00e9ny\u00e9t ezzel a megb\u00edzhat\u00f3 \u00e9s hat\u00e9kony csukl\u00f3t\u00e1masz-\u00f6ssze\u00e1ll\u00edt\u00e1ssal.<\/p>\n<p>V\u00e1s\u00e1rl\u00e1s el\u0151tt ellen\u0151rizze, hogy kompatibilis-e az adott laptopmodellj\u00e9vel.<\/p>\n","protected":false},"excerpt":{"rendered":"<p>Fejlessze fel HP ZBook 15 G2 laptopj\u00e1t a HP ZBook 15 G2 15,6 h\u00fcvelykes laptop csukl\u00f3t\u00e1maszral\u00a0 AP0TJ000100 734281-001.<\/p>\n","protected":false},"featured_media":3806,"template":"","meta":[],"product_brand":[],"product_cat":[16],"product_tag":[25],"class_list":{"0":"post-3756","1":"product","2":"type-product","3":"status-publish","4":"has-post-thumbnail","6":"product_cat-laptop-housing","7":"product_tag-hp","9":"first","10":"instock","11":"taxable","12":"shipping-taxable","13":"purchasable","14":"product-type-simple"},"_links":{"self":[{"href":"https:\/\/boreait.com\/hu\/wp-json\/wp\/v2\/product\/3756","targetHints":{"allow":["GET"]}}],"collection":[{"href":"https:\/\/boreait.com\/hu\/wp-json\/wp\/v2\/product"}],"about":[{"href":"https:\/\/boreait.com\/hu\/wp-json\/wp\/v2\/types\/product"}],"wp:featuredmedia":[{"embeddable":true,"href":"https:\/\/boreait.com\/hu\/wp-json\/wp\/v2\/media\/3806"}],"wp:attachment":[{"href":"https:\/\/boreait.com\/hu\/wp-json\/wp\/v2\/media?parent=3756"}],"wp:term":[{"taxonomy":"product_brand","embeddable":true,"href":"https:\/\/boreait.com\/hu\/wp-json\/wp\/v2\/product_brand?post=3756"},{"taxonomy":"product_cat","embeddable":true,"href":"https:\/\/boreait.com\/hu\/wp-json\/wp\/v2\/product_cat?post=3756"},{"taxonomy":"product_tag","embeddable":true,"href":"https:\/\/boreait.com\/hu\/wp-json\/wp\/v2\/product_tag?post=3756"}],"curies":[{"name":"wp","href":"https:\/\/api.w.org\/{rel}","templated":true}]}}