{"id":3755,"date":"2025-09-17T10:46:12","date_gmt":"2025-09-17T08:46:12","guid":{"rendered":"https:\/\/boreait.com\/hu\/?post_type=product&#038;p=3755"},"modified":"2026-01-09T13:48:38","modified_gmt":"2026-01-09T12:48:38","slug":"dell-latitude-e5440-cpu-hutoventilator-87xfx-087xfx","status":"publish","type":"product","link":"https:\/\/boreait.com\/hu\/termek\/dell-latitude-e5440-cpu-hutoventilator-87xfx-087xfx\/","title":{"rendered":"Dell Latitude E5440 CPU h\u0171t\u0151ventil\u00e1tor 87XFX 087XFX"},"content":{"rendered":"<p>Tartsa Dell Latitude E5440 laptopj\u00e1t h\u0171v\u00f6sen \u00e9s hat\u00e9konyan a Dell Latitude E5440 CPU h\u0171t\u0151ventil\u00e1torral 87XFX (087XFX). A h\u0151 hat\u00e9kony elvezet\u00e9s\u00e9re \u00e9s a t\u00falmeleged\u00e9s megel\u0151z\u00e9s\u00e9re tervezett eredeti Dell h\u0171t\u0151ventil\u00e1tor optim\u00e1lis teljes\u00edtm\u00e9nyt \u00e9s megb\u00edzhat\u00f3s\u00e1got biztos\u00edt laptopja sz\u00e1m\u00e1ra.<\/p>\n<p>A Dell gy\u00e1rt\u00f3ja, a sz\u00e1m\u00edt\u00e1stechnika egyik megb\u00edzhat\u00f3 neve, a 87XFX h\u0171t\u0151ventil\u00e1tort \u00fagy tervezt\u00e9k, hogy hat\u00e9kony h\u0151kezel\u00e9st biztos\u00edtson. Seg\u00edt fenntartani az ide\u00e1lis h\u0151m\u00e9rs\u00e9kletet a laptop CPU-ja sz\u00e1m\u00e1ra, megel\u0151zve a h\u0151szab\u00e1lyoz\u00e1st \u00e9s a t\u00falmeleged\u00e9s miatti esetleges k\u00e1rosod\u00e1st.<\/p>\n<p>Ak\u00e1r er\u0151forr\u00e1sig\u00e9nyes feladatokon dolgozik, ak\u00e1r egyszer\u0171en csak meg akarja hosszabb\u00edtani laptopja \u00e9lettartam\u00e1t, ez a h\u0171t\u0151ventil\u00e1tor elengedhetetlen alkatr\u00e9sz. Prec\u00edzi\u00f3s tervez\u00e9se z\u00f6kken\u0151mentes \u00e9s csendes m\u0171k\u00f6d\u00e9st biztos\u00edt, lehet\u0151v\u00e9 t\u00e9ve a figyelemelvon\u00e1s n\u00e9lk\u00fcli munk\u00e1t.<\/p>\n<p>A Dell Latitude E5440 laptopmodellhez tervezett kompatibilit\u00e1snak k\u00f6sz\u00f6nhet\u0151en a telep\u00edt\u00e9s egyszer\u0171. Az eredeti Dell alkatr\u00e9szek kiv\u00e1laszt\u00e1s\u00e1val laptopja h\u0171t\u0151rendszer\u00e9nek min\u0151s\u00e9g\u00e9be \u00e9s megb\u00edzhat\u00f3s\u00e1g\u00e1ba fektet be.<\/p>\n<p>A Dell Latitude E5440 87XFX (087XFX) processzorh\u0171t\u0151 ventil\u00e1torral z\u00f6kken\u0151mentesen \u00e9s hat\u00e9konyan \u00fczemelhet Dell Latitude E5440 laptopja. Tapasztalja meg a jobb h\u0151kezel\u00e9st, az optim\u00e1lis teljes\u00edtm\u00e9nyt \u00e9s a laptop \u00e9lettartam\u00e1nak meghosszabb\u00edt\u00e1s\u00e1t. Friss\u00edtse h\u0171t\u0151rendszer\u00e9t m\u00e9g ma.<\/p>\n<p>V\u00e1s\u00e1rl\u00e1s el\u0151tt ellen\u0151rizze, hogy kompatibilis-e az adott laptopmodellj\u00e9vel.<\/p>\n","protected":false},"excerpt":{"rendered":"<p>Fenntartja az optim\u00e1lis h\u0171t\u00e9st Dell Latitude E5440 laptopja sz\u00e1m\u00e1ra a Dell Latitude E5440 CPU 87XFX (087XFX) h\u0171t\u0151ventil\u00e1torral. Megakad\u00e1lyozza a t\u00falmeleged\u00e9st, jav\u00edtja a teljes\u00edtm\u00e9nyt, \u00e9s meghosszabb\u00edtja laptopja \u00e9lettartam\u00e1t.<\/p>\n","protected":false},"featured_media":3805,"template":"","meta":[],"product_brand":[],"product_cat":[33],"product_tag":[17],"class_list":{"0":"post-3755","1":"product","2":"type-product","3":"status-publish","4":"has-post-thumbnail","6":"product_cat-cpu-fans-heatsinks","7":"product_tag-dell","9":"first","10":"instock","11":"taxable","12":"shipping-taxable","13":"purchasable","14":"product-type-simple"},"_links":{"self":[{"href":"https:\/\/boreait.com\/hu\/wp-json\/wp\/v2\/product\/3755","targetHints":{"allow":["GET"]}}],"collection":[{"href":"https:\/\/boreait.com\/hu\/wp-json\/wp\/v2\/product"}],"about":[{"href":"https:\/\/boreait.com\/hu\/wp-json\/wp\/v2\/types\/product"}],"wp:featuredmedia":[{"embeddable":true,"href":"https:\/\/boreait.com\/hu\/wp-json\/wp\/v2\/media\/3805"}],"wp:attachment":[{"href":"https:\/\/boreait.com\/hu\/wp-json\/wp\/v2\/media?parent=3755"}],"wp:term":[{"taxonomy":"product_brand","embeddable":true,"href":"https:\/\/boreait.com\/hu\/wp-json\/wp\/v2\/product_brand?post=3755"},{"taxonomy":"product_cat","embeddable":true,"href":"https:\/\/boreait.com\/hu\/wp-json\/wp\/v2\/product_cat?post=3755"},{"taxonomy":"product_tag","embeddable":true,"href":"https:\/\/boreait.com\/hu\/wp-json\/wp\/v2\/product_tag?post=3755"}],"curies":[{"name":"wp","href":"https:\/\/api.w.org\/{rel}","templated":true}]}}