{"id":3754,"date":"2025-09-17T10:46:12","date_gmt":"2025-09-17T08:46:12","guid":{"rendered":"https:\/\/boreait.com\/hu\/?post_type=product&#038;p=3754"},"modified":"2025-09-17T10:46:36","modified_gmt":"2025-09-17T08:46:36","slug":"eredeti-lenovo-g50-45-cpu-hutoventillator-sunon-eg75080s2-c011-s9a-dc28000cgs0","status":"publish","type":"product","link":"https:\/\/boreait.com\/hu\/termek\/eredeti-lenovo-g50-45-cpu-hutoventillator-sunon-eg75080s2-c011-s9a-dc28000cgs0\/","title":{"rendered":"Eredeti Lenovo G50-45 CPU h\u0171t\u0151ventill\u00e1tor Sunon EG75080S2-C011-S9A DC28000CGS0"},"content":{"rendered":"<p>N\u00f6velje Lenovo G50-45 laptopja h\u0171t\u00e9si teljes\u00edtm\u00e9ny\u00e9t az eredeti Lenovo G50-45 CPU h\u0171t\u0151ventil\u00e1torral, a Sunon EG75080S2-C011-S9A DC28000CGS0. A laptop h\u0151kezel\u00e9s\u00e9nek jav\u00edt\u00e1s\u00e1ra tervezett eredeti h\u0171t\u0151ventil\u00e1tor hat\u00e9kony h\u0151elvezet\u00e9st biztos\u00edt a megb\u00edzhat\u00f3 \u00e9s stabil teljes\u00edtm\u00e9ny \u00e9rdek\u00e9ben.<\/p>\n<p>A Lenovo \u2013 a laptoptechnol\u00f3gia egyik megb\u00edzhat\u00f3 neve \u2013 \u00e1ltal gy\u00e1rtott Sunon EG75080S2-C011-S9A DC28000CGS0 h\u0171t\u0151ventil\u00e1tor megb\u00edzhat\u00f3 h\u0171t\u00e9st biztos\u00edt. A t\u00falzott h\u0151s\u00e9g teljes\u00edtm\u00e9nybeli probl\u00e9m\u00e1khoz vezethet, \u00e9s cs\u00f6kkenti a laptop alkatr\u00e9szeinek \u00e9lettartam\u00e1t. Ez a ventil\u00e1tor seg\u00edt fenntartani az optim\u00e1lis m\u0171k\u00f6d\u00e9si h\u0151m\u00e9rs\u00e9kletet, \u00edgy laptopja a legjobb teljes\u00edtm\u00e9nyt ny\u00fajtja.<\/p>\n<p>A telep\u00edt\u00e9s egyszer\u0171 az eredeti kialak\u00edt\u00e1snak k\u00f6sz\u00f6nhet\u0151en, amely illeszkedik a laptop eredeti h\u0171t\u0151rendszer\u00e9hez. Az eredeti Lenovo alkatr\u00e9szek kiv\u00e1laszt\u00e1s\u00e1val laptopja h\u0151kezel\u00e9s\u00e9nek min\u0151s\u00e9g\u00e9be \u00e9s megb\u00edzhat\u00f3s\u00e1g\u00e1ba fektet be.<\/p>\n<p>N\u00f6velje laptopja h\u0171t\u00e9si teljes\u00edtm\u00e9ny\u00e9t az eredeti Lenovo G50-45 CPU-h\u0171t\u0151ventil\u00e1torral, a Sunon EG75080S2-C011-S9A DC28000CGS0. \u00c9lvezze a h\u0151vel kapcsolatos teljes\u00edtm\u00e9nyprobl\u00e9m\u00e1k cs\u00f6kken\u00e9s\u00e9t, az alkatr\u00e9szek hosszabb \u00e9lettartam\u00e1t \u00e9s a laptopok \u00e1ltal\u00e1nos megb\u00edzhat\u00f3s\u00e1g\u00e1nak jav\u00edt\u00e1s\u00e1t. Tartsa laptopj\u00e1t h\u0171v\u00f6sen \u00e9s hat\u00e9konyan.<\/p>\n<p>V\u00e1s\u00e1rl\u00e1s el\u0151tt ellen\u0151rizze, hogy kompatibilis-e az adott laptopmodellj\u00e9vel.<\/p>\n","protected":false},"excerpt":{"rendered":"<p>N\u00f6velje Lenovo G50-45 laptopja h\u0171t\u00e9si teljes\u00edtm\u00e9ny\u00e9t az eredeti Lenovo G50-45 CPU h\u0171t\u0151ventil\u00e1torral, a Sunon EG75080S2-C011-S9A DC28000CGS0. Tartsa laptopj\u00e1t h\u0171v\u00f6sen \u00e9s hat\u00e9konyan.<\/p>\n","protected":false},"featured_media":3804,"template":"","meta":[],"product_brand":[],"product_cat":[33],"product_tag":[26],"class_list":{"0":"post-3754","1":"product","2":"type-product","3":"status-publish","4":"has-post-thumbnail","6":"product_cat-cpu-fans-heatsinks","7":"product_tag-lenovo","9":"first","10":"instock","11":"taxable","12":"shipping-taxable","13":"purchasable","14":"product-type-simple"},"_links":{"self":[{"href":"https:\/\/boreait.com\/hu\/wp-json\/wp\/v2\/product\/3754","targetHints":{"allow":["GET"]}}],"collection":[{"href":"https:\/\/boreait.com\/hu\/wp-json\/wp\/v2\/product"}],"about":[{"href":"https:\/\/boreait.com\/hu\/wp-json\/wp\/v2\/types\/product"}],"wp:featuredmedia":[{"embeddable":true,"href":"https:\/\/boreait.com\/hu\/wp-json\/wp\/v2\/media\/3804"}],"wp:attachment":[{"href":"https:\/\/boreait.com\/hu\/wp-json\/wp\/v2\/media?parent=3754"}],"wp:term":[{"taxonomy":"product_brand","embeddable":true,"href":"https:\/\/boreait.com\/hu\/wp-json\/wp\/v2\/product_brand?post=3754"},{"taxonomy":"product_cat","embeddable":true,"href":"https:\/\/boreait.com\/hu\/wp-json\/wp\/v2\/product_cat?post=3754"},{"taxonomy":"product_tag","embeddable":true,"href":"https:\/\/boreait.com\/hu\/wp-json\/wp\/v2\/product_tag?post=3754"}],"curies":[{"name":"wp","href":"https:\/\/api.w.org\/{rel}","templated":true}]}}