{"id":3749,"date":"2025-09-17T10:46:12","date_gmt":"2025-09-17T08:46:12","guid":{"rendered":"https:\/\/boreait.com\/hu\/?post_type=product&#038;p=3749"},"modified":"2026-01-09T13:47:46","modified_gmt":"2026-01-09T12:47:46","slug":"kamerakartya-a-hp-g72-150sf-dbo4202snz3gsx-a1000317000-r020101-hf0317-j311-se0-keszulekhez","status":"publish","type":"product","link":"https:\/\/boreait.com\/hu\/termek\/kamerakartya-a-hp-g72-150sf-dbo4202snz3gsx-a1000317000-r020101-hf0317-j311-se0-keszulekhez\/","title":{"rendered":"Kamerak\u00e1rtya a HP G72-150SF DBO4202SNZ3GSX A1000317000 R020101 HF0317-J311-SE0 k\u00e9sz\u00fcl\u00e9khez"},"content":{"rendered":"<p>B\u0151v\u00edtse HP G72-150SF laptopja kamerafunkci\u00f3it a DBO4202SNZ3GSX A1000317000 R020101 HF0317-J311-SE0 kamerak\u00e1rty\u00e1val. A laptop kamer\u00e1j\u00e1nak optimaliz\u00e1l\u00e1s\u00e1ra tervezett eredeti kameralap z\u00f6kken\u0151mentes integr\u00e1ci\u00f3t \u00e9s jobb vizu\u00e1lis \u00e9lm\u00e9nyt biztos\u00edt a videokonferenci\u00e1k, online tal\u00e1lkoz\u00f3k \u00e9s egyebek sz\u00e1m\u00e1ra.<\/p>\n<p>A HP G72-150SF sz\u00e1m\u00e1ra gy\u00e1rtott kameralap kiv\u00e1l\u00f3 min\u0151s\u00e9g\u0171 vide\u00f3- \u200b\u200b\u00e9s k\u00e9pr\u00f6gz\u00edt\u00e9st biztos\u00edt. Tiszta \u00e9s \u00e9les l\u00e1tv\u00e1nyt ny\u00fajt, \u00edgy szem\u00e9lyes \u00e9s professzion\u00e1lis haszn\u00e1latra is ide\u00e1lis. Ak\u00e1r koll\u00e9g\u00e1kkal, bar\u00e1tokkal vagy csal\u00e1dtagokkal kommunik\u00e1l, ez a kamerat\u00e1bla jav\u00edtja a videokommunik\u00e1ci\u00f3t.<\/p>\n<p>A telep\u00edt\u00e9s egyszer\u0171 a laptop eredeti alkatr\u00e9szeihez igazod\u00f3 kialak\u00edt\u00e1snak k\u00f6sz\u00f6nhet\u0151en. Az eredeti HP alkatr\u00e9szek kiv\u00e1laszt\u00e1s\u00e1val laptopja kamer\u00e1j\u00e1nak min\u0151s\u00e9g\u00e9be \u00e9s megb\u00edzhat\u00f3s\u00e1g\u00e1ba fektet be.<\/p>\n<p>Friss\u00edtse laptopja kamerak\u00e9pess\u00e9geit a DBO4202SNZ3GSX A1000317000 R020101 HF0317-J311-SE0 kamerak\u00e1rty\u00e1val. \u00c9lvezze a jobb vide\u00f3min\u0151s\u00e9get, a jobb vizu\u00e1lis \u00e9lm\u00e9nyt \u00e9s a tiszta videokommunik\u00e1ci\u00f3t HP G72-150SF laptopj\u00e1n. N\u00f6velje sz\u00e1m\u00edt\u00e1stechnikai \u00e9lm\u00e9ny\u00e9t ezzel a megb\u00edzhat\u00f3 \u00e9s hat\u00e9kony kamerak\u00e1rty\u00e1val.<\/p>\n<p>V\u00e1s\u00e1rl\u00e1s el\u0151tt ellen\u0151rizze, hogy kompatibilis-e az adott laptopmodellj\u00e9vel.<\/p>\n","protected":false},"excerpt":{"rendered":"<p>Fokozza a f\u00e9nyk\u00e9pez\u0151g\u00e9p funkci\u00f3it HP G72-150SF laptopj\u00e1n a DBO4202SNZ3GSX A1000317000 R020101 HF0317-J311-SE0 kamerak\u00e1rty\u00e1val. \u00c9lvezze a jobb vide\u00f3min\u0151s\u00e9get videokonferenci\u00e1k \u00e9s online tal\u00e1lkoz\u00f3k sor\u00e1n.<\/p>\n","protected":false},"featured_media":3779,"template":"","meta":[],"product_brand":[],"product_cat":[23],"product_tag":[25],"class_list":{"0":"post-3749","1":"product","2":"type-product","3":"status-publish","4":"has-post-thumbnail","6":"product_cat-laptop-camera","7":"product_tag-hp","9":"first","10":"instock","11":"taxable","12":"shipping-taxable","13":"purchasable","14":"product-type-simple"},"_links":{"self":[{"href":"https:\/\/boreait.com\/hu\/wp-json\/wp\/v2\/product\/3749","targetHints":{"allow":["GET"]}}],"collection":[{"href":"https:\/\/boreait.com\/hu\/wp-json\/wp\/v2\/product"}],"about":[{"href":"https:\/\/boreait.com\/hu\/wp-json\/wp\/v2\/types\/product"}],"wp:featuredmedia":[{"embeddable":true,"href":"https:\/\/boreait.com\/hu\/wp-json\/wp\/v2\/media\/3779"}],"wp:attachment":[{"href":"https:\/\/boreait.com\/hu\/wp-json\/wp\/v2\/media?parent=3749"}],"wp:term":[{"taxonomy":"product_brand","embeddable":true,"href":"https:\/\/boreait.com\/hu\/wp-json\/wp\/v2\/product_brand?post=3749"},{"taxonomy":"product_cat","embeddable":true,"href":"https:\/\/boreait.com\/hu\/wp-json\/wp\/v2\/product_cat?post=3749"},{"taxonomy":"product_tag","embeddable":true,"href":"https:\/\/boreait.com\/hu\/wp-json\/wp\/v2\/product_tag?post=3749"}],"curies":[{"name":"wp","href":"https:\/\/api.w.org\/{rel}","templated":true}]}}