{"id":3748,"date":"2025-09-17T10:46:11","date_gmt":"2025-09-17T08:46:11","guid":{"rendered":"https:\/\/boreait.com\/hu\/?post_type=product&#038;p=3748"},"modified":"2026-01-09T13:47:28","modified_gmt":"2026-01-09T12:47:28","slug":"eredeti-hp-elitebook-840-g1-14-laptop-lcd-fedel-730949-001","status":"publish","type":"product","link":"https:\/\/boreait.com\/hu\/termek\/eredeti-hp-elitebook-840-g1-14-laptop-lcd-fedel-730949-001\/","title":{"rendered":"Eredeti HP EliteBook 840 G1 14 &#8211; Laptop LCD fed\u00e9l 730949-001"},"content":{"rendered":"<p>N\u00f6velje HP EliteBook 840 G1 laptopja megjelen\u00e9s\u00e9t \u00e9s v\u00e9delm\u00e9t az Eredeti HP EliteBook 840 G1 14&#8243;-es laptop LCD fed\u0151vel (730949-001). A laptophoz hib\u00e1tlanul illeszked\u0151, eredeti HP cserefed\u00e9l funkcionalit\u00e1st \u00e9s eszt\u00e9tikai megjelen\u00e9st is biztos\u00edt, \u00edgy laptopja v\u00e9dve marad, mik\u00f6zben gy\u00f6ny\u00f6r\u0171 megjelen\u00e9s\u0171.<\/p>\n<p>A HP \u2013 a sz\u00e1m\u00edt\u00e1stechnika egyik megb\u00edzhat\u00f3 neve \u2013 \u00e1ltal gy\u00e1rtott Eredeti LCD-fed\u00e9l (730949-001) kifejezetten az EliteBook 840 G1-hez k\u00e9sz\u00fclt, \u00edgy biztos\u00edtva a t\u00f6k\u00e9letes illeszked\u00e9st. A tart\u00f3ss\u00e1got szem el\u0151tt tartva k\u00e9sz\u00fclt, v\u00e9delmet ny\u00fajt a karcol\u00e1sokkal, karcol\u00e1sokkal \u00e9s kisebb \u00fct\u00e9sekkel szemben, mik\u00f6zben meg\u0151rzi a laptop professzion\u00e1lis megjelen\u00e9s\u00e9t.<\/p>\n<p>Ak\u00e1r egy profi \u00fatk\u00f6zben, ak\u00e1r egy elfoglalt id\u0151beoszt\u00e1s\u00fa di\u00e1k, ez az eredeti HP fed\u0151fed\u00e9l elengedhetetlen a laptop kijelz\u0151j\u00e9nek v\u00e9delm\u00e9hez. Eleg\u00e1ns \u00e9s \u00e1ramvonalas kialak\u00edt\u00e1sa kieg\u00e9sz\u00edti az EliteBook eszt\u00e9tik\u00e1j\u00e1t, \u00edgy st\u00edlusos kieg\u00e9sz\u00edt\u0151je laptopj\u00e1nak.<\/p>\n<p>A telep\u00edt\u00e9s probl\u00e9mamentes, k\u00f6sz\u00f6nhet\u0151en a kialak\u00edt\u00e1snak, amely t\u00f6k\u00e9letesen illeszkedik a laptop eredeti alkatr\u00e9szeihez. Az eredeti HP alkatr\u00e9szek kiv\u00e1laszt\u00e1s\u00e1val EliteBook 840 G1 min\u0151s\u00e9g\u00e9be, megb\u00edzhat\u00f3s\u00e1g\u00e1ba \u00e9s l\u00e1tv\u00e1nyoss\u00e1g\u00e1ba fektet be.<\/p>\n<p>V\u00e9dje meg \u00e9s friss\u00edtse laptopja megjelen\u00e9s\u00e9t az eredeti HP EliteBook 840 G1 14 h\u00fcvelykes laptop LCD fed\u0151vel (730949-001). Tapasztalja meg a fokozott v\u00e9delmet, st\u00edlust \u00e9s tart\u00f3ss\u00e1got, mik\u00f6zben meg\u0151rzi EliteBookja professzion\u00e1lis megjelen\u00e9s\u00e9t.<\/p>\n<p>V\u00e1s\u00e1rl\u00e1s el\u0151tt ellen\u0151rizze, hogy kompatibilis-e az adott laptopmodellj\u00e9vel.<\/p>\n","protected":false},"excerpt":{"rendered":"<p>V\u00e9dje \u00e9s friss\u00edtse HP EliteBook 840 G1 laptopja megjelen\u00e9s\u00e9t az Eredeti HP EliteBook 840 G1 14&#8243; laptop LCD fed\u0151vel (730949-001). Tapasztalja meg laptopja fokozott v\u00e9delm\u00e9t \u00e9s st\u00edlus\u00e1t.<\/p>\n","protected":false},"featured_media":3777,"template":"","meta":[],"product_brand":[],"product_cat":[16],"product_tag":[25],"class_list":{"0":"post-3748","1":"product","2":"type-product","3":"status-publish","4":"has-post-thumbnail","6":"product_cat-laptop-housing","7":"product_tag-hp","9":"first","10":"instock","11":"taxable","12":"shipping-taxable","13":"purchasable","14":"product-type-simple"},"_links":{"self":[{"href":"https:\/\/boreait.com\/hu\/wp-json\/wp\/v2\/product\/3748","targetHints":{"allow":["GET"]}}],"collection":[{"href":"https:\/\/boreait.com\/hu\/wp-json\/wp\/v2\/product"}],"about":[{"href":"https:\/\/boreait.com\/hu\/wp-json\/wp\/v2\/types\/product"}],"wp:featuredmedia":[{"embeddable":true,"href":"https:\/\/boreait.com\/hu\/wp-json\/wp\/v2\/media\/3777"}],"wp:attachment":[{"href":"https:\/\/boreait.com\/hu\/wp-json\/wp\/v2\/media?parent=3748"}],"wp:term":[{"taxonomy":"product_brand","embeddable":true,"href":"https:\/\/boreait.com\/hu\/wp-json\/wp\/v2\/product_brand?post=3748"},{"taxonomy":"product_cat","embeddable":true,"href":"https:\/\/boreait.com\/hu\/wp-json\/wp\/v2\/product_cat?post=3748"},{"taxonomy":"product_tag","embeddable":true,"href":"https:\/\/boreait.com\/hu\/wp-json\/wp\/v2\/product_tag?post=3748"}],"curies":[{"name":"wp","href":"https:\/\/api.w.org\/{rel}","templated":true}]}}