{"id":3747,"date":"2025-09-17T10:46:11","date_gmt":"2025-09-17T08:46:11","guid":{"rendered":"https:\/\/boreait.com\/hu\/?post_type=product&#038;p=3747"},"modified":"2025-09-17T10:46:28","modified_gmt":"2025-09-17T08:46:28","slug":"hatlap-toshiba-satellite-a300d-13r-tsa33bl5lc","status":"publish","type":"product","link":"https:\/\/boreait.com\/hu\/termek\/hatlap-toshiba-satellite-a300d-13r-tsa33bl5lc\/","title":{"rendered":"H\u00e1tlap Toshiba Satellite A300D-13R TSA33BL5LC"},"content":{"rendered":"<p>Fokozza Toshiba Satellite A300D-13R laptopja eszt\u00e9tik\u00e1j\u00e1t \u00e9s v\u00e9delm\u00e9t a TSA33BL5LC h\u00e1tlappal. Ez az eredeti Toshiba h\u00e1tlap, amely t\u00f6k\u00e9letesen illeszkedik laptopj\u00e1hoz, nem csak st\u00edlust ad, hanem megv\u00e9di laptopja bels\u0151 alkatr\u00e9szeit a port\u00f3l \u00e9s a kisebb \u00fct\u00e9sekt\u0151l.<\/p>\n<p>A Toshiba \u00e1ltal gy\u00e1rtott, megb\u00edzhat\u00f3 n\u00e9v a laptoptechnol\u00f3gi\u00e1ban, ezt a h\u00e1tlapot \u00fagy tervezt\u00e9k, hogy megfeleljen az \u00d6n \u00e1ltal elv\u00e1rt magas min\u0151s\u00e9gi szabv\u00e1nyoknak. Pontosan \u00fagy tervezt\u00e9k, hogy z\u00f6kken\u0151mentesen illeszkedjen a Toshiba Satellite A300D-13R-hez, \u00e9s eleg\u00e1ns \u00e9s egys\u00e9ges megjelen\u00e9st biztos\u00edt.<\/p>\n<p>A h\u00e1tlap felszerel\u00e9se egyszer\u0171. Ha ezt az eredeti Toshiba-term\u00e9ket v\u00e1lasztja, \u00d6n laptopja eszt\u00e9tik\u00e1j\u00e1ba \u00e9s v\u00e9delm\u00e9be fektet be.<\/p>\n<p>Friss\u00edtse Toshiba Satellite A300D-13R megjelen\u00e9s\u00e9t \u00e9s v\u00e9delm\u00e9t a TSA33BL5LC h\u00e1tlappal. \u00c9lvezze a felfriss\u00fclt megjelen\u00e9st \u00e9s a laptop bels\u0151 alkatr\u00e9szeinek fokozott v\u00e9delm\u00e9t.<\/p>\n<p>V\u00e1s\u00e1rl\u00e1s el\u0151tt ellen\u0151rizze, hogy kompatibilis-e az adott laptopmodellj\u00e9vel.<\/p>\n","protected":false},"excerpt":{"rendered":"<p>N\u00f6velje Toshiba Satellite A300D-13R megjelen\u00e9s\u00e9t \u00e9s v\u00e9delm\u00e9t a TSA33BL5LC h\u00e1tlappal. \u00c9lvezze a felfriss\u00fclt megjelen\u00e9st \u00e9s a por \u00e9s kisebb \u00fct\u00e9sek elleni fokozott v\u00e9delmet.<\/p>\n","protected":false},"featured_media":3774,"template":"","meta":[],"product_brand":[],"product_cat":[16],"product_tag":[34],"class_list":{"0":"post-3747","1":"product","2":"type-product","3":"status-publish","4":"has-post-thumbnail","6":"product_cat-laptop-housing","7":"product_tag-toshiba","9":"first","10":"instock","11":"taxable","12":"shipping-taxable","13":"purchasable","14":"product-type-simple"},"_links":{"self":[{"href":"https:\/\/boreait.com\/hu\/wp-json\/wp\/v2\/product\/3747","targetHints":{"allow":["GET"]}}],"collection":[{"href":"https:\/\/boreait.com\/hu\/wp-json\/wp\/v2\/product"}],"about":[{"href":"https:\/\/boreait.com\/hu\/wp-json\/wp\/v2\/types\/product"}],"wp:featuredmedia":[{"embeddable":true,"href":"https:\/\/boreait.com\/hu\/wp-json\/wp\/v2\/media\/3774"}],"wp:attachment":[{"href":"https:\/\/boreait.com\/hu\/wp-json\/wp\/v2\/media?parent=3747"}],"wp:term":[{"taxonomy":"product_brand","embeddable":true,"href":"https:\/\/boreait.com\/hu\/wp-json\/wp\/v2\/product_brand?post=3747"},{"taxonomy":"product_cat","embeddable":true,"href":"https:\/\/boreait.com\/hu\/wp-json\/wp\/v2\/product_cat?post=3747"},{"taxonomy":"product_tag","embeddable":true,"href":"https:\/\/boreait.com\/hu\/wp-json\/wp\/v2\/product_tag?post=3747"}],"curies":[{"name":"wp","href":"https:\/\/api.w.org\/{rel}","templated":true}]}}