{"id":3745,"date":"2025-09-17T10:46:11","date_gmt":"2025-09-17T08:46:11","guid":{"rendered":"https:\/\/boreait.com\/hu\/?post_type=product&#038;p=3745"},"modified":"2026-01-09T13:46:46","modified_gmt":"2026-01-09T12:46:46","slug":"3aax6lc00s0-lcd-hatsoburkolat-hp-pavilion-g4-1000","status":"publish","type":"product","link":"https:\/\/boreait.com\/hu\/termek\/3aax6lc00s0-lcd-hatsoburkolat-hp-pavilion-g4-1000\/","title":{"rendered":"3AAX6LC00S0 LCD H\u00c1TS\u00d3BURKOLAT HP PAVILION G4-1000-"},"content":{"rendered":"<p>Fokozza HP Pavilion G4-1000 laptopja megjelen\u00e9s\u00e9t \u00e9s v\u00e9delm\u00e9t a 3AAX6LC00S0 LCD h\u00e1tlappal. A t\u00f6k\u00e9letes illeszked\u00e9sre tervezett eredeti HP h\u00e1tlap biztons\u00e1gos \u00e9s z\u00f6kken\u0151mentes cser\u00e9t biztos\u00edt laptopja s\u00e9r\u00fclt vagy elhaszn\u00e1l\u00f3dott bor\u00edt\u00f3j\u00e1hoz.<\/p>\n<p>A HP \u00e1ltal gy\u00e1rtott, megb\u00edzhat\u00f3 n\u00e9v a sz\u00e1m\u00edt\u00e1stechnik\u00e1ban, a 3AAX6LC00S0 LCD h\u00e1tlap a legmagasabb min\u0151s\u00e9gi el\u0151\u00edr\u00e1soknak megfelel\u0151en k\u00e9sz\u00fclt. Nemcsak laptopja eszt\u00e9tik\u00e1j\u00e1t jav\u00edtja, hanem alapvet\u0151 v\u00e9delmet ny\u00fajt az LCD-k\u00e9perny\u0151nek \u00e9s a bels\u0151 alkatr\u00e9szeknek is.<\/p>\n<p>A telep\u00edt\u00e9s probl\u00e9mamentes, k\u00f6sz\u00f6nhet\u0151en a prec\u00edzi\u00f3s tervez\u00e9snek, amely illeszkedik a laptop eredeti alkatr\u00e9szeihez. Az eredeti HP alkatr\u00e9szek kiv\u00e1laszt\u00e1s\u00e1val a min\u0151s\u00e9gbe, a tart\u00f3ss\u00e1gba \u00e9s a laptophoz val\u00f3 t\u00f6k\u00e9letes illeszked\u00e9sbe fektet be.<\/p>\n<p>Friss\u00edtse laptopja megjelen\u00e9s\u00e9t \u00e9s v\u00e9delm\u00e9t a 3AAX6LC00S0 LCD h\u00e1tlappal a HP Pavilion G4-1000 k\u00e9sz\u00fcl\u00e9khez. \u00c9lvezze a felfriss\u00fclt megjelen\u00e9st \u00e9s a laptop kijelz\u0151j\u00e9nek \u00e9s bels\u0151 alkatr\u00e9szeinek megb\u00edzhat\u00f3 v\u00e9delm\u00e9t.<\/p>\n<p>V\u00e1s\u00e1rl\u00e1s el\u0151tt ellen\u0151rizze, hogy kompatibilis-e az adott laptopmodellj\u00e9vel.<\/p>\n","protected":false},"excerpt":{"rendered":"<p>Fokozza HP Pavilion G4-1000 laptopja megjelen\u00e9s\u00e9t \u00e9s v\u00e9delm\u00e9t a 3AAX6LC00S0 LCD h\u00e1tlappal. \u00c9lvezze a felfriss\u00fclt megjelen\u00e9st \u00e9s a laptop kijelz\u0151j\u00e9nek \u00e9s bels\u0151 alkatr\u00e9szeinek megb\u00edzhat\u00f3 v\u00e9delm\u00e9t.<\/p>\n","protected":false},"featured_media":3770,"template":"","meta":[],"product_brand":[],"product_cat":[16],"product_tag":[25],"class_list":{"0":"post-3745","1":"product","2":"type-product","3":"status-publish","4":"has-post-thumbnail","6":"product_cat-laptop-housing","7":"product_tag-hp","9":"first","10":"instock","11":"taxable","12":"shipping-taxable","13":"purchasable","14":"product-type-simple"},"_links":{"self":[{"href":"https:\/\/boreait.com\/hu\/wp-json\/wp\/v2\/product\/3745","targetHints":{"allow":["GET"]}}],"collection":[{"href":"https:\/\/boreait.com\/hu\/wp-json\/wp\/v2\/product"}],"about":[{"href":"https:\/\/boreait.com\/hu\/wp-json\/wp\/v2\/types\/product"}],"wp:featuredmedia":[{"embeddable":true,"href":"https:\/\/boreait.com\/hu\/wp-json\/wp\/v2\/media\/3770"}],"wp:attachment":[{"href":"https:\/\/boreait.com\/hu\/wp-json\/wp\/v2\/media?parent=3745"}],"wp:term":[{"taxonomy":"product_brand","embeddable":true,"href":"https:\/\/boreait.com\/hu\/wp-json\/wp\/v2\/product_brand?post=3745"},{"taxonomy":"product_cat","embeddable":true,"href":"https:\/\/boreait.com\/hu\/wp-json\/wp\/v2\/product_cat?post=3745"},{"taxonomy":"product_tag","embeddable":true,"href":"https:\/\/boreait.com\/hu\/wp-json\/wp\/v2\/product_tag?post=3745"}],"curies":[{"name":"wp","href":"https:\/\/api.w.org\/{rel}","templated":true}]}}