{"id":3744,"date":"2025-09-17T10:46:11","date_gmt":"2025-09-17T08:46:11","guid":{"rendered":"https:\/\/boreait.com\/hu\/?post_type=product&#038;p=3744"},"modified":"2026-01-09T13:46:22","modified_gmt":"2026-01-09T12:46:22","slug":"hp-probook-450-g2-webkamera-belso-kameramodul-765816-1h1","status":"publish","type":"product","link":"https:\/\/boreait.com\/hu\/termek\/hp-probook-450-g2-webkamera-belso-kameramodul-765816-1h1\/","title":{"rendered":"HP ProBook 450 G2 webkamera bels\u0151 kameramodul 765816-1H1"},"content":{"rendered":"<p>N\u00f6velje HP ProBook 450 G2 laptopja videokonferencia- \u00e9s kommunik\u00e1ci\u00f3s k\u00e9pess\u00e9geit a HP ProBook 450 G2 webkamera bels\u0151 kameramodullal 765816-1H1. A kiv\u00e1l\u00f3 min\u0151s\u00e9g\u0171 vide\u00f3r\u00f6gz\u00edt\u00e9sre tervezett eredeti HP kameramodul z\u00f6kken\u0151mentes integr\u00e1ci\u00f3t \u00e9s jobb kommunik\u00e1ci\u00f3t biztos\u00edt a tov\u00e1bbfejlesztett laptop \u00e9lm\u00e9ny \u00e9rdek\u00e9ben.<\/p>\n<p>A HP, a sz\u00e1m\u00edt\u00e1stechnika megb\u00edzhat\u00f3 vezet\u0151 gy\u00e1rt\u00f3ja \u00e1ltal gy\u00e1rtott 765816-1H1 kameramodult \u00fagy tervezt\u00e9k, hogy \u00e9les \u00e9s tiszta vide\u00f3t biztos\u00edtson videokonferenci\u00e1khoz, online megbesz\u00e9l\u00e9sekhez \u00e9s virtu\u00e1lis interakci\u00f3khoz. Bels\u0151 elhelyez\u00e9s\u00e9vel meg\u0151rzi ProBook 450 G2 eleg\u00e1ns diz\u00e1jnj\u00e1t, mik\u00f6zben kiv\u00e1l\u00f3 webkamera-funkcionalit\u00e1st k\u00edn\u00e1l.<\/p>\n<p>Ak\u00e1r otthon dolgozik, ak\u00e1r virtu\u00e1lis \u00f3r\u00e1kon vesz r\u00e9szt, ak\u00e1r kapcsolatban marad szeretteivel, ez a kameramodul biztos\u00edtja a sz\u00fcks\u00e9ges k\u00e9nyelmet \u00e9s hat\u00e9konys\u00e1got. Prec\u00edz tervez\u00e9se kiv\u00e1l\u00f3 vide\u00f3min\u0151s\u00e9get biztos\u00edt m\u00e9g k\u00fcl\u00f6nf\u00e9le f\u00e9nyviszonyok k\u00f6z\u00f6tt is.<\/p>\n<p>A telep\u00edt\u00e9s egyszer\u0171 a laptop eredeti alkatr\u00e9szeihez igazod\u00f3 kialak\u00edt\u00e1snak k\u00f6sz\u00f6nhet\u0151en. Az eredeti HP alkatr\u00e9szek kiv\u00e1laszt\u00e1s\u00e1val laptopja webkamer\u00e1j\u00e1nak min\u0151s\u00e9g\u00e9be \u00e9s megb\u00edzhat\u00f3s\u00e1g\u00e1ba fektet be.<\/p>\n<p>Friss\u00edtse laptopja videokonferencia- \u00e9s kommunik\u00e1ci\u00f3s k\u00e9pess\u00e9geit a 765816-1H1 HP ProBook 450 G2 webkamera bels\u0151 kameramodullal. \u00c9lvezze a kiv\u00e1l\u00f3 min\u0151s\u00e9g\u0171 vide\u00f3r\u00f6gz\u00edt\u00e9st, a tiszta kommunik\u00e1ci\u00f3t \u00e9s a z\u00f6kken\u0151mentes virtu\u00e1lis interakci\u00f3kat ProBook 450 G2-vel. N\u00f6velje sz\u00e1m\u00edt\u00e1stechnikai \u00e9lm\u00e9ny\u00e9t ezzel a megb\u00edzhat\u00f3 \u00e9s hat\u00e9kony kameramodullal.<\/p>\n<p>V\u00e1s\u00e1rl\u00e1s el\u0151tt ellen\u0151rizze, hogy kompatibilis-e az adott laptopmodellj\u00e9vel.<\/p>\n","protected":false},"excerpt":{"rendered":"<p>A 765816-1H1 sz\u00e1m\u00fa HP ProBook 450 G2 webkamera bels\u0151 kameramodullal jav\u00edthatja a videokonferenci\u00e1k \u00e9s kommunik\u00e1ci\u00f3t HP ProBook 450 G2 laptopj\u00e1n. \u00c9lvezze a kiv\u00e1l\u00f3 min\u0151s\u00e9g\u0171 vide\u00f3r\u00f6gz\u00edt\u00e9st \u00e9s a tiszta virtu\u00e1lis interakci\u00f3kat.<\/p>\n","protected":false},"featured_media":3769,"template":"","meta":[],"product_brand":[],"product_cat":[23],"product_tag":[25],"class_list":{"0":"post-3744","1":"product","2":"type-product","3":"status-publish","4":"has-post-thumbnail","6":"product_cat-laptop-camera","7":"product_tag-hp","9":"first","10":"instock","11":"taxable","12":"shipping-taxable","13":"purchasable","14":"product-type-simple"},"_links":{"self":[{"href":"https:\/\/boreait.com\/hu\/wp-json\/wp\/v2\/product\/3744","targetHints":{"allow":["GET"]}}],"collection":[{"href":"https:\/\/boreait.com\/hu\/wp-json\/wp\/v2\/product"}],"about":[{"href":"https:\/\/boreait.com\/hu\/wp-json\/wp\/v2\/types\/product"}],"wp:featuredmedia":[{"embeddable":true,"href":"https:\/\/boreait.com\/hu\/wp-json\/wp\/v2\/media\/3769"}],"wp:attachment":[{"href":"https:\/\/boreait.com\/hu\/wp-json\/wp\/v2\/media?parent=3744"}],"wp:term":[{"taxonomy":"product_brand","embeddable":true,"href":"https:\/\/boreait.com\/hu\/wp-json\/wp\/v2\/product_brand?post=3744"},{"taxonomy":"product_cat","embeddable":true,"href":"https:\/\/boreait.com\/hu\/wp-json\/wp\/v2\/product_cat?post=3744"},{"taxonomy":"product_tag","embeddable":true,"href":"https:\/\/boreait.com\/hu\/wp-json\/wp\/v2\/product_tag?post=3744"}],"curies":[{"name":"wp","href":"https:\/\/api.w.org\/{rel}","templated":true}]}}