{"id":3721,"date":"2025-09-17T10:45:49","date_gmt":"2025-09-17T08:45:49","guid":{"rendered":"https:\/\/boreait.com\/hu\/?post_type=product&#038;p=3721"},"modified":"2025-09-17T10:46:22","modified_gmt":"2025-09-17T08:46:22","slug":"asus-f550j-webkamera-kameramodul-04081-0005","status":"publish","type":"product","link":"https:\/\/boreait.com\/hu\/termek\/asus-f550j-webkamera-kameramodul-04081-0005\/","title":{"rendered":"ASUS F550J webkamera kameramodul 04081-0005"},"content":{"rendered":"<p>Fokozza ASUS F550J laptopja videokonferencia- \u00e9s multim\u00e9di\u00e1s k\u00e9pess\u00e9geit a 04081-0005 sz\u00e1m\u00fa ASUS F550J webkamera kameramodullal. A tiszta \u00e9s \u00e9les k\u00e9p megjelen\u00edt\u00e9s\u00e9re tervezett eredeti webkamera modul z\u00f6kken\u0151mentes integr\u00e1ci\u00f3t \u00e9s tov\u00e1bbfejlesztett videokommunik\u00e1ci\u00f3t biztos\u00edt a jobb sz\u00e1m\u00edt\u00e1stechnikai \u00e9lm\u00e9ny \u00e9rdek\u00e9ben.<\/p>\n<p>A sz\u00e1m\u00edt\u00e1stechnika egyik megb\u00edzhat\u00f3 neve, az ASUS \u00e1ltal gy\u00e1rtott 04081-0005 sz\u00e1m\u00fa webkamera-kameramodul megb\u00edzhat\u00f3 \u00e9s kiv\u00e1l\u00f3 min\u0151s\u00e9g\u0171 vide\u00f3r\u00f6gz\u00edt\u00e9st biztos\u00edt. Ak\u00e1r videokonferenci\u00e1kon vesz r\u00e9szt, ak\u00e1r vide\u00f3kat r\u00f6gz\u00edt, ak\u00e1r online cseveg\u00e9sben vesz r\u00e9szt, ez a kameramodul jav\u00edtja vizu\u00e1lis kommunik\u00e1ci\u00f3j\u00e1t.<\/p>\n<p>A telep\u00edt\u00e9s egyszer\u0171 a laptop eredeti alkatr\u00e9szeihez igazod\u00f3 kialak\u00edt\u00e1snak k\u00f6sz\u00f6nhet\u0151en. Az eredeti ASUS alkatr\u00e9szek kiv\u00e1laszt\u00e1s\u00e1val laptopja webkamer\u00e1j\u00e1nak min\u0151s\u00e9g\u00e9be \u00e9s megb\u00edzhat\u00f3s\u00e1g\u00e1ba fektet be.<\/p>\n<p>Friss\u00edtse laptopja webkamera k\u00e9pess\u00e9geit az ASUS F550J 04081-0005 sz\u00e1m\u00fa webkamera modullal. \u00c9lvezze a tiszt\u00e1bb \u00e9s \u00e9lesebb l\u00e1tv\u00e1nyt, a tov\u00e1bbfejlesztett videokommunik\u00e1ci\u00f3t \u00e9s a tov\u00e1bbfejlesztett multim\u00e9di\u00e1s \u00e9lm\u00e9nyt F550J laptopj\u00e1n. N\u00f6velje sz\u00e1m\u00edt\u00e1stechnikai \u00e9lm\u00e9ny\u00e9t ezzel a megb\u00edzhat\u00f3 \u00e9s hat\u00e9kony webkamera modullal.<\/p>\n<p>V\u00e1s\u00e1rl\u00e1s el\u0151tt ellen\u0151rizze, hogy kompatibilis-e az adott laptopmodellj\u00e9vel.<\/p>\n","protected":false},"excerpt":{"rendered":"<p>A 04081-0005 sz\u00e1m\u00fa ASUS F550J webkamera kameramodullal fokozza a videokonferenci\u00e1k \u00e9s a multim\u00e9di\u00e1s lehet\u0151s\u00e9geket ASUS F550J laptopj\u00e1n. \u00c9lvezze a tiszt\u00e1bb l\u00e1tv\u00e1nyt \u00e9s a jobb videokommunik\u00e1ci\u00f3t.<\/p>\n","protected":false},"featured_media":3768,"template":"","meta":[],"product_brand":[],"product_cat":[23],"product_tag":[30],"class_list":{"0":"post-3721","1":"product","2":"type-product","3":"status-publish","4":"has-post-thumbnail","6":"product_cat-laptop-camera","7":"product_tag-asus","9":"first","10":"instock","11":"taxable","12":"shipping-taxable","13":"purchasable","14":"product-type-simple"},"_links":{"self":[{"href":"https:\/\/boreait.com\/hu\/wp-json\/wp\/v2\/product\/3721","targetHints":{"allow":["GET"]}}],"collection":[{"href":"https:\/\/boreait.com\/hu\/wp-json\/wp\/v2\/product"}],"about":[{"href":"https:\/\/boreait.com\/hu\/wp-json\/wp\/v2\/types\/product"}],"wp:featuredmedia":[{"embeddable":true,"href":"https:\/\/boreait.com\/hu\/wp-json\/wp\/v2\/media\/3768"}],"wp:attachment":[{"href":"https:\/\/boreait.com\/hu\/wp-json\/wp\/v2\/media?parent=3721"}],"wp:term":[{"taxonomy":"product_brand","embeddable":true,"href":"https:\/\/boreait.com\/hu\/wp-json\/wp\/v2\/product_brand?post=3721"},{"taxonomy":"product_cat","embeddable":true,"href":"https:\/\/boreait.com\/hu\/wp-json\/wp\/v2\/product_cat?post=3721"},{"taxonomy":"product_tag","embeddable":true,"href":"https:\/\/boreait.com\/hu\/wp-json\/wp\/v2\/product_tag?post=3721"}],"curies":[{"name":"wp","href":"https:\/\/api.w.org\/{rel}","templated":true}]}}